{"id":1034,"date":"2015-10-04T12:10:26","date_gmt":"2015-10-04T10:10:26","guid":{"rendered":"http:\/\/www.bodofilmklubb.no\/?page_id=1034"},"modified":"2015-10-04T12:13:38","modified_gmt":"2015-10-04T10:13:38","slug":"film-ekstrem-feat-n%c3%b8dutgang-festivalen","status":"publish","type":"page","link":"https:\/\/www.bodofilmklubb.no\/index.php\/film-ekstrem-feat-n%c3%b8dutgang-festivalen\/","title":{"rendered":"Film ekstrem feat. N\u00f8dutgang festivalen"},"content":{"rendered":"<p>Filmklubben har ei stund drodlet p\u00e5 et samarbeid med Stormen bibliotek. Ting begynner \u00e5 falle p\u00e5 plass og f\u00f8rste stunt blir et samarbeid med N\u00f8dutgang festival.<\/p>\n<p>Det er biblioteket som vil st\u00e5 som arrang\u00f8r av visningen. Den store fordelen er at\u00a0 visningen med det kan b\u00e5de v\u00e5re \u00e5pen og gratis for alle. Ulempen er at det p\u00e5 grunn av lisensavtaler ikke kan annonseres hvilken konkret film det er som skal vises.<\/p>\n<p><strong>Tirsdag 6. oktober kl. 19.00 &#8211; Litteratursal Stormen bibliotek<\/strong><\/p>\n<p>Vi sl\u00e5r et slag for eksperimentel og sm\u00e5tt ekstrem film med visning av en japansk &laquo;cyberpunk&raquo;-kultfilm fra 1989. Heftig bilde og lyd er garantert.<\/p>\n<p>N\u00f8dutgang festivalen bidrar med 3 filmer av Carolina Diaz, akkompagnert live av Mouches Volantes!<\/p>\n<p>Fri entr\u00e9 &#8211; Aldersgrense 15 \u00e5r.<\/p>\n","protected":false},"excerpt":{"rendered":"<p>Filmklubben har ei stund drodlet p\u00e5 et samarbeid med Stormen bibliotek. Ting begynner \u00e5 falle p\u00e5 plass og f\u00f8rste stunt blir et samarbeid med N\u00f8dutgang festival. Det er biblioteket som vil st\u00e5 som arrang\u00f8r av visningen. Den store fordelen er at\u00a0 visningen med det kan b\u00e5de v\u00e5re \u00e5pen og gratis for alle. Ulempen er at [&hellip;]<\/p>\n","protected":false},"author":2,"featured_media":0,"parent":0,"menu_order":0,"comment_status":"open","ping_status":"open","template":"","meta":{"footnotes":""},"class_list":["post-1034","page","type-page","status-publish","hentry"],"_links":{"self":[{"href":"https:\/\/www.bodofilmklubb.no\/index.php\/wp-json\/wp\/v2\/pages\/1034","targetHints":{"allow":["GET"]}}],"collection":[{"href":"https:\/\/www.bodofilmklubb.no\/index.php\/wp-json\/wp\/v2\/pages"}],"about":[{"href":"https:\/\/www.bodofilmklubb.no\/index.php\/wp-json\/wp\/v2\/types\/page"}],"author":[{"embeddable":true,"href":"https:\/\/www.bodofilmklubb.no\/index.php\/wp-json\/wp\/v2\/users\/2"}],"replies":[{"embeddable":true,"href":"https:\/\/www.bodofilmklubb.no\/index.php\/wp-json\/wp\/v2\/comments?post=1034"}],"version-history":[{"count":2,"href":"https:\/\/www.bodofilmklubb.no\/index.php\/wp-json\/wp\/v2\/pages\/1034\/revisions"}],"predecessor-version":[{"id":1036,"href":"https:\/\/www.bodofilmklubb.no\/index.php\/wp-json\/wp\/v2\/pages\/1034\/revisions\/1036"}],"wp:attachment":[{"href":"https:\/\/www.bodofilmklubb.no\/index.php\/wp-json\/wp\/v2\/media?parent=1034"}],"curies":[{"name":"wp","href":"https:\/\/api.w.org\/{rel}","templated":true}]}}