{"id":1133,"date":"2016-09-18T13:15:13","date_gmt":"2016-09-18T11:15:13","guid":{"rendered":"http:\/\/www.bodofilmklubb.no\/?page_id=1133"},"modified":"2016-09-18T13:15:13","modified_gmt":"2016-09-18T11:15:13","slug":"smafugler","status":"publish","type":"page","link":"https:\/\/www.bodofilmklubb.no\/index.php\/smafugler\/","title":{"rendered":"Sm\u00e5fugler"},"content":{"rendered":"<p class=\"MsoNormal\"><span style=\"mso-ansi-language: NO-BOK;\">Island gj\u00f8r det bare igjen og igjen. Det er s\u00e5 mye bra film som kommer fra lilleputt nasjonen og <strong style=\"mso-bidi-font-weight: normal;\"><em style=\"mso-bidi-font-style: normal;\">Sm\u00e5fugler<\/em><\/strong> er enda et nytt eksempel. <br style=\"mso-special-character: line-break;\" \/> <br style=\"mso-special-character: line-break;\" \/> <\/span><\/p>\n<p class=\"MsoNormal\"><span style=\"mso-ansi-language: NO-BOK;\">Filmen kom i norsk kinodistribusjon p\u00e5 en veldig spesiell m\u00e5te:<br \/>\n<\/span><span lang=\"EN-GB\">Prosjektet Scope100, en helt ny m\u00e5te \u00e5 tenke  distribusjon p\u00e5. 100 filmentusiaster fra hele landet fikk i oppdrag \u00e5  stemme frem \u00e5rets sommerfilm fra Arthaus. Deltagerne fikk sett ti  europeiske filmer og valgte deretter ut sin favoritt. <strong><em style=\"mso-bidi-font-style: normal;\">Sm\u00e5fugler<\/em> <\/strong>vant med klar margin.<\/span><\/p>\n<p class=\"MsoNormal\"><span style=\"mso-ansi-language: NO-BOK;\">Sm\u00e5fugler er en coming-of-age fortelling satt til tiden etter Islands \u00f8konomiske kollaps. <\/span><\/p>\n<p class=\"MsoNormal\"><span style=\"mso-ansi-language: NO-BOK;\"><a href=\"http:\/\/p3.no\/filmpolitiet\/2016\/06\/smafugler\/\">Omtale<\/a>.<\/span><\/p>\n<p class=\"MsoNormal\"><span style=\"mso-ansi-language: NO-BOK;\"><a href=\"https:\/\/www.youtube.com\/watch?v=4rjWEGdI_sU\">Trailer<\/a>.<\/span><\/p>\n","protected":false},"excerpt":{"rendered":"<p>Island gj\u00f8r det bare igjen og igjen. Det er s\u00e5 mye bra film som kommer fra lilleputt nasjonen og Sm\u00e5fugler er enda et nytt eksempel. Filmen kom i norsk kinodistribusjon p\u00e5 en veldig spesiell m\u00e5te: Prosjektet Scope100, en helt ny m\u00e5te \u00e5 tenke distribusjon p\u00e5. 100 filmentusiaster fra hele landet fikk i oppdrag \u00e5 stemme [&hellip;]<\/p>\n","protected":false},"author":2,"featured_media":0,"parent":0,"menu_order":0,"comment_status":"open","ping_status":"open","template":"","meta":{"footnotes":""},"class_list":["post-1133","page","type-page","status-publish","hentry"],"_links":{"self":[{"href":"https:\/\/www.bodofilmklubb.no\/index.php\/wp-json\/wp\/v2\/pages\/1133","targetHints":{"allow":["GET"]}}],"collection":[{"href":"https:\/\/www.bodofilmklubb.no\/index.php\/wp-json\/wp\/v2\/pages"}],"about":[{"href":"https:\/\/www.bodofilmklubb.no\/index.php\/wp-json\/wp\/v2\/types\/page"}],"author":[{"embeddable":true,"href":"https:\/\/www.bodofilmklubb.no\/index.php\/wp-json\/wp\/v2\/users\/2"}],"replies":[{"embeddable":true,"href":"https:\/\/www.bodofilmklubb.no\/index.php\/wp-json\/wp\/v2\/comments?post=1133"}],"version-history":[{"count":1,"href":"https:\/\/www.bodofilmklubb.no\/index.php\/wp-json\/wp\/v2\/pages\/1133\/revisions"}],"predecessor-version":[{"id":1134,"href":"https:\/\/www.bodofilmklubb.no\/index.php\/wp-json\/wp\/v2\/pages\/1133\/revisions\/1134"}],"wp:attachment":[{"href":"https:\/\/www.bodofilmklubb.no\/index.php\/wp-json\/wp\/v2\/media?parent=1133"}],"curies":[{"name":"wp","href":"https:\/\/api.w.org\/{rel}","templated":true}]}}