{"id":1140,"date":"2016-09-18T16:00:19","date_gmt":"2016-09-18T14:00:19","guid":{"rendered":"http:\/\/www.bodofilmklubb.no\/?page_id=1140"},"modified":"2016-09-18T16:00:19","modified_gmt":"2016-09-18T14:00:19","slug":"a-bigger-splash","status":"publish","type":"page","link":"https:\/\/www.bodofilmklubb.no\/index.php\/a-bigger-splash\/","title":{"rendered":"A Bigger Splash"},"content":{"rendered":"<p>En nyinnspilling av den klassiske franske thrilleren \u00abLa Piscine\u00bb, med\u00a0Tilda Swinton i hovedrollen.<\/p>\n<p>Rockestjernen Marianne Lane og kj\u00e6resten Paul ferierer p\u00e5 Sicilia. Vi  f\u00e5r et glimt av deres nakne kropper som nyter sola og hverandre, f\u00f8r  idyllen brytes av ankomsten til Mariannes ekskj\u00e6reste Harry. Paret som  skulle nyte en tilbaketrukket tilv\u00e6relse invaderes n\u00e5 av en brautende,  selvgod pratmaker som ogs\u00e5 har med seg sin nyoppdagede 22-\u00e5rige datter.  Slanger i paradiset! <em>A Bigger Splash<\/em> er en frisk og freidig film, sexy og forf\u00f8rende, men som et godt Rolling Stones-album, med en m\u00f8rk undertone.<\/p>\n<p>Luca Guadagnino (regiss\u00f8ren av <em>I Am Love<\/em> fra 2009, med mer)  er tilbake med et overfl\u00f8dighetshorn av en film, en film som ikke nekter  seg noe og som tar sjanse p\u00e5 sjanse. En av de st\u00f8rste av disse er  utvilsomt at hovedpersonen Marianne, spilt av Tilda Swinton, knapt er i  stand til \u00e5 snakke p\u00e5 grunn av en strupeoperasjon. Med Swintons  detaljerte mimikk og rutinerte fysiske spill blir dette grepet en  triumf, med tause Marianne som kontrast til Ralph Fiennes\u2019 utagerende og  verbale Harry. A Bigger Splash har en forf\u00f8rerisk s\u00f8ritaliensk tone,  den er lumsk som Hitchcock eller <em>Den talenfulle Mr. Ripley<\/em>, og  den har en aura av Rolling Stones\u2019 dekadente tilv\u00e6relse p\u00e5 kontinentet  sent p\u00e5 60-tallet, en stemning som for noen kan f\u00f8les allerede f\u00f8r  bandets musikk og karriere faktisk blir en liten del av historien i  filmen. I tillegg til \u00e5 v\u00e6re vittig og cool er <em>A Bigger Splash<\/em> faktiskogs\u00e5 en samfunnsbevisst og dagsaktuell film, der den utspiller  seg p\u00e5 det som n\u00e6rmest er Europas d\u00f8rstokk for tusenvis av  b\u00e5tflyktninger i Middelhavet. Det er dette faktum som gir den lokale  sicilianske politisjefen muligheten til \u00e5 avlevere den beste replikken i  hele filmen, n\u00e5r noen fors\u00f8ker \u00e5 antyde at det kan v\u00e6re noen av de  ankomne migrantene som st\u00e5r bak en alvorlig forbrytelse: \u00abJeg skal g\u00e5 og  sp\u00f8rre dem. De kan umulig bli mer forn\u00e6rmet enn de allerede har blitt  p\u00e5 veien hit.\u00bb (Kosmorama)<\/p>\n<p><a href=\"https:\/\/www.youtube.com\/watch?v=1mOVgI0-pb4\">Trailer<\/a>.<\/p>\n<p>To gode grunner for \u00e5 se filmen: Tilda Swinton og Ralph Fiennes!<\/p>\n","protected":false},"excerpt":{"rendered":"<p>En nyinnspilling av den klassiske franske thrilleren \u00abLa Piscine\u00bb, med\u00a0Tilda Swinton i hovedrollen. Rockestjernen Marianne Lane og kj\u00e6resten Paul ferierer p\u00e5 Sicilia. Vi f\u00e5r et glimt av deres nakne kropper som nyter sola og hverandre, f\u00f8r idyllen brytes av ankomsten til Mariannes ekskj\u00e6reste Harry. Paret som skulle nyte en tilbaketrukket tilv\u00e6relse invaderes n\u00e5 av en [&hellip;]<\/p>\n","protected":false},"author":2,"featured_media":0,"parent":0,"menu_order":0,"comment_status":"open","ping_status":"open","template":"","meta":{"footnotes":""},"class_list":["post-1140","page","type-page","status-publish","hentry"],"_links":{"self":[{"href":"https:\/\/www.bodofilmklubb.no\/index.php\/wp-json\/wp\/v2\/pages\/1140","targetHints":{"allow":["GET"]}}],"collection":[{"href":"https:\/\/www.bodofilmklubb.no\/index.php\/wp-json\/wp\/v2\/pages"}],"about":[{"href":"https:\/\/www.bodofilmklubb.no\/index.php\/wp-json\/wp\/v2\/types\/page"}],"author":[{"embeddable":true,"href":"https:\/\/www.bodofilmklubb.no\/index.php\/wp-json\/wp\/v2\/users\/2"}],"replies":[{"embeddable":true,"href":"https:\/\/www.bodofilmklubb.no\/index.php\/wp-json\/wp\/v2\/comments?post=1140"}],"version-history":[{"count":1,"href":"https:\/\/www.bodofilmklubb.no\/index.php\/wp-json\/wp\/v2\/pages\/1140\/revisions"}],"predecessor-version":[{"id":1141,"href":"https:\/\/www.bodofilmklubb.no\/index.php\/wp-json\/wp\/v2\/pages\/1140\/revisions\/1141"}],"wp:attachment":[{"href":"https:\/\/www.bodofilmklubb.no\/index.php\/wp-json\/wp\/v2\/media?parent=1140"}],"curies":[{"name":"wp","href":"https:\/\/api.w.org\/{rel}","templated":true}]}}