{"id":1147,"date":"2016-09-18T16:54:33","date_gmt":"2016-09-18T14:54:33","guid":{"rendered":"http:\/\/www.bodofilmklubb.no\/?page_id=1147"},"modified":"2016-09-18T16:56:10","modified_gmt":"2016-09-18T14:56:10","slug":"i-skyggen-av-kvinner","status":"publish","type":"page","link":"https:\/\/www.bodofilmklubb.no\/index.php\/i-skyggen-av-kvinner\/","title":{"rendered":"I skyggen av kvinner"},"content":{"rendered":"<p>Fransk film 1:<\/p>\n<p>En liten og smart fransk godbit.<\/p>\n<p>Filmet i filmspr\u00e5k som g\u00e5r i fotsporene til fransk nyb\u00f8lge er dette et typisk fransk drama om ekteskap, utroskap og kj\u00f8nnsstereotyper.<\/p>\n<p><a href=\"http:\/\/filmmagasinet.no\/movies\/skyggen-av-kvinner\/\">Omtale<\/a>.<\/p>\n<p><a href=\"https:\/\/www.youtube.com\/watch?v=CkZTtSkwczY\">Trailer<\/a>.<\/p>\n","protected":false},"excerpt":{"rendered":"<p>Fransk film 1: En liten og smart fransk godbit. Filmet i filmspr\u00e5k som g\u00e5r i fotsporene til fransk nyb\u00f8lge er dette et typisk fransk drama om ekteskap, utroskap og kj\u00f8nnsstereotyper. Omtale. Trailer.<\/p>\n","protected":false},"author":2,"featured_media":0,"parent":0,"menu_order":0,"comment_status":"open","ping_status":"open","template":"","meta":{"footnotes":""},"class_list":["post-1147","page","type-page","status-publish","hentry"],"_links":{"self":[{"href":"https:\/\/www.bodofilmklubb.no\/index.php\/wp-json\/wp\/v2\/pages\/1147","targetHints":{"allow":["GET"]}}],"collection":[{"href":"https:\/\/www.bodofilmklubb.no\/index.php\/wp-json\/wp\/v2\/pages"}],"about":[{"href":"https:\/\/www.bodofilmklubb.no\/index.php\/wp-json\/wp\/v2\/types\/page"}],"author":[{"embeddable":true,"href":"https:\/\/www.bodofilmklubb.no\/index.php\/wp-json\/wp\/v2\/users\/2"}],"replies":[{"embeddable":true,"href":"https:\/\/www.bodofilmklubb.no\/index.php\/wp-json\/wp\/v2\/comments?post=1147"}],"version-history":[{"count":3,"href":"https:\/\/www.bodofilmklubb.no\/index.php\/wp-json\/wp\/v2\/pages\/1147\/revisions"}],"predecessor-version":[{"id":1151,"href":"https:\/\/www.bodofilmklubb.no\/index.php\/wp-json\/wp\/v2\/pages\/1147\/revisions\/1151"}],"wp:attachment":[{"href":"https:\/\/www.bodofilmklubb.no\/index.php\/wp-json\/wp\/v2\/media?parent=1147"}],"curies":[{"name":"wp","href":"https:\/\/api.w.org\/{rel}","templated":true}]}}