{"id":1152,"date":"2016-09-18T17:02:29","date_gmt":"2016-09-18T15:02:29","guid":{"rendered":"http:\/\/www.bodofilmklubb.no\/?page_id=1152"},"modified":"2016-09-18T17:02:29","modified_gmt":"2016-09-18T15:02:29","slug":"mine-beste-dager","status":"publish","type":"page","link":"https:\/\/www.bodofilmklubb.no\/index.php\/mine-beste-dager\/","title":{"rendered":"Mine beste dager"},"content":{"rendered":"<p>Fransk film 2:<\/p>\n<p><em><strong>Mine beste dager<\/strong><\/em> er en oppvekstskildring av det beste slaget \u2013 en film  der alvor og sjarme avl\u00f8ser hverandre med eleganse, og fortellingen er  forf\u00f8rende og g\u00e5tefull p\u00e5 en m\u00e5te som fransk film p\u00e5 sitt beste.<\/p>\n<p><a href=\"http:\/\/www.aftenposten.no\/osloby\/byliv\/Mine-beste-dager-En-veldig-fransk-dannelsesreise-61536b.html\">Omtale<\/a>.<\/p>\n<p><a href=\"https:\/\/www.youtube.com\/watch?v=4-wv2ClU6gA\">Trailer<\/a>.<\/p>\n","protected":false},"excerpt":{"rendered":"<p>Fransk film 2: Mine beste dager er en oppvekstskildring av det beste slaget \u2013 en film der alvor og sjarme avl\u00f8ser hverandre med eleganse, og fortellingen er forf\u00f8rende og g\u00e5tefull p\u00e5 en m\u00e5te som fransk film p\u00e5 sitt beste. Omtale. Trailer.<\/p>\n","protected":false},"author":2,"featured_media":0,"parent":0,"menu_order":0,"comment_status":"open","ping_status":"open","template":"","meta":{"footnotes":""},"class_list":["post-1152","page","type-page","status-publish","hentry"],"_links":{"self":[{"href":"https:\/\/www.bodofilmklubb.no\/index.php\/wp-json\/wp\/v2\/pages\/1152","targetHints":{"allow":["GET"]}}],"collection":[{"href":"https:\/\/www.bodofilmklubb.no\/index.php\/wp-json\/wp\/v2\/pages"}],"about":[{"href":"https:\/\/www.bodofilmklubb.no\/index.php\/wp-json\/wp\/v2\/types\/page"}],"author":[{"embeddable":true,"href":"https:\/\/www.bodofilmklubb.no\/index.php\/wp-json\/wp\/v2\/users\/2"}],"replies":[{"embeddable":true,"href":"https:\/\/www.bodofilmklubb.no\/index.php\/wp-json\/wp\/v2\/comments?post=1152"}],"version-history":[{"count":1,"href":"https:\/\/www.bodofilmklubb.no\/index.php\/wp-json\/wp\/v2\/pages\/1152\/revisions"}],"predecessor-version":[{"id":1153,"href":"https:\/\/www.bodofilmklubb.no\/index.php\/wp-json\/wp\/v2\/pages\/1152\/revisions\/1153"}],"wp:attachment":[{"href":"https:\/\/www.bodofilmklubb.no\/index.php\/wp-json\/wp\/v2\/media?parent=1152"}],"curies":[{"name":"wp","href":"https:\/\/api.w.org\/{rel}","templated":true}]}}