{"id":1155,"date":"2016-09-18T17:16:10","date_gmt":"2016-09-18T15:16:10","guid":{"rendered":"http:\/\/www.bodofilmklubb.no\/?page_id=1155"},"modified":"2016-09-18T17:16:10","modified_gmt":"2016-09-18T15:16:10","slug":"midnight-special","status":"publish","type":"page","link":"https:\/\/www.bodofilmklubb.no\/index.php\/midnight-special\/","title":{"rendered":"Midnight Special"},"content":{"rendered":"<p>Jeff Nichols film fikk dessverre ikke ordin\u00e6r kinodistribusjon her i landet. Tatt i betraktning suksessen som Netflix har med <em>Stranger Things<\/em> kunne det egentlig ha v\u00e6rt verdt et fors\u00f8k. Som serien har <em>Midnight Special <\/em>klare referanser til 1980-talls John Carpenter og Steven Spielberg filmer.<\/p>\n<p>Nichols er mannen bak fantastiske filmer som <em>Mud <\/em>og <em>Take Shelter<\/em> (begge har v\u00e6rt med i tidligere filmklubbprogrammer). Han er n\u00e5 en av amerikansk films store uavhengige filmskapere. Tatt i betraktning at <em>Midnight Special <\/em>p\u00e5 utsiden er en Science-Fiction fortelling kan man ikke se bort fra at Nichols en vakker dag redder amerikansk sjangerfilm ut av superheltgr\u00f8fta.<\/p>\n<p><em>Midnight Special<\/em> er mest av alt en far-s\u00f8nn fortelling med eminente Michael Shannon i hovedrollen. Den burde s\u00e5 absolutt oppleves p\u00e5 kino.<\/p>\n<p><a href=\"http:\/\/www.dagbladet.no\/kultur\/arets-beste-superheltfilm-vises-kun-pa-cinematekene\/60368880\">Omtale<\/a>.<\/p>\n<p><a href=\"https:\/\/www.youtube.com\/watch?v=8UU_CC81aGM\">Trailer<\/a>.<\/p>\n","protected":false},"excerpt":{"rendered":"<p>Jeff Nichols film fikk dessverre ikke ordin\u00e6r kinodistribusjon her i landet. Tatt i betraktning suksessen som Netflix har med Stranger Things kunne det egentlig ha v\u00e6rt verdt et fors\u00f8k. Som serien har Midnight Special klare referanser til 1980-talls John Carpenter og Steven Spielberg filmer. Nichols er mannen bak fantastiske filmer som Mud og Take Shelter [&hellip;]<\/p>\n","protected":false},"author":2,"featured_media":0,"parent":0,"menu_order":0,"comment_status":"open","ping_status":"open","template":"","meta":{"footnotes":""},"class_list":["post-1155","page","type-page","status-publish","hentry"],"_links":{"self":[{"href":"https:\/\/www.bodofilmklubb.no\/index.php\/wp-json\/wp\/v2\/pages\/1155","targetHints":{"allow":["GET"]}}],"collection":[{"href":"https:\/\/www.bodofilmklubb.no\/index.php\/wp-json\/wp\/v2\/pages"}],"about":[{"href":"https:\/\/www.bodofilmklubb.no\/index.php\/wp-json\/wp\/v2\/types\/page"}],"author":[{"embeddable":true,"href":"https:\/\/www.bodofilmklubb.no\/index.php\/wp-json\/wp\/v2\/users\/2"}],"replies":[{"embeddable":true,"href":"https:\/\/www.bodofilmklubb.no\/index.php\/wp-json\/wp\/v2\/comments?post=1155"}],"version-history":[{"count":1,"href":"https:\/\/www.bodofilmklubb.no\/index.php\/wp-json\/wp\/v2\/pages\/1155\/revisions"}],"predecessor-version":[{"id":1156,"href":"https:\/\/www.bodofilmklubb.no\/index.php\/wp-json\/wp\/v2\/pages\/1155\/revisions\/1156"}],"wp:attachment":[{"href":"https:\/\/www.bodofilmklubb.no\/index.php\/wp-json\/wp\/v2\/media?parent=1155"}],"curies":[{"name":"wp","href":"https:\/\/api.w.org\/{rel}","templated":true}]}}