{"id":1161,"date":"2016-09-18T17:25:00","date_gmt":"2016-09-18T15:25:00","guid":{"rendered":"http:\/\/www.bodofilmklubb.no\/?page_id=1161"},"modified":"2016-09-18T17:25:00","modified_gmt":"2016-09-18T15:25:00","slug":"embrace-of-the-serpent","status":"publish","type":"page","link":"https:\/\/www.bodofilmklubb.no\/index.php\/embrace-of-the-serpent\/","title":{"rendered":"Embrace of the Serpent"},"content":{"rendered":"<p>Nydelig filmet &#8211; Amazonas i svart-hvitt!<\/p>\n<p>Spenningen mellom overtro og vitenskap, kolonimakt og de innf\u00f8dte,   sivilisasjon og barbari, fungerer som underspilte overtoner i denne   sakteg\u00e5ende, men suggererende fortellingen om to antropologer p\u00e5   oppdagelsesferd i Amazonas.<\/p>\n<p>Filmen er basert p\u00e5 dagb\u00f8kene til antropologene Theodor Koch-Gr\u00fcnberg   og Richard Evan Schultes, som begge reiste i det indre Amazonas.  Filmen  veksler mellom reisen til Theodor som fant sted i 1909 og den   p\u00e5f\u00f8lgende reisen til Richard i 1940. De f\u00f8lger samme vei, og det viser   seg raskt at de blir ledet av samme guide, shamanen Karamakate \u2013 den   siste overlevende i sin stamme. De er begge tilsynelatende p\u00e5 jakt etter   yakruna, en hellig plante som skal kunne helbrede enhver sykdom.  Ferden  til de to antropologene er ikke fylt med fart og h\u00f8yt tempo, men  heller  med poesi, barbari, overtro og ikke minst, magi.<\/p>\n<p>I motsetning til mange andre fortellinger om m\u00f8tet mellom uoppdagede   stammer og vestlige antropologer, ligger ikke fokuset her kun p\u00e5  hvordan  vesten \u00f8dela deres kultur, men ogs\u00e5 p\u00e5 hvordan de vestlige  bes\u00f8kende  selv f\u00e5r utfordret sine prinsipper og metoder. Ikke bare m\u00e5  de f\u00f8ye seg,  de blir ogs\u00e5 fanget av overbevisningene og tradisjonene  til stammen de  skal studere.<\/p>\n<p>Og mens Gr\u00fcnberg skal ha skrevet i sine dagb\u00f8ker at Amazonas er for   vakkert til \u00e5 beskrives med ord, makter regiss\u00f8r Ciro Guerra \u00e5 l\u00f8fte   naturens skj\u00f8nnhet til nye h\u00f8yder i fascinerende og oppslukende   svart-hvitt panoramaer av ferden gjennom Amazonas\u2019 regnskog.<\/p>\n<p>Colombianske Ciro Guerra (f. 1981) er blant S\u00f8r-Amerikas fremste   regiss\u00f8rer, og vi viser alle de tre filmene Guerra har regissert. The   Wanderer\u2019s Shadow (2004), Djevelens Trekkspill som gikk p\u00e5 norske kinoer   til str\u00e5lende anmeldelser i 2009 og hans nyeste Embrace of the Serpent   (2015) som vant pris under \u00e5rets Cannes-festival. (<em>Film fra S\u00f8r<\/em>)<\/p>\n<p>NB: Tekstet p\u00e5 engelsk<\/p>\n<p><a href=\"https:\/\/www.youtube.com\/watch?v=4ff7TcnqHUc\">Trailer<\/a><\/p>\n","protected":false},"excerpt":{"rendered":"<p>Nydelig filmet &#8211; Amazonas i svart-hvitt! Spenningen mellom overtro og vitenskap, kolonimakt og de innf\u00f8dte, sivilisasjon og barbari, fungerer som underspilte overtoner i denne sakteg\u00e5ende, men suggererende fortellingen om to antropologer p\u00e5 oppdagelsesferd i Amazonas. Filmen er basert p\u00e5 dagb\u00f8kene til antropologene Theodor Koch-Gr\u00fcnberg og Richard Evan Schultes, som begge reiste i det indre Amazonas. [&hellip;]<\/p>\n","protected":false},"author":2,"featured_media":0,"parent":0,"menu_order":0,"comment_status":"open","ping_status":"open","template":"","meta":{"footnotes":""},"class_list":["post-1161","page","type-page","status-publish","hentry"],"_links":{"self":[{"href":"https:\/\/www.bodofilmklubb.no\/index.php\/wp-json\/wp\/v2\/pages\/1161","targetHints":{"allow":["GET"]}}],"collection":[{"href":"https:\/\/www.bodofilmklubb.no\/index.php\/wp-json\/wp\/v2\/pages"}],"about":[{"href":"https:\/\/www.bodofilmklubb.no\/index.php\/wp-json\/wp\/v2\/types\/page"}],"author":[{"embeddable":true,"href":"https:\/\/www.bodofilmklubb.no\/index.php\/wp-json\/wp\/v2\/users\/2"}],"replies":[{"embeddable":true,"href":"https:\/\/www.bodofilmklubb.no\/index.php\/wp-json\/wp\/v2\/comments?post=1161"}],"version-history":[{"count":1,"href":"https:\/\/www.bodofilmklubb.no\/index.php\/wp-json\/wp\/v2\/pages\/1161\/revisions"}],"predecessor-version":[{"id":1162,"href":"https:\/\/www.bodofilmklubb.no\/index.php\/wp-json\/wp\/v2\/pages\/1161\/revisions\/1162"}],"wp:attachment":[{"href":"https:\/\/www.bodofilmklubb.no\/index.php\/wp-json\/wp\/v2\/media?parent=1161"}],"curies":[{"name":"wp","href":"https:\/\/api.w.org\/{rel}","templated":true}]}}