{"id":1172,"date":"2016-09-23T19:17:47","date_gmt":"2016-09-23T17:17:47","guid":{"rendered":"http:\/\/www.bodofilmklubb.no\/?page_id=1172"},"modified":"2016-09-23T19:22:51","modified_gmt":"2016-09-23T17:22:51","slug":"ghostbusters-2016","status":"publish","type":"page","link":"https:\/\/www.bodofilmklubb.no\/index.php\/ghostbusters-2016\/","title":{"rendered":"Ghostbusters 2016"},"content":{"rendered":"<p>Dessverre m\u00e5 vi endre programmet og tittel p\u00e5 v\u00e5r f\u00f8rste l\u00f8rdagsfilm dagen f\u00f8r det hele skal brake l\u00f8s&#8230;<\/p>\n<p>At det ikke er v\u00e5r skyld er vel bare en mager tr\u00f8st. Det er ikke s\u00e5 mye vi kan gj\u00f8re med situasjoen p\u00e5 s\u00e5 kort varsel, men Fram kino har g\u00e5tt p\u00e5 loftet og sett gjennom det som ligger og slenger av film der. Det beste vi kunne ende opp med i denne situasjonen blir nyoppdateringen av <em><strong><a href=\"http:\/\/www.filmweb.no\/film\/article878113.ece#factsHeader\">Ghostbusters <\/a><\/strong><\/em>som kom p\u00e5 kino i sommer.<\/p>\n<p>N\u00e5r situasjonen f\u00f8rst er s\u00e5 kjedelig som den n\u00e5 ble, kan vi vel likegjerne tr\u00f8ste oss med litt Hollywood. Og s\u00e5 er det muligens av interesse \u00e5 se filmen p\u00e5 bakgrunn av originalen (som vi viste til 30-\u00e5rs jubileet i fjor) og den store diskusjonen filmen utl\u00f8ste i USA n\u00e5r det ble klar at alle hovedrollene skulle fylles av kvinner.<\/p>\n","protected":false},"excerpt":{"rendered":"<p>Dessverre m\u00e5 vi endre programmet og tittel p\u00e5 v\u00e5r f\u00f8rste l\u00f8rdagsfilm dagen f\u00f8r det hele skal brake l\u00f8s&#8230; At det ikke er v\u00e5r skyld er vel bare en mager tr\u00f8st. Det er ikke s\u00e5 mye vi kan gj\u00f8re med situasjoen p\u00e5 s\u00e5 kort varsel, men Fram kino har g\u00e5tt p\u00e5 loftet og sett gjennom det [&hellip;]<\/p>\n","protected":false},"author":2,"featured_media":0,"parent":0,"menu_order":0,"comment_status":"open","ping_status":"open","template":"","meta":{"footnotes":""},"class_list":["post-1172","page","type-page","status-publish","hentry"],"_links":{"self":[{"href":"https:\/\/www.bodofilmklubb.no\/index.php\/wp-json\/wp\/v2\/pages\/1172","targetHints":{"allow":["GET"]}}],"collection":[{"href":"https:\/\/www.bodofilmklubb.no\/index.php\/wp-json\/wp\/v2\/pages"}],"about":[{"href":"https:\/\/www.bodofilmklubb.no\/index.php\/wp-json\/wp\/v2\/types\/page"}],"author":[{"embeddable":true,"href":"https:\/\/www.bodofilmklubb.no\/index.php\/wp-json\/wp\/v2\/users\/2"}],"replies":[{"embeddable":true,"href":"https:\/\/www.bodofilmklubb.no\/index.php\/wp-json\/wp\/v2\/comments?post=1172"}],"version-history":[{"count":2,"href":"https:\/\/www.bodofilmklubb.no\/index.php\/wp-json\/wp\/v2\/pages\/1172\/revisions"}],"predecessor-version":[{"id":1174,"href":"https:\/\/www.bodofilmklubb.no\/index.php\/wp-json\/wp\/v2\/pages\/1172\/revisions\/1174"}],"wp:attachment":[{"href":"https:\/\/www.bodofilmklubb.no\/index.php\/wp-json\/wp\/v2\/media?parent=1172"}],"curies":[{"name":"wp","href":"https:\/\/api.w.org\/{rel}","templated":true}]}}