{"id":1237,"date":"2017-01-23T19:42:14","date_gmt":"2017-01-23T17:42:14","guid":{"rendered":"http:\/\/www.bodofilmklubb.no\/?page_id=1237"},"modified":"2017-01-23T19:42:23","modified_gmt":"2017-01-23T17:42:23","slug":"yarden","status":"publish","type":"page","link":"https:\/\/www.bodofilmklubb.no\/index.php\/yarden\/","title":{"rendered":"Yarden"},"content":{"rendered":"<p>Ny svensk film! M\u00e5ns M\u00e5nssons film forteller om en forfatter som ikke har r\u00e5d til \u00e5 betale restskatten, og som i mangel p\u00e5  bedre alternativer tar seg jobb med \u00e5 parkere biler p\u00e5 havna i Malm\u00f8.<\/p>\n<p>Som bare svenskene kan blander Yarden komikk og sosialrealisme til et resultat som er blitt sammenlignet som en blanding av Kafka og Roy Andersson.<\/p>\n<p><a href=\"http:\/\/www.filmweb.no\/film\/article1263696.ece\">Info om filmen<\/a><\/p>\n<p><a href=\"https:\/\/www.youtube.com\/watch?v=ZAhx7E1eWXw\">Trailer<\/a><\/p>\n","protected":false},"excerpt":{"rendered":"<p>Ny svensk film! M\u00e5ns M\u00e5nssons film forteller om en forfatter som ikke har r\u00e5d til \u00e5 betale restskatten, og som i mangel p\u00e5 bedre alternativer tar seg jobb med \u00e5 parkere biler p\u00e5 havna i Malm\u00f8. Som bare svenskene kan blander Yarden komikk og sosialrealisme til et resultat som er blitt sammenlignet som en blanding [&hellip;]<\/p>\n","protected":false},"author":2,"featured_media":0,"parent":0,"menu_order":0,"comment_status":"open","ping_status":"open","template":"","meta":{"footnotes":""},"class_list":["post-1237","page","type-page","status-publish","hentry"],"_links":{"self":[{"href":"https:\/\/www.bodofilmklubb.no\/index.php\/wp-json\/wp\/v2\/pages\/1237","targetHints":{"allow":["GET"]}}],"collection":[{"href":"https:\/\/www.bodofilmklubb.no\/index.php\/wp-json\/wp\/v2\/pages"}],"about":[{"href":"https:\/\/www.bodofilmklubb.no\/index.php\/wp-json\/wp\/v2\/types\/page"}],"author":[{"embeddable":true,"href":"https:\/\/www.bodofilmklubb.no\/index.php\/wp-json\/wp\/v2\/users\/2"}],"replies":[{"embeddable":true,"href":"https:\/\/www.bodofilmklubb.no\/index.php\/wp-json\/wp\/v2\/comments?post=1237"}],"version-history":[{"count":2,"href":"https:\/\/www.bodofilmklubb.no\/index.php\/wp-json\/wp\/v2\/pages\/1237\/revisions"}],"predecessor-version":[{"id":1239,"href":"https:\/\/www.bodofilmklubb.no\/index.php\/wp-json\/wp\/v2\/pages\/1237\/revisions\/1239"}],"wp:attachment":[{"href":"https:\/\/www.bodofilmklubb.no\/index.php\/wp-json\/wp\/v2\/media?parent=1237"}],"curies":[{"name":"wp","href":"https:\/\/api.w.org\/{rel}","templated":true}]}}