{"id":1241,"date":"2017-01-23T19:57:04","date_gmt":"2017-01-23T17:57:04","guid":{"rendered":"http:\/\/www.bodofilmklubb.no\/?page_id=1241"},"modified":"2017-01-23T19:59:54","modified_gmt":"2017-01-23T17:59:54","slug":"insomnia-1997","status":"publish","type":"page","link":"https:\/\/www.bodofilmklubb.no\/index.php\/insomnia-1997\/","title":{"rendered":"Insomnia (1997)"},"content":{"rendered":"<p>Erik Skjoldbj\u00e6rgs moderne norske klassiker fyller utrolig nok 20 \u00e5r. P\u00e5 tide \u00e5 l\u00f8fte filmen, som med rette regnes som en av Norges beste filmer, tilbake p\u00e5 lerretet.<\/p>\n<p>En ny generasjon filminteresserte burde vel st\u00e5 klar til \u00e5 oppdage dette eksistensielle dramaet under nordnorsk midnattsol. For oss andre som husker 20 \u00e5r tilbake blir det et spennende gjensyn med Stellan Skarsg\u00e5rd.<\/p>\n<p><a href=\"http:\/\/www.dagbladet.no\/kultur\/2007\/08\/01\/507676.html\">Insomnia <\/a>&#8211; Valgt til den nest viktigste norske filmen.<\/p>\n<p><a href=\"http:\/\/montages.no\/2016\/05\/dobbeltblikk-pa-erik-skjoldbjaergs-insomnia\/\">Analyse av filmen<\/a> (for dere som vil vite alt f\u00f8r dere ser filmen).<\/p>\n<p><a href=\"https:\/\/www.youtube.com\/watch?v=ZuiqqRtXTz0\">Trailer<\/a><\/p>\n<p>Filmen kommer i ny digital kopi fra Nasjonalbiblioteket.<\/p>\n<p>NB: Tirsdag 21. februar viser vi Christopher Nolans amerikanske remake av <em>Insomnia <\/em>(med Al Pacino og Robin Williams) i Stormen bibliotek.<\/p>\n","protected":false},"excerpt":{"rendered":"<p>Erik Skjoldbj\u00e6rgs moderne norske klassiker fyller utrolig nok 20 \u00e5r. P\u00e5 tide \u00e5 l\u00f8fte filmen, som med rette regnes som en av Norges beste filmer, tilbake p\u00e5 lerretet. En ny generasjon filminteresserte burde vel st\u00e5 klar til \u00e5 oppdage dette eksistensielle dramaet under nordnorsk midnattsol. For oss andre som husker 20 \u00e5r tilbake blir det [&hellip;]<\/p>\n","protected":false},"author":2,"featured_media":0,"parent":0,"menu_order":0,"comment_status":"open","ping_status":"open","template":"","meta":{"footnotes":""},"class_list":["post-1241","page","type-page","status-publish","hentry"],"_links":{"self":[{"href":"https:\/\/www.bodofilmklubb.no\/index.php\/wp-json\/wp\/v2\/pages\/1241","targetHints":{"allow":["GET"]}}],"collection":[{"href":"https:\/\/www.bodofilmklubb.no\/index.php\/wp-json\/wp\/v2\/pages"}],"about":[{"href":"https:\/\/www.bodofilmklubb.no\/index.php\/wp-json\/wp\/v2\/types\/page"}],"author":[{"embeddable":true,"href":"https:\/\/www.bodofilmklubb.no\/index.php\/wp-json\/wp\/v2\/users\/2"}],"replies":[{"embeddable":true,"href":"https:\/\/www.bodofilmklubb.no\/index.php\/wp-json\/wp\/v2\/comments?post=1241"}],"version-history":[{"count":3,"href":"https:\/\/www.bodofilmklubb.no\/index.php\/wp-json\/wp\/v2\/pages\/1241\/revisions"}],"predecessor-version":[{"id":1243,"href":"https:\/\/www.bodofilmklubb.no\/index.php\/wp-json\/wp\/v2\/pages\/1241\/revisions\/1243"}],"wp:attachment":[{"href":"https:\/\/www.bodofilmklubb.no\/index.php\/wp-json\/wp\/v2\/media?parent=1241"}],"curies":[{"name":"wp","href":"https:\/\/api.w.org\/{rel}","templated":true}]}}