{"id":1245,"date":"2017-01-23T20:01:55","date_gmt":"2017-01-23T18:01:55","guid":{"rendered":"http:\/\/www.bodofilmklubb.no\/?page_id=1245"},"modified":"2017-01-23T20:03:50","modified_gmt":"2017-01-23T18:03:50","slug":"rashomon","status":"publish","type":"page","link":"https:\/\/www.bodofilmklubb.no\/index.php\/rashomon\/","title":{"rendered":"Rashomon"},"content":{"rendered":"<p><em>Rashomon <\/em>(1950) er en av filmhistoriens viktigste klassikere. Den vakte lite  oppmerksomhet ved premieren i Japan og ble ingen bestselger for  selskapet Daiei. Da filmen \u00e5ret etter vant Gull\u00f8ven ved filmfestivalen i  Venezia og det f\u00f8lgende \u00e5rets ogs\u00e5 en Oscar for beste  ikke-engelskspr\u00e5klige film var det likevel liten tvil om at man stod  overfor en milep\u00e6l i filmhistorien. <em>Rashomon <\/em>ble filmen som \u00e5pnet  verdens \u00f8yne for japansk filmkultur, mens japanerne p\u00e5 sin side kjente  godt til, og var sterkt p\u00e5virket av, den vestlige filmen.<\/p>\n<p><em>Rashomon <\/em>forteller historien om et overfall p\u00e5 en adelsdame og hennes  mann, men dette er ingen klassisk historiefortelling. Snarere setter  filmen et sp\u00f8rsm\u00e5lstegn ved nettopp historien, som fortelles i flere  ulike versjoner av forskjellige personer som skal ha v\u00e6rt vitner til  hendelsen.<\/p>\n<p>Filmen brakte modernismen til japansk film og ble samtidig et  forbilde for europeiske og amerikanske filmskapere, fra de franske  nyb\u00f8lgeregiss\u00f8rene til amerikanske action-filmskapere.<\/p>\n<p>REGISS\u00d8REN<br \/>\nAkira Kurosawa (1910-1998) er en av filmhistorien st\u00f8rste filmskapere.  Han slo igjennom internasjonalt med <em>Rashomon <\/em>p\u00e5 begynnelsen av  1950-tallet. Kurosawa hadde opprinnelig tenkt \u00e5 bli maler, men debuterte  som filmregiss\u00f8r i 1943. Kurosawas filmer fikk stor betydning ikke  minst for vestlige filmskapere.<\/p>\n<p>NB: Ny digital kinokopi <span style=\"text-decoration: underline;\">med <\/span>norske tekster!<\/p>\n<p><a href=\"https:\/\/www.youtube.com\/watch?v=xCZ9TguVOIA\">Trailer<\/a><\/p>\n","protected":false},"excerpt":{"rendered":"<p>Rashomon (1950) er en av filmhistoriens viktigste klassikere. Den vakte lite oppmerksomhet ved premieren i Japan og ble ingen bestselger for selskapet Daiei. Da filmen \u00e5ret etter vant Gull\u00f8ven ved filmfestivalen i Venezia og det f\u00f8lgende \u00e5rets ogs\u00e5 en Oscar for beste ikke-engelskspr\u00e5klige film var det likevel liten tvil om at man stod overfor en [&hellip;]<\/p>\n","protected":false},"author":2,"featured_media":0,"parent":0,"menu_order":0,"comment_status":"open","ping_status":"open","template":"","meta":{"footnotes":""},"class_list":["post-1245","page","type-page","status-publish","hentry"],"_links":{"self":[{"href":"https:\/\/www.bodofilmklubb.no\/index.php\/wp-json\/wp\/v2\/pages\/1245","targetHints":{"allow":["GET"]}}],"collection":[{"href":"https:\/\/www.bodofilmklubb.no\/index.php\/wp-json\/wp\/v2\/pages"}],"about":[{"href":"https:\/\/www.bodofilmklubb.no\/index.php\/wp-json\/wp\/v2\/types\/page"}],"author":[{"embeddable":true,"href":"https:\/\/www.bodofilmklubb.no\/index.php\/wp-json\/wp\/v2\/users\/2"}],"replies":[{"embeddable":true,"href":"https:\/\/www.bodofilmklubb.no\/index.php\/wp-json\/wp\/v2\/comments?post=1245"}],"version-history":[{"count":3,"href":"https:\/\/www.bodofilmklubb.no\/index.php\/wp-json\/wp\/v2\/pages\/1245\/revisions"}],"predecessor-version":[{"id":1247,"href":"https:\/\/www.bodofilmklubb.no\/index.php\/wp-json\/wp\/v2\/pages\/1245\/revisions\/1247"}],"wp:attachment":[{"href":"https:\/\/www.bodofilmklubb.no\/index.php\/wp-json\/wp\/v2\/media?parent=1245"}],"curies":[{"name":"wp","href":"https:\/\/api.w.org\/{rel}","templated":true}]}}