{"id":1249,"date":"2017-01-23T20:15:56","date_gmt":"2017-01-23T18:15:56","guid":{"rendered":"http:\/\/www.bodofilmklubb.no\/?page_id=1249"},"modified":"2017-01-23T20:15:56","modified_gmt":"2017-01-23T18:15:56","slug":"certain-woman-kelly-reichard","status":"publish","type":"page","link":"https:\/\/www.bodofilmklubb.no\/index.php\/certain-woman-kelly-reichard\/","title":{"rendered":"Certain Woman (Kelly Reichard)"},"content":{"rendered":"<p>Dere som har fulgt oss ei stund vet at Bod\u00f8 Filmklubb har noen favoritter blant dagens filmskapere. Her vil vi g\u00e5 langt for \u00e5 f\u00e5 med oss alle nye filmer. Amerikanske <strong>Kelly Reichard <\/strong>er helt p\u00e5 toppen av den listen. Helt siden fantastiske <em>Wendy og Lucy<\/em> (som blant annet satte Michelle Williams p\u00e5 kartet i Hollywood) har vi klart \u00e5 f\u00e5 med oss alle filmer. Reichard er for oss en av dagens beste regiss\u00f8rer &#8211; punktum.<\/p>\n<p>Det som er synd er at hennes filmer ikke kvalifiserer til norsk kinodistribusjon. Cinematekene er redderen her som har skaffet til veie en kopi av hennes helt ferske film <em>Certain Women<\/em> fra 2016. Ulempen er som vanlig at vi ikke kan tilby en norsk tekstet versjon til dere.<\/p>\n<p><em>Certain Women<\/em> tar oss med inn i livene til en h\u00e5ndfull kvinner i det  nordvestlige USA. Her m\u00f8ter vi advokaten Laura (Laura Dern) som m\u00e5  h\u00e5ndtere b\u00e5de en misforn\u00f8yd klient og en gisselsituasjon; familiefruen  Gina (Michelle Williams) som oppdager gryende problemer i ekteskapet  etter \u00e5 ha kj\u00f8pt et hus; og en ensom ranch-hjelp som trekkes mot den  unge jusstudenten Beth (Kristen Stewart). Kvinnenes historier krysser  hverandre gjennom filmen mens vi f\u00f8lger deres fors\u00f8k p\u00e5 \u00e5 finne sin egen  vei gjennom livet.<\/p>\n<p><em>Certain Women<\/em> er basert p\u00e5 historier fra Maile Meloys novellesamling  \u00abBoth Ways Is the Only Way I Want It\u00bb, og er regissert av den  kritikerroste filmskaperen og umiskjennelige stilisten Kelly Reichardt.  Med sitt s\u00e6regne \u00f8ye for landskaper, setter Reichardt kvinnenes n\u00e6re  relasjoner opp mot Montanas store, \u00e5pne sletter. Her tvinges  rollefigurene til \u00e5 definere seg selv i en verden av uperfekte mennesker  og uklare f\u00f8lelser, mens deres liv befinner seg et sted mellom  isolasjon og intimitet.<\/p>\n<p><em>(Omtale: BIFF 2016<\/em>.)<\/p>\n<p><a href=\"http:\/\/www.rogerebert.com\/reviews\/certain-women-2016\">Amerikansk omtale<\/a><\/p>\n<p><a href=\"https:\/\/www.youtube.com\/watch?v=1_Lznehy2-s\">Trailer<\/a><\/p>\n","protected":false},"excerpt":{"rendered":"<p>Dere som har fulgt oss ei stund vet at Bod\u00f8 Filmklubb har noen favoritter blant dagens filmskapere. Her vil vi g\u00e5 langt for \u00e5 f\u00e5 med oss alle nye filmer. Amerikanske Kelly Reichard er helt p\u00e5 toppen av den listen. Helt siden fantastiske Wendy og Lucy (som blant annet satte Michelle Williams p\u00e5 kartet i [&hellip;]<\/p>\n","protected":false},"author":2,"featured_media":0,"parent":0,"menu_order":0,"comment_status":"open","ping_status":"open","template":"","meta":{"footnotes":""},"class_list":["post-1249","page","type-page","status-publish","hentry"],"_links":{"self":[{"href":"https:\/\/www.bodofilmklubb.no\/index.php\/wp-json\/wp\/v2\/pages\/1249","targetHints":{"allow":["GET"]}}],"collection":[{"href":"https:\/\/www.bodofilmklubb.no\/index.php\/wp-json\/wp\/v2\/pages"}],"about":[{"href":"https:\/\/www.bodofilmklubb.no\/index.php\/wp-json\/wp\/v2\/types\/page"}],"author":[{"embeddable":true,"href":"https:\/\/www.bodofilmklubb.no\/index.php\/wp-json\/wp\/v2\/users\/2"}],"replies":[{"embeddable":true,"href":"https:\/\/www.bodofilmklubb.no\/index.php\/wp-json\/wp\/v2\/comments?post=1249"}],"version-history":[{"count":1,"href":"https:\/\/www.bodofilmklubb.no\/index.php\/wp-json\/wp\/v2\/pages\/1249\/revisions"}],"predecessor-version":[{"id":1250,"href":"https:\/\/www.bodofilmklubb.no\/index.php\/wp-json\/wp\/v2\/pages\/1249\/revisions\/1250"}],"wp:attachment":[{"href":"https:\/\/www.bodofilmklubb.no\/index.php\/wp-json\/wp\/v2\/media?parent=1249"}],"curies":[{"name":"wp","href":"https:\/\/api.w.org\/{rel}","templated":true}]}}