{"id":1263,"date":"2017-01-23T20:53:54","date_gmt":"2017-01-23T18:53:54","guid":{"rendered":"http:\/\/www.bodofilmklubb.no\/?page_id=1263"},"modified":"2017-01-23T20:53:54","modified_gmt":"2017-01-23T18:53:54","slug":"flukten","status":"publish","type":"page","link":"https:\/\/www.bodofilmklubb.no\/index.php\/flukten\/","title":{"rendered":"Flukten"},"content":{"rendered":"<p>Etter <em>Yarden <\/em>tidligere i programmet n\u00e5 <em>Flukten <\/em>(Tjuvheder). To knallsterke svenske filmer som p\u00e5 hver sin m\u00e5te klarer \u00e5 v\u00e6re sosialrealistisk og underholdende p\u00e5 samme tid.<\/p>\n<p><em>Flukten <\/em>er et drivende spennende drama fra samfunnets skyggeside. N\u00e5r  Minna mister leiligheten sin ser hun ingen annen utvei enn \u00e5 lure  penger fra en doplanger. Hun flykter og p\u00e5 veien m\u00f8ter hun Katja som tar  henne med til en illegal bosetting utenfor byen. Minna og Katja blir  venner og begynner p\u00e5 en ny tilv\u00e6relse blant de andre utst\u00f8tte p\u00e5  plassen. Men langerne Minna lurte finner snart ut hvor hun gjemmer seg,  og de har ikke tenkt til \u00e5 la henne og Katja v\u00e6re i fred.<\/p>\n<p>Dette er f\u00f8rste spillefilmen til regiss\u00f8r og manusforfatter Peter  Gr\u00f6nlund. Han jobbet som sosialarbeider i \u00e5tte \u00e5r og kjenner milj\u00f8et han  beskriver sv\u00e6rt godt. 90 prosent av dem man ser foran kamera i filmen  er ikke profesjonelle skuespillere, men har selv erfaring med dopmisbruk  og kriminalitet, eller er sosialarbeidere og politi ogs\u00e5 i  virkeligheten.<\/p>\n<p>Gr\u00f6nlund \u00f8nsket \u00e5 lage en film om to kvinner som m\u00e5 navigere i en  kriminell verden, i skyggen av det trygge middelklasselivet. Det skulle  v\u00e6re en spenningsfilm som samtidig gir en stemme til samfunnets  utst\u00f8tte. Selv om milj\u00f8et som skildres er realistisk og beinhardt, har  filmen en stor varme og menneskelighet.<\/p>\n<p>Filmen er full av spennende karakterer og fantastiske  skuespillerprestasjoner. Minna spilles av Malin Levanon, som vant  Guldbagge for sin rolle.<\/p>\n<p><a href=\"https:\/\/www.youtube.com\/watch?v=PaHnF40c0_k\">Trailer<\/a><\/p>\n","protected":false},"excerpt":{"rendered":"<p>Etter Yarden tidligere i programmet n\u00e5 Flukten (Tjuvheder). To knallsterke svenske filmer som p\u00e5 hver sin m\u00e5te klarer \u00e5 v\u00e6re sosialrealistisk og underholdende p\u00e5 samme tid. Flukten er et drivende spennende drama fra samfunnets skyggeside. N\u00e5r Minna mister leiligheten sin ser hun ingen annen utvei enn \u00e5 lure penger fra en doplanger. Hun flykter og [&hellip;]<\/p>\n","protected":false},"author":2,"featured_media":0,"parent":0,"menu_order":0,"comment_status":"open","ping_status":"open","template":"","meta":{"footnotes":""},"class_list":["post-1263","page","type-page","status-publish","hentry"],"_links":{"self":[{"href":"https:\/\/www.bodofilmklubb.no\/index.php\/wp-json\/wp\/v2\/pages\/1263","targetHints":{"allow":["GET"]}}],"collection":[{"href":"https:\/\/www.bodofilmklubb.no\/index.php\/wp-json\/wp\/v2\/pages"}],"about":[{"href":"https:\/\/www.bodofilmklubb.no\/index.php\/wp-json\/wp\/v2\/types\/page"}],"author":[{"embeddable":true,"href":"https:\/\/www.bodofilmklubb.no\/index.php\/wp-json\/wp\/v2\/users\/2"}],"replies":[{"embeddable":true,"href":"https:\/\/www.bodofilmklubb.no\/index.php\/wp-json\/wp\/v2\/comments?post=1263"}],"version-history":[{"count":1,"href":"https:\/\/www.bodofilmklubb.no\/index.php\/wp-json\/wp\/v2\/pages\/1263\/revisions"}],"predecessor-version":[{"id":1264,"href":"https:\/\/www.bodofilmklubb.no\/index.php\/wp-json\/wp\/v2\/pages\/1263\/revisions\/1264"}],"wp:attachment":[{"href":"https:\/\/www.bodofilmklubb.no\/index.php\/wp-json\/wp\/v2\/media?parent=1263"}],"curies":[{"name":"wp","href":"https:\/\/api.w.org\/{rel}","templated":true}]}}