{"id":1300,"date":"2017-08-21T19:14:45","date_gmt":"2017-08-21T17:14:45","guid":{"rendered":"http:\/\/www.bodofilmklubb.no\/?page_id=1300"},"modified":"2017-08-21T19:29:19","modified_gmt":"2017-08-21T17:29:19","slug":"tirsdagsfilmen-241017","status":"publish","type":"page","link":"https:\/\/www.bodofilmklubb.no\/index.php\/tirsdagsfilmen-241017\/","title":{"rendered":"Tirsdagsfilmen 241017"},"content":{"rendered":"<p><span>Franske komedier var store p\u00e5 hele kontinentet p\u00e5 1970- og 1980-tallet. En av hitgarantene var skuespilleren Pierre Richard. Den h\u00f8yvokste blonde skuespilleren spilte gjerne de litt kl\u00f8nete, hjertegode typene. I denne filmen fra 1972 fikk Richard sitt store gjennombrudd. Han spiller en naiv fiolinist som hodestups havner i en vill agenthistorie. <\/span><\/p>\n<p><span>Dette er en klassisk forviklingskomedie!<\/span><\/p>\n<p>Fransk tale med engelske tekster.<\/p>\n","protected":false},"excerpt":{"rendered":"<p>Franske komedier var store p\u00e5 hele kontinentet p\u00e5 1970- og 1980-tallet. En av hitgarantene var skuespilleren Pierre Richard. Den h\u00f8yvokste blonde skuespilleren spilte gjerne de litt kl\u00f8nete, hjertegode typene. I denne filmen fra 1972 fikk Richard sitt store gjennombrudd. Han spiller en naiv fiolinist som hodestups havner i en vill agenthistorie. Dette er en klassisk [&hellip;]<\/p>\n","protected":false},"author":2,"featured_media":0,"parent":0,"menu_order":0,"comment_status":"open","ping_status":"open","template":"","meta":{"footnotes":""},"class_list":["post-1300","page","type-page","status-publish","hentry"],"_links":{"self":[{"href":"https:\/\/www.bodofilmklubb.no\/index.php\/wp-json\/wp\/v2\/pages\/1300","targetHints":{"allow":["GET"]}}],"collection":[{"href":"https:\/\/www.bodofilmklubb.no\/index.php\/wp-json\/wp\/v2\/pages"}],"about":[{"href":"https:\/\/www.bodofilmklubb.no\/index.php\/wp-json\/wp\/v2\/types\/page"}],"author":[{"embeddable":true,"href":"https:\/\/www.bodofilmklubb.no\/index.php\/wp-json\/wp\/v2\/users\/2"}],"replies":[{"embeddable":true,"href":"https:\/\/www.bodofilmklubb.no\/index.php\/wp-json\/wp\/v2\/comments?post=1300"}],"version-history":[{"count":3,"href":"https:\/\/www.bodofilmklubb.no\/index.php\/wp-json\/wp\/v2\/pages\/1300\/revisions"}],"predecessor-version":[{"id":1312,"href":"https:\/\/www.bodofilmklubb.no\/index.php\/wp-json\/wp\/v2\/pages\/1300\/revisions\/1312"}],"wp:attachment":[{"href":"https:\/\/www.bodofilmklubb.no\/index.php\/wp-json\/wp\/v2\/media?parent=1300"}],"curies":[{"name":"wp","href":"https:\/\/api.w.org\/{rel}","templated":true}]}}