{"id":1303,"date":"2017-08-21T19:17:15","date_gmt":"2017-08-21T17:17:15","guid":{"rendered":"http:\/\/www.bodofilmklubb.no\/?page_id=1303"},"modified":"2017-08-21T19:17:15","modified_gmt":"2017-08-21T17:17:15","slug":"tirsdagsfilmen-071117","status":"publish","type":"page","link":"https:\/\/www.bodofilmklubb.no\/index.php\/tirsdagsfilmen-071117\/","title":{"rendered":"Tirsdagsfilmen 071117"},"content":{"rendered":"<p class=\"MsoNormal\">Denne franske komedien fra 1991 ble en umiddelbar kultklassiker. Debutfilmen til regiss\u00f8rene Jean-Pierre Jeunet og Marc Caro har allerede alt som skulle gj\u00f8re deres <em>Am\u00e9lie<\/em> til en gigantisk publikumssuksess. Stemningen er dog klart m\u00f8rkere. Kanskje ikke s\u00e5 rart n\u00e5r handlingen foreg\u00e5r i en slags post-apokalyptisk drabantby, der akutt matmangel gj\u00f8r beboerne i en leieg\u00e5rd litt vel oppfinnsomme \u2026<\/p>\n","protected":false},"excerpt":{"rendered":"<p>Denne franske komedien fra 1991 ble en umiddelbar kultklassiker. Debutfilmen til regiss\u00f8rene Jean-Pierre Jeunet og Marc Caro har allerede alt som skulle gj\u00f8re deres Am\u00e9lie til en gigantisk publikumssuksess. Stemningen er dog klart m\u00f8rkere. Kanskje ikke s\u00e5 rart n\u00e5r handlingen foreg\u00e5r i en slags post-apokalyptisk drabantby, der akutt matmangel gj\u00f8r beboerne i en leieg\u00e5rd litt [&hellip;]<\/p>\n","protected":false},"author":2,"featured_media":0,"parent":0,"menu_order":0,"comment_status":"open","ping_status":"open","template":"","meta":{"footnotes":""},"class_list":["post-1303","page","type-page","status-publish","hentry"],"_links":{"self":[{"href":"https:\/\/www.bodofilmklubb.no\/index.php\/wp-json\/wp\/v2\/pages\/1303","targetHints":{"allow":["GET"]}}],"collection":[{"href":"https:\/\/www.bodofilmklubb.no\/index.php\/wp-json\/wp\/v2\/pages"}],"about":[{"href":"https:\/\/www.bodofilmklubb.no\/index.php\/wp-json\/wp\/v2\/types\/page"}],"author":[{"embeddable":true,"href":"https:\/\/www.bodofilmklubb.no\/index.php\/wp-json\/wp\/v2\/users\/2"}],"replies":[{"embeddable":true,"href":"https:\/\/www.bodofilmklubb.no\/index.php\/wp-json\/wp\/v2\/comments?post=1303"}],"version-history":[{"count":1,"href":"https:\/\/www.bodofilmklubb.no\/index.php\/wp-json\/wp\/v2\/pages\/1303\/revisions"}],"predecessor-version":[{"id":1304,"href":"https:\/\/www.bodofilmklubb.no\/index.php\/wp-json\/wp\/v2\/pages\/1303\/revisions\/1304"}],"wp:attachment":[{"href":"https:\/\/www.bodofilmklubb.no\/index.php\/wp-json\/wp\/v2\/media?parent=1303"}],"curies":[{"name":"wp","href":"https:\/\/api.w.org\/{rel}","templated":true}]}}