{"id":1355,"date":"2017-12-16T15:17:21","date_gmt":"2017-12-16T13:17:21","guid":{"rendered":"http:\/\/www.bodofilmklubb.no\/?page_id=1355"},"modified":"2017-12-16T15:25:05","modified_gmt":"2017-12-16T13:25:05","slug":"tirsdagsfilm-020118","status":"publish","type":"page","link":"https:\/\/www.bodofilmklubb.no\/index.php\/tirsdagsfilm-020118\/","title":{"rendered":"Tirsdagsfilm 020118"},"content":{"rendered":"<p><span style=\"font-size: small; font-family: Times New Roman;\"> <\/span><\/p>\n<p style=\"margin: 0cm 0cm 10pt;\"><span style=\"font-size: small; font-family: Arial;\">Fra en av de store komediegeniene fra stumfilmtiden. Buster Keaton er mest kjent for \u00e5 beholde <em style=\"mso-bidi-font-style: normal;\">steinansikt<\/em> i filmene sine uansett hva som m\u00f8ter ham. Filmen vi viser er den siste som han kunne realisere som uavhengig filmskaper. Den viser hele bredden av hans kunst: Klassisk slapstick, t\u00f8rrvittig komikk og h\u00e5rreisende stunts. Faktisk er det godt mulig at dagens film inneholder den mest h\u00e5rreisende stunt som er festet p\u00e5 film. En film like underholdende som for 90 \u00e5r siden.<\/span><\/p>\n<p style=\"margin: 0cm 0cm 10pt;\">Info om <a href=\"https:\/\/www.bodofilmklubb.no\/index.php\/2017\/12\/tirsdagsfilmer-varen-2018\/\">tirsdagsfilmene<\/a>.<\/p>\n<p><span style=\"font-size: small; font-family: Times New Roman;\"> <\/span><\/p>\n","protected":false},"excerpt":{"rendered":"<p>Fra en av de store komediegeniene fra stumfilmtiden. Buster Keaton er mest kjent for \u00e5 beholde steinansikt i filmene sine uansett hva som m\u00f8ter ham. Filmen vi viser er den siste som han kunne realisere som uavhengig filmskaper. Den viser hele bredden av hans kunst: Klassisk slapstick, t\u00f8rrvittig komikk og h\u00e5rreisende stunts. Faktisk er det [&hellip;]<\/p>\n","protected":false},"author":2,"featured_media":0,"parent":0,"menu_order":0,"comment_status":"open","ping_status":"open","template":"","meta":{"footnotes":""},"class_list":["post-1355","page","type-page","status-publish","hentry"],"_links":{"self":[{"href":"https:\/\/www.bodofilmklubb.no\/index.php\/wp-json\/wp\/v2\/pages\/1355","targetHints":{"allow":["GET"]}}],"collection":[{"href":"https:\/\/www.bodofilmklubb.no\/index.php\/wp-json\/wp\/v2\/pages"}],"about":[{"href":"https:\/\/www.bodofilmklubb.no\/index.php\/wp-json\/wp\/v2\/types\/page"}],"author":[{"embeddable":true,"href":"https:\/\/www.bodofilmklubb.no\/index.php\/wp-json\/wp\/v2\/users\/2"}],"replies":[{"embeddable":true,"href":"https:\/\/www.bodofilmklubb.no\/index.php\/wp-json\/wp\/v2\/comments?post=1355"}],"version-history":[{"count":4,"href":"https:\/\/www.bodofilmklubb.no\/index.php\/wp-json\/wp\/v2\/pages\/1355\/revisions"}],"predecessor-version":[{"id":1359,"href":"https:\/\/www.bodofilmklubb.no\/index.php\/wp-json\/wp\/v2\/pages\/1355\/revisions\/1359"}],"wp:attachment":[{"href":"https:\/\/www.bodofilmklubb.no\/index.php\/wp-json\/wp\/v2\/media?parent=1355"}],"curies":[{"name":"wp","href":"https:\/\/api.w.org\/{rel}","templated":true}]}}