{"id":1362,"date":"2017-12-16T15:41:45","date_gmt":"2017-12-16T13:41:45","guid":{"rendered":"http:\/\/www.bodofilmklubb.no\/?page_id=1362"},"modified":"2017-12-16T15:44:08","modified_gmt":"2017-12-16T13:44:08","slug":"tirsdagsfilmen-050218","status":"publish","type":"page","link":"https:\/\/www.bodofilmklubb.no\/index.php\/tirsdagsfilmen-050218\/","title":{"rendered":"Tirsdagsfilmen 050218"},"content":{"rendered":"<p><span style=\"font-size: small; font-family: Times New Roman;\"> <\/span><\/p>\n<p style=\"margin: 0cm 0cm 10pt;\"><span style=\"font-size: small; font-family: Arial;\">En av de st\u00f8rste overraskelsene 2015 var denne dramakomedien fra Los Angeles. Filmen fikk stor oppmerksomhet for \u00e5 v\u00e6re filmet utelukkende p\u00e5 iPhone 5, men det som virkelig overbeviser er regiss\u00f8rens evne til \u00e5 balansere komikk og alvor n\u00e5r han forteller historien til to sexarbeidere og deres streben etter rettferdighet, kj\u00e6rlighet, hevn og mye mer. Det hele utspiller seg julaften og regiss\u00f8ren viser oss en side av LA som du ikke har sett f\u00f8r. Vi setter opp filmen i anledning den norske kinopremieren til Bakers nye film \u00abThe Florida Project\u00bb som har f\u00e5tt mye positiv <em style=\"mso-bidi-font-style: normal;\">buzz<\/em> og som blant annet var avslutningsfilmen for filmfestivalen i Troms\u00f8 2018.<\/span><\/p>\n<p><span style=\"font-size: small; font-family: Times New Roman;\"> <\/span>Om <a href=\"https:\/\/www.bodofilmklubb.no\/index.php\/2017\/12\/tirsdagsfilmer-varen-2018\/\">tirsdagsfilmene<\/a>.<\/p>\n","protected":false},"excerpt":{"rendered":"<p>En av de st\u00f8rste overraskelsene 2015 var denne dramakomedien fra Los Angeles. Filmen fikk stor oppmerksomhet for \u00e5 v\u00e6re filmet utelukkende p\u00e5 iPhone 5, men det som virkelig overbeviser er regiss\u00f8rens evne til \u00e5 balansere komikk og alvor n\u00e5r han forteller historien til to sexarbeidere og deres streben etter rettferdighet, kj\u00e6rlighet, hevn og mye mer. [&hellip;]<\/p>\n","protected":false},"author":2,"featured_media":0,"parent":0,"menu_order":0,"comment_status":"open","ping_status":"open","template":"","meta":{"footnotes":""},"class_list":["post-1362","page","type-page","status-publish","hentry"],"_links":{"self":[{"href":"https:\/\/www.bodofilmklubb.no\/index.php\/wp-json\/wp\/v2\/pages\/1362","targetHints":{"allow":["GET"]}}],"collection":[{"href":"https:\/\/www.bodofilmklubb.no\/index.php\/wp-json\/wp\/v2\/pages"}],"about":[{"href":"https:\/\/www.bodofilmklubb.no\/index.php\/wp-json\/wp\/v2\/types\/page"}],"author":[{"embeddable":true,"href":"https:\/\/www.bodofilmklubb.no\/index.php\/wp-json\/wp\/v2\/users\/2"}],"replies":[{"embeddable":true,"href":"https:\/\/www.bodofilmklubb.no\/index.php\/wp-json\/wp\/v2\/comments?post=1362"}],"version-history":[{"count":2,"href":"https:\/\/www.bodofilmklubb.no\/index.php\/wp-json\/wp\/v2\/pages\/1362\/revisions"}],"predecessor-version":[{"id":1364,"href":"https:\/\/www.bodofilmklubb.no\/index.php\/wp-json\/wp\/v2\/pages\/1362\/revisions\/1364"}],"wp:attachment":[{"href":"https:\/\/www.bodofilmklubb.no\/index.php\/wp-json\/wp\/v2\/media?parent=1362"}],"curies":[{"name":"wp","href":"https:\/\/api.w.org\/{rel}","templated":true}]}}