{"id":1371,"date":"2017-12-16T16:17:19","date_gmt":"2017-12-16T14:17:19","guid":{"rendered":"http:\/\/www.bodofilmklubb.no\/?page_id=1371"},"modified":"2017-12-16T16:20:08","modified_gmt":"2017-12-16T14:20:08","slug":"tirsdagsfilm-090418","status":"publish","type":"page","link":"https:\/\/www.bodofilmklubb.no\/index.php\/tirsdagsfilm-090418\/","title":{"rendered":"Tirsdagsfilm 090418"},"content":{"rendered":"<p><span style=\"font-size: small; font-family: Times New Roman;\"> <\/span><\/p>\n<p style=\"margin: 0cm 0cm 10pt;\"><span style=\"font-size: small; font-family: Arial;\">Blake Edwards og skuespiller Peter Sellers gjorde stor suksess med <em style=\"mso-bidi-font-style: normal;\">Pink Panther<\/em>-filmene. Dagens film er om mulig enda morsommere og villere. Den er i hvert fall mye radikalere i det den bygger en film p\u00e5 \u00e9n id\u00e9 og forf\u00f8lger den fra a til \u00e5. Utgangspunktet for historien er Sellers, som spiller en godhjertet, men h\u00e5pl\u00f8s talentl\u00f8s, indisk skuespiller i Hollywood. Ikke bare det, denne fyren sprer kaos hvor han dukker opp. Ved et uhell blir han invitert til en selebert Hollywood-fest. Og fra det \u00f8yeblikket han entrer villaen til det h\u00f8yt skummende h\u00f8ydepunktet sprer han forvirring og kaos. <\/span><\/p>\n<p><span style=\"font-size: small; font-family: Times New Roman;\"> <\/span>Om <a href=\"https:\/\/www.bodofilmklubb.no\/wp-admin\/post.php?action=edit&amp;post=1352&amp;message=1&amp;_wp_original_http_referer=http%3A%2F%2Fwww.bodofilmklubb.no%2Fwp-admin%2Fedit.php\">tirsdagsfilmene<\/a>.<\/p>\n","protected":false},"excerpt":{"rendered":"<p>Blake Edwards og skuespiller Peter Sellers gjorde stor suksess med Pink Panther-filmene. Dagens film er om mulig enda morsommere og villere. Den er i hvert fall mye radikalere i det den bygger en film p\u00e5 \u00e9n id\u00e9 og forf\u00f8lger den fra a til \u00e5. Utgangspunktet for historien er Sellers, som spiller en godhjertet, men h\u00e5pl\u00f8s [&hellip;]<\/p>\n","protected":false},"author":2,"featured_media":0,"parent":0,"menu_order":0,"comment_status":"open","ping_status":"open","template":"","meta":{"footnotes":""},"class_list":["post-1371","page","type-page","status-publish","hentry"],"_links":{"self":[{"href":"https:\/\/www.bodofilmklubb.no\/index.php\/wp-json\/wp\/v2\/pages\/1371","targetHints":{"allow":["GET"]}}],"collection":[{"href":"https:\/\/www.bodofilmklubb.no\/index.php\/wp-json\/wp\/v2\/pages"}],"about":[{"href":"https:\/\/www.bodofilmklubb.no\/index.php\/wp-json\/wp\/v2\/types\/page"}],"author":[{"embeddable":true,"href":"https:\/\/www.bodofilmklubb.no\/index.php\/wp-json\/wp\/v2\/users\/2"}],"replies":[{"embeddable":true,"href":"https:\/\/www.bodofilmklubb.no\/index.php\/wp-json\/wp\/v2\/comments?post=1371"}],"version-history":[{"count":3,"href":"https:\/\/www.bodofilmklubb.no\/index.php\/wp-json\/wp\/v2\/pages\/1371\/revisions"}],"predecessor-version":[{"id":1375,"href":"https:\/\/www.bodofilmklubb.no\/index.php\/wp-json\/wp\/v2\/pages\/1371\/revisions\/1375"}],"wp:attachment":[{"href":"https:\/\/www.bodofilmklubb.no\/index.php\/wp-json\/wp\/v2\/media?parent=1371"}],"curies":[{"name":"wp","href":"https:\/\/api.w.org\/{rel}","templated":true}]}}