{"id":1376,"date":"2017-12-16T16:33:27","date_gmt":"2017-12-16T14:33:27","guid":{"rendered":"http:\/\/www.bodofilmklubb.no\/?page_id=1376"},"modified":"2017-12-16T16:36:38","modified_gmt":"2017-12-16T14:36:38","slug":"tirsdagsfilm-220518","status":"publish","type":"page","link":"https:\/\/www.bodofilmklubb.no\/index.php\/tirsdagsfilm-220518\/","title":{"rendered":"Tirsdagsfilm 220518"},"content":{"rendered":"<p><span style=\"font-size: small; font-family: Times New Roman;\"> <\/span><\/p>\n<p style=\"margin: 0cm 0cm 10pt;\"><span style=\"font-size: small; font-family: Arial;\">Steve Martins f\u00f8rste hovedrolle i en spillefilm ble en minneverdig aff\u00e6re. Filmen forteller historien til Martins rollefigur, en av filmhistoriens store naive karakterer, vokst opp som fattig hvit adoptivbarn til en svart familie i S\u00f8r-Statene, hans reise ut i verden, hvordan han gj\u00f8r stor suksess ved et uhell, finner kj\u00e6rligheten \u2013 mister b\u00e5de penger og kvinnen og s\u00e5 til\u2026 men det m\u00e5 du se selv.<br \/>\nSteve Martin og Carl Reiner lagde flere minneverdige komedier i lag, men ingen sl\u00e5r Martins debutfilm. En sannelig komedieklassiker.<\/span><\/p>\n<p><span style=\"font-size: small; font-family: Times New Roman;\"> <\/span>Om <a href=\"https:\/\/www.bodofilmklubb.no\/index.php\/2017\/12\/tirsdagsfilmer-varen-2018\/\">tirsdagsfilmene<\/a>.<\/p>\n","protected":false},"excerpt":{"rendered":"<p>Steve Martins f\u00f8rste hovedrolle i en spillefilm ble en minneverdig aff\u00e6re. Filmen forteller historien til Martins rollefigur, en av filmhistoriens store naive karakterer, vokst opp som fattig hvit adoptivbarn til en svart familie i S\u00f8r-Statene, hans reise ut i verden, hvordan han gj\u00f8r stor suksess ved et uhell, finner kj\u00e6rligheten \u2013 mister b\u00e5de penger og [&hellip;]<\/p>\n","protected":false},"author":2,"featured_media":0,"parent":0,"menu_order":0,"comment_status":"open","ping_status":"open","template":"","meta":{"footnotes":""},"class_list":["post-1376","page","type-page","status-publish","hentry"],"_links":{"self":[{"href":"https:\/\/www.bodofilmklubb.no\/index.php\/wp-json\/wp\/v2\/pages\/1376","targetHints":{"allow":["GET"]}}],"collection":[{"href":"https:\/\/www.bodofilmklubb.no\/index.php\/wp-json\/wp\/v2\/pages"}],"about":[{"href":"https:\/\/www.bodofilmklubb.no\/index.php\/wp-json\/wp\/v2\/types\/page"}],"author":[{"embeddable":true,"href":"https:\/\/www.bodofilmklubb.no\/index.php\/wp-json\/wp\/v2\/users\/2"}],"replies":[{"embeddable":true,"href":"https:\/\/www.bodofilmklubb.no\/index.php\/wp-json\/wp\/v2\/comments?post=1376"}],"version-history":[{"count":3,"href":"https:\/\/www.bodofilmklubb.no\/index.php\/wp-json\/wp\/v2\/pages\/1376\/revisions"}],"predecessor-version":[{"id":1378,"href":"https:\/\/www.bodofilmklubb.no\/index.php\/wp-json\/wp\/v2\/pages\/1376\/revisions\/1378"}],"wp:attachment":[{"href":"https:\/\/www.bodofilmklubb.no\/index.php\/wp-json\/wp\/v2\/media?parent=1376"}],"curies":[{"name":"wp","href":"https:\/\/api.w.org\/{rel}","templated":true}]}}