{"id":1381,"date":"2017-12-16T20:08:36","date_gmt":"2017-12-16T18:08:36","guid":{"rendered":"http:\/\/www.bodofilmklubb.no\/?page_id=1381"},"modified":"2017-12-16T20:10:34","modified_gmt":"2017-12-16T18:10:34","slug":"tirsdagsfilm-050618","status":"publish","type":"page","link":"https:\/\/www.bodofilmklubb.no\/index.php\/tirsdagsfilm-050618\/","title":{"rendered":"Tirsdagsfilm 050618"},"content":{"rendered":"<p><span style=\"font-size: small; font-family: Times New Roman;\"> <\/span><\/p>\n<p style=\"margin: 0cm 0cm 10pt;\"><span style=\"font-size: small; font-family: Arial;\">F\u00e5 filmskapere har preget nyere amerikansk film s\u00e5 mye som br\u00f8drene Joel og Ethan Coen. Med sin energiske neo-noir filmstil gjorde de tidlig suksess med <em style=\"mso-bidi-font-style: normal;\">Blood Simple<\/em> i 1984, f\u00f8r de slo til med denne fartsfulle komedien i 1987. En politibetjent, Holly Hunter, forelsker seg i en notorisk sm\u00e5kriminell, Nicolas Cage, og \u00f8nsker \u00e5 stifte familie. Uheldigvis kan de ikke f\u00e5 egne barn. Alt ser m\u00f8rkt ut da nyheten kommer at en noks\u00e5 usympatisk m\u00f8belforhandler har f\u00e5tt femlinger. Er ikke det urettferdig? Og har ikke v\u00e5re to helter fortjent minst ett av barna? I sin lengsel etter et barn setter de to i gang med en plan som skal sikre dem en \u00f8nsket etterkommer \u2013 en plan som de p\u00e5 monumentalt vis mister kontroll over. En fartsfull og morsom m\u00f8rk komedieklassiker.<\/span><\/p>\n<p><span style=\"font-size: small; font-family: Times New Roman;\"> <\/span>Om <a href=\"https:\/\/www.bodofilmklubb.no\/index.php\/2017\/12\/tirsdagsfilmer-varen-2018\/\">tirsdagsfilmene<\/a>.<\/p>\n","protected":false},"excerpt":{"rendered":"<p>F\u00e5 filmskapere har preget nyere amerikansk film s\u00e5 mye som br\u00f8drene Joel og Ethan Coen. Med sin energiske neo-noir filmstil gjorde de tidlig suksess med Blood Simple i 1984, f\u00f8r de slo til med denne fartsfulle komedien i 1987. En politibetjent, Holly Hunter, forelsker seg i en notorisk sm\u00e5kriminell, Nicolas Cage, og \u00f8nsker \u00e5 stifte [&hellip;]<\/p>\n","protected":false},"author":2,"featured_media":0,"parent":0,"menu_order":0,"comment_status":"open","ping_status":"open","template":"","meta":{"footnotes":""},"class_list":["post-1381","page","type-page","status-publish","hentry"],"_links":{"self":[{"href":"https:\/\/www.bodofilmklubb.no\/index.php\/wp-json\/wp\/v2\/pages\/1381","targetHints":{"allow":["GET"]}}],"collection":[{"href":"https:\/\/www.bodofilmklubb.no\/index.php\/wp-json\/wp\/v2\/pages"}],"about":[{"href":"https:\/\/www.bodofilmklubb.no\/index.php\/wp-json\/wp\/v2\/types\/page"}],"author":[{"embeddable":true,"href":"https:\/\/www.bodofilmklubb.no\/index.php\/wp-json\/wp\/v2\/users\/2"}],"replies":[{"embeddable":true,"href":"https:\/\/www.bodofilmklubb.no\/index.php\/wp-json\/wp\/v2\/comments?post=1381"}],"version-history":[{"count":3,"href":"https:\/\/www.bodofilmklubb.no\/index.php\/wp-json\/wp\/v2\/pages\/1381\/revisions"}],"predecessor-version":[{"id":1385,"href":"https:\/\/www.bodofilmklubb.no\/index.php\/wp-json\/wp\/v2\/pages\/1381\/revisions\/1385"}],"wp:attachment":[{"href":"https:\/\/www.bodofilmklubb.no\/index.php\/wp-json\/wp\/v2\/media?parent=1381"}],"curies":[{"name":"wp","href":"https:\/\/api.w.org\/{rel}","templated":true}]}}