{"id":1387,"date":"2018-01-01T15:40:34","date_gmt":"2018-01-01T13:40:34","guid":{"rendered":"http:\/\/www.bodofilmklubb.no\/?page_id=1387"},"modified":"2018-01-01T15:42:38","modified_gmt":"2018-01-01T13:42:38","slug":"det-s%c3%b8te-liv","status":"publish","type":"page","link":"https:\/\/www.bodofilmklubb.no\/index.php\/det-s%c3%b8te-liv\/","title":{"rendered":"Det s\u00f8te liv"},"content":{"rendered":"<p><span style=\"font-size: small; font-family: Times New Roman;\"> <\/span><\/p>\n<p style=\"margin: 0cm 0cm 8pt;\"><span style=\"font-size: small; font-family: Calibri;\">Originaltittel: La Dolce Vita <\/span><\/p>\n<p><span style=\"font-size: small; font-family: Times New Roman;\"> <\/span><\/p>\n<p style=\"margin: 0cm 0cm 8pt;\"><span style=\"font-size: small; font-family: Calibri;\"> Nasjonalitet: Italia\/Frankrike<\/span><\/p>\n<p><span style=\"font-size: small; font-family: Times New Roman;\"> <\/span><\/p>\n<p style=\"margin: 0cm 0cm 8pt;\"><span style=\"font-size: small; font-family: Calibri;\">Produsert: 1960<\/span><\/p>\n<p><span style=\"font-size: small; font-family: Times New Roman;\"> <\/span><\/p>\n<p style=\"margin: 0cm 0cm 8pt;\"><span style=\"font-size: small; font-family: Calibri;\">Regi: Federico Fellini<\/span><\/p>\n<p><span style=\"font-size: small; font-family: Times New Roman;\"> <\/span><\/p>\n<p style=\"margin: 0cm 0cm 8pt;\"><span style=\"font-size: small; font-family: Calibri;\">Spr\u00e5k: Italiensk<\/span><\/p>\n<p><span style=\"font-size: small; font-family: Times New Roman;\"> <\/span><\/p>\n<p style=\"margin: 0cm 0cm 8pt;\"><span style=\"font-size: small; font-family: Calibri;\">Tekstet: Norsk<\/span><\/p>\n<p><span style=\"font-size: small; font-family: Times New Roman;\"> <\/span><\/p>\n<p style=\"margin: 0cm 0cm 8pt;\"><span style=\"font-size: small; font-family: Calibri;\">Spilletid: 2t 52min<\/span><\/p>\n<p><span style=\"font-size: small; font-family: Times New Roman;\"> <\/span><\/p>\n<p style=\"margin: 0cm 0cm 8pt;\"><span style=\"font-size: small; font-family: Calibri;\">Med: Marcello Mastroianni, Anita Ekberg, Anouk Aim\u00e9e, Alain Cuny<\/span><\/p>\n<p><span style=\"font-size: small; font-family: Times New Roman;\"> <\/span><\/p>\n<p style=\"margin: 0cm 0cm 8pt;\"><span style=\"font-size: small; font-family: Calibri;\"> <\/span><\/p>\n<p><span style=\"font-size: small; font-family: Times New Roman;\"> <\/span><\/p>\n<p style=\"margin: 0cm 0cm 8pt;\"><span style=\"font-size: small; font-family: Calibri;\">Filmens hovedperson, journalisten Marcello, har ambisjoner om \u00e5 v\u00e6re en seri\u00f8s skribent. Men i stedet livn\u00e6rer han seg ved \u00e5 dekke celebriteter og sensasjonsstoff for tabloidpressen. Vi f\u00f8lger ham i syv dager og netter i Romas dekadente overklassemilj\u00f8er.<\/span><\/p>\n<p><span style=\"font-size: small; font-family: Times New Roman;\"> <\/span><\/p>\n<p style=\"margin: 0cm 0cm 8pt;\"><span style=\"font-family: Calibri;\"><span style=\"font-size: small;\"><em style=\"mso-bidi-font-style: normal;\">Det s\u00f8te liv<\/em> er Fellinis overveldende portrett av, og angrep p\u00e5, v\u00e5rt materialistiske samfunns narcissisme, selviscenesettelse, meningsl\u00f8shet \u2013 og uendelige tomhet. Vi trer inn i Romas dekadente kaf\u00e9- og sosietetsliv en gang p\u00e5 50-tallet. Byens filmstjerner, intellektuelle, skandalepresse, million\u00e6rer, horer og aristokrater er med i en satire over det moderne samfunn og &laquo;det s\u00f8te liv&raquo;.<\/span><\/span><\/p>\n<p><span style=\"font-size: small; font-family: Times New Roman;\"> <\/span><a href=\"https:\/\/www.youtube.com\/watch?v=04P1dCLvc_0\">Trailer<\/a><\/p>\n","protected":false},"excerpt":{"rendered":"<p>Originaltittel: La Dolce Vita Nasjonalitet: Italia\/Frankrike Produsert: 1960 Regi: Federico Fellini Spr\u00e5k: Italiensk Tekstet: Norsk Spilletid: 2t 52min Med: Marcello Mastroianni, Anita Ekberg, Anouk Aim\u00e9e, Alain Cuny Filmens hovedperson, journalisten Marcello, har ambisjoner om \u00e5 v\u00e6re en seri\u00f8s skribent. Men i stedet livn\u00e6rer han seg ved \u00e5 dekke celebriteter og sensasjonsstoff for tabloidpressen. Vi f\u00f8lger [&hellip;]<\/p>\n","protected":false},"author":2,"featured_media":0,"parent":0,"menu_order":0,"comment_status":"open","ping_status":"open","template":"","meta":{"footnotes":""},"class_list":["post-1387","page","type-page","status-publish","hentry"],"_links":{"self":[{"href":"https:\/\/www.bodofilmklubb.no\/index.php\/wp-json\/wp\/v2\/pages\/1387","targetHints":{"allow":["GET"]}}],"collection":[{"href":"https:\/\/www.bodofilmklubb.no\/index.php\/wp-json\/wp\/v2\/pages"}],"about":[{"href":"https:\/\/www.bodofilmklubb.no\/index.php\/wp-json\/wp\/v2\/types\/page"}],"author":[{"embeddable":true,"href":"https:\/\/www.bodofilmklubb.no\/index.php\/wp-json\/wp\/v2\/users\/2"}],"replies":[{"embeddable":true,"href":"https:\/\/www.bodofilmklubb.no\/index.php\/wp-json\/wp\/v2\/comments?post=1387"}],"version-history":[{"count":4,"href":"https:\/\/www.bodofilmklubb.no\/index.php\/wp-json\/wp\/v2\/pages\/1387\/revisions"}],"predecessor-version":[{"id":1391,"href":"https:\/\/www.bodofilmklubb.no\/index.php\/wp-json\/wp\/v2\/pages\/1387\/revisions\/1391"}],"wp:attachment":[{"href":"https:\/\/www.bodofilmklubb.no\/index.php\/wp-json\/wp\/v2\/media?parent=1387"}],"curies":[{"name":"wp","href":"https:\/\/api.w.org\/{rel}","templated":true}]}}