{"id":1393,"date":"2018-01-01T16:19:34","date_gmt":"2018-01-01T14:19:34","guid":{"rendered":"http:\/\/www.bodofilmklubb.no\/?page_id=1393"},"modified":"2018-01-01T16:20:28","modified_gmt":"2018-01-01T14:20:28","slug":"rosemarys-baby","status":"publish","type":"page","link":"https:\/\/www.bodofilmklubb.no\/index.php\/rosemarys-baby\/","title":{"rendered":"Rosemary&#8217;s Baby"},"content":{"rendered":"<p><span style=\"font-size: small; font-family: Times New Roman;\"> <\/span><\/p>\n<p><span style=\"font-size: small;\"><span style=\"font-family: Times New Roman;\"><strong>USA, 1968<\/strong><br \/>\n<strong>Regi\/manus: Roman Polanski<\/strong><br \/>\n<strong>Foto: William A. Fraker<\/strong><br \/>\n<strong>Med: Mia Farrow, John Cassavetes, Ruth Gordon, Sidney Blackmer, Patsy Kelly, Maurice Evans,<\/strong><br \/>\n<strong>Spilletid: 2h 18m<\/strong><br \/>\n<strong>Tekst: Ingen<\/strong><br style=\"mso-special-character: line-break;\" \/> <br style=\"mso-special-character: line-break;\" \/> <\/span><\/span><\/p>\n<p><span style=\"font-size: small; font-family: Times New Roman;\"> <\/span><\/p>\n<p><span style=\"font-size: small; font-family: Times New Roman;\">Rosemary og Guy er et ungt, nygift par som tar over et d\u00f8dsbo i den eksklusive New York-blokken the Bamford, uvitende om at bygget har en beryktet fortid. Det tar ikke lang tid f\u00f8r de blir godt kjent med naboene \u2013 det eldre, litt eksentriske og meget p\u00e5trengende ekteparet Roman and Minnie Castevets. Disse gode naboene er stadig tilstede for \u00e5 hjelpe til \u2013 spesielt n\u00e5r den unge kvinnen blir gravid og Guys vaklende skuespillerkarriere f\u00e5r et oppsving. Midt i svangerskapets smerter og uro, begynner Rosemary \u00e5 ane mistanke om at naboene kanskje fatter en unormal interesse for hennes uf\u00f8dte barn \u2026<\/span><\/p>\n<p><span style=\"font-size: small; font-family: Times New Roman;\"> <\/span><\/p>\n<p><span style=\"font-size: small; font-family: Times New Roman;\">Roman Polanskis f\u00f8rste amerikanske film er en mesterlig psykologisk thriller, som sakte men sikkert evner \u00e5 fange tilskueren inn i en vev av tvil og uro. Hva er det som egentlig foreg\u00e5r i The Bamford, og i Rosemarys kropp? Hvorfor blir hun konstant frar\u00e5det \u00e5 f\u00f8lge sin egen vilje? Forstyrrende nok ligger den verste grusomheten og den mest banale ondskapen andre steder enn man skulle tro \u2026<\/span><\/p>\n<p><span style=\"font-size: small; font-family: Times New Roman;\"> <\/span><\/p>\n<p><span style=\"font-size: small; font-family: Times New Roman;\"> <\/span><\/p>\n<p><span style=\"font-size: small; font-family: Times New Roman;\"> <\/span><\/p>\n<p><span style=\"font-size: small; font-family: Times New Roman;\">Roman Polanski (f. 1933) er en prisbel\u00f8nt polsk regiss\u00f8r, manusforfatter og skuespiller, med bakgrunn fra den statlige filmskolen i \u0141\u00f3d\u017a. Hans 60 \u00e5r-lange karriere omfatter over 30 kort- og spillefilmer, blant annet: de m\u00f8rke psykologiske thrillere KNIVEN I VANNET (hans gjennombruddsfilmen, 1962) og REPULSION (1965), samt neo-noir filmen CHINATOWN (1974) og det gullpalme-vinnende krigsdramaet PIANISTEN (2002).<\/span><\/p>\n<p><span style=\"font-size: small; font-family: Times New Roman;\"> <\/span><a href=\"https:\/\/www.youtube.com\/watch?v=Ffw1u0aXn0o\">Trailer<\/a><\/p>\n","protected":false},"excerpt":{"rendered":"<p>USA, 1968 Regi\/manus: Roman Polanski Foto: William A. Fraker Med: Mia Farrow, John Cassavetes, Ruth Gordon, Sidney Blackmer, Patsy Kelly, Maurice Evans, Spilletid: 2h 18m Tekst: Ingen Rosemary og Guy er et ungt, nygift par som tar over et d\u00f8dsbo i den eksklusive New York-blokken the Bamford, uvitende om at bygget har en beryktet fortid. [&hellip;]<\/p>\n","protected":false},"author":2,"featured_media":0,"parent":0,"menu_order":0,"comment_status":"open","ping_status":"open","template":"","meta":{"footnotes":""},"class_list":["post-1393","page","type-page","status-publish","hentry"],"_links":{"self":[{"href":"https:\/\/www.bodofilmklubb.no\/index.php\/wp-json\/wp\/v2\/pages\/1393","targetHints":{"allow":["GET"]}}],"collection":[{"href":"https:\/\/www.bodofilmklubb.no\/index.php\/wp-json\/wp\/v2\/pages"}],"about":[{"href":"https:\/\/www.bodofilmklubb.no\/index.php\/wp-json\/wp\/v2\/types\/page"}],"author":[{"embeddable":true,"href":"https:\/\/www.bodofilmklubb.no\/index.php\/wp-json\/wp\/v2\/users\/2"}],"replies":[{"embeddable":true,"href":"https:\/\/www.bodofilmklubb.no\/index.php\/wp-json\/wp\/v2\/comments?post=1393"}],"version-history":[{"count":3,"href":"https:\/\/www.bodofilmklubb.no\/index.php\/wp-json\/wp\/v2\/pages\/1393\/revisions"}],"predecessor-version":[{"id":1396,"href":"https:\/\/www.bodofilmklubb.no\/index.php\/wp-json\/wp\/v2\/pages\/1393\/revisions\/1396"}],"wp:attachment":[{"href":"https:\/\/www.bodofilmklubb.no\/index.php\/wp-json\/wp\/v2\/media?parent=1393"}],"curies":[{"name":"wp","href":"https:\/\/api.w.org\/{rel}","templated":true}]}}