{"id":1443,"date":"2018-07-03T19:44:21","date_gmt":"2018-07-03T17:44:21","guid":{"rendered":"http:\/\/www.bodofilmklubb.no\/?page_id=1443"},"modified":"2026-01-18T12:10:57","modified_gmt":"2026-01-18T11:10:57","slug":"personvern-2","status":"publish","type":"page","link":"https:\/\/www.bodofilmklubb.no\/index.php\/personvern-2\/","title":{"rendered":"Personvern"},"content":{"rendered":"<p class=\"MsoNormal\"><strong>Behandlingsansvarlig<\/strong><\/p>\n<p class=\"MsoNormal\">Styreleder Michael Baumann er p\u00e5 vegne av Bod\u00f8 filmklubb behandlingsansvarlig for organisasjonens behandling av personopplysninger.<\/p>\n<p class=\"MsoNormal\"><strong>Personopplysninger som lagres<\/strong><\/p>\n<p class=\"MsoNormal\">Vi samler inn f\u00f8lgende personopplysninger om medlemmer av Bod\u00f8 filmklubb:<\/p>\n<p class=\"MsoNormal\">Navn, adresse og f\u00f8dsels\u00e5r. N\u00e5r oppgitt, ogs\u00e5 e-postadresse (frivillig informasjon).<\/p>\n<p class=\"MsoNormal\"><strong>Form\u00e5l med behandlingen<\/strong><\/p>\n<p class=\"MsoNormal\">Vi behandler opplysningene for \u00e5 kunne gjennomf\u00f8re v\u00e5re forpliktelser etter avtale med deg.<\/p>\n<p class=\"MsoNormal\">Vi benytter ogs\u00e5 opplysningene for \u00e5 kunne gi deg informasjon, tilbud og service i forbindelse med din relasjon til oss via e-post, n\u00e5r du har oppgitt e-postadresse til oss.<\/p>\n<p class=\"MsoNormal\">Norsk Filmklubbforbund, som Bod\u00f8 filmklubb er medlem av, samler inn kopi av v\u00e5re medlemslister for \u00e5 dokumentere aktivitet og medlemstall i forbindelse med ulike former for offentlig st\u00f8tte til filmklubbvirksomheten. De brukes ikke til \u00e5 kontakte medlemmene annet enn i forbindelse med eventuell offentlig revisjon.<\/p>\n<p class=\"MsoNormal\"><strong>Grunnlaget for behandlingen<\/strong><\/p>\n<p class=\"MsoNormal\">Informasjon om navn, adresse, f\u00f8dsels\u00e5r og e-postadresse benyttes for \u00e5 oppfylle medlemskap. Grunnlaget for denne behandlingen er personvernforordningens artikkel Art 6 (b). Som medlem i Bod\u00f8 filmklubb benyttes opplysningene til \u00e5 gi deg informasjon, tilbud og service i forbindelse med ditt medlemskap via e-post. Grunnlaget for denne behandlingen er personvernforordningen Art 6 (a). Du kan n\u00e5r som helst takke nei til \u00e5 motta slik informasjon fra oss.<\/p>\n<p class=\"MsoNormal\"><strong>Innhenting av personopplysninger<\/strong><\/p>\n<p class=\"MsoNormal\">Vi lagrer de personopplysningene du har avgitt til oss ved registrering som medlem i Bod\u00f8 filmklubb.<\/p>\n<p class=\"MsoNormal\"><strong>Utlevering av opplysninger til tredjeparter<\/strong><\/p>\n<p class=\"MsoNormal\">Norsk Filmklubbforbund, som Bod\u00f8 filmklubb er medlem av, samler inn kopi av v\u00e5re medlemslister for \u00e5 dokumentere aktivitet og medlemstall i forbindelse med ulike former for offentlig st\u00f8tte til filmklubbvirksomheten. De brukes ikke til \u00e5 kontakte medlemmene annet enn i forbindelse med eventuell offentlig revisjon.<\/p>\n<p class=\"MsoNormal\">Vi vil ikke dele, selge, overf\u00f8re eller p\u00e5 annen m\u00e5te utlevere personopplysninger til andre, med mindre vi er rettslig forpliktet til det.<\/p>\n<p class=\"MsoNormal\"><strong>Sletting av personopplysninger<\/strong><\/p>\n<p class=\"MsoNormal\">Opplysninger vi og Norsk filmklubbforbund etter bokf\u00f8ringsloven er forpliktet til \u00e5 bevare vil lagres i inntil 5 \u00e5r, i henhold til lovens krav.<\/p>\n<p class=\"MsoNormal\"><strong>Rettigheter for den registrerte<\/strong><\/p>\n<p class=\"MsoNormal\">Vi behandler dine personopplysninger i henhold til personopplysningsloven og gjeldende forskrifter. Det gj\u00f8res oppmerksom p\u00e5 at du kan kreve innsyn i og flytting av egne personopplysninger, samt kreve retting eller sletting av opplysninger. Det kan klages til Datatilsynet p\u00e5 behandling i strid med reglene.<\/p>\n<p class=\"MsoNormal\"><strong>Informasjonssikkerhet<\/strong><\/p>\n<p class=\"MsoNormal\">Vi sikrer dine personopplysninger ved b\u00e5de fysisk og virtuell adgangs- og tilgangskontroll.<\/p>\n<p class=\"MsoNormal\"><strong>Kontaktinformasjon<\/strong><\/p>\n<p class=\"MsoNormal\">Henvendelser om hvilke opplysninger som er registrert, retting og sletting kan sende skriftlig til f\u00f8lgende adresser:<\/p>\n<p class=\"MsoNormal\">post(at)bodofilmklubb.no<\/p>\n<p class=\"MsoNormal\">Bod\u00f8 filmklubb<\/p>\n<p class=\"MsoNormal\">c\/o Michael Baumann<\/p>\n<p class=\"MsoNormal\">Breidablikkveien 7a<\/p>\n<p class=\"MsoNormal\">8009 Bod\u00f8<\/p>\n","protected":false},"excerpt":{"rendered":"<p>Behandlingsansvarlig Styreleder Michael Baumann er p\u00e5 vegne av Bod\u00f8 filmklubb behandlingsansvarlig for organisasjonens behandling av personopplysninger. Personopplysninger som lagres Vi samler inn f\u00f8lgende personopplysninger om medlemmer av Bod\u00f8 filmklubb: Navn, adresse og f\u00f8dsels\u00e5r. N\u00e5r oppgitt, ogs\u00e5 e-postadresse (frivillig informasjon). Form\u00e5l med behandlingen Vi behandler opplysningene for \u00e5 kunne gjennomf\u00f8re v\u00e5re forpliktelser etter avtale med deg. [&hellip;]<\/p>\n","protected":false},"author":2,"featured_media":0,"parent":0,"menu_order":0,"comment_status":"closed","ping_status":"open","template":"","meta":{"footnotes":""},"class_list":["post-1443","page","type-page","status-publish","hentry"],"_links":{"self":[{"href":"https:\/\/www.bodofilmklubb.no\/index.php\/wp-json\/wp\/v2\/pages\/1443","targetHints":{"allow":["GET"]}}],"collection":[{"href":"https:\/\/www.bodofilmklubb.no\/index.php\/wp-json\/wp\/v2\/pages"}],"about":[{"href":"https:\/\/www.bodofilmklubb.no\/index.php\/wp-json\/wp\/v2\/types\/page"}],"author":[{"embeddable":true,"href":"https:\/\/www.bodofilmklubb.no\/index.php\/wp-json\/wp\/v2\/users\/2"}],"replies":[{"embeddable":true,"href":"https:\/\/www.bodofilmklubb.no\/index.php\/wp-json\/wp\/v2\/comments?post=1443"}],"version-history":[{"count":3,"href":"https:\/\/www.bodofilmklubb.no\/index.php\/wp-json\/wp\/v2\/pages\/1443\/revisions"}],"predecessor-version":[{"id":2643,"href":"https:\/\/www.bodofilmklubb.no\/index.php\/wp-json\/wp\/v2\/pages\/1443\/revisions\/2643"}],"wp:attachment":[{"href":"https:\/\/www.bodofilmklubb.no\/index.php\/wp-json\/wp\/v2\/media?parent=1443"}],"curies":[{"name":"wp","href":"https:\/\/api.w.org\/{rel}","templated":true}]}}