{"id":1452,"date":"2018-08-25T14:05:11","date_gmt":"2018-08-25T12:05:11","guid":{"rendered":"http:\/\/www.bodofilmklubb.no\/?page_id=1452"},"modified":"2018-08-28T15:57:58","modified_gmt":"2018-08-28T13:57:58","slug":"tirsdagsfilm-040918","status":"publish","type":"page","link":"https:\/\/www.bodofilmklubb.no\/index.php\/tirsdagsfilm-040918\/","title":{"rendered":"tirsdagsfilm 040918"},"content":{"rendered":"<p class=\"MsoNormal\">Denne kanadiske perlen fra 2005 forteller historien til Zac og hans oppveksthistorie i en familie med fire br\u00f8dre i 1960 og 70-tallets Quebec. Faren er dypt konservativ og takler d\u00e5rlig at Zac viser tegn til \u00e5 v\u00e6re annerledes enn br\u00f8drene. Det vil ikke bli lett for Zac \u00e5 vise \u00e5pent at han er homofil.<\/p>\n<p class=\"MsoNormal\">Regiss\u00f8r Jean-Marc Vall\u00e9e har med denne filmen laget en av de mest vellykkede oppvekst- og komme-ut-av-skapet-fortellingene som er festet p\u00e5 film. Filmen l\u00e5ner mye av historien sin av manusforfatteren Fran\u00e7ois Boulays egen oppvekst. Det er nok derfor at filmen kjennes s\u00e5 ektef\u00f8lt. Det hjelper ogs\u00e5 at den har et ekstraordin\u00e6rt soundtrack som l\u00f8fter den enda noen hakk!<\/p>\n","protected":false},"excerpt":{"rendered":"<p>Denne kanadiske perlen fra 2005 forteller historien til Zac og hans oppveksthistorie i en familie med fire br\u00f8dre i 1960 og 70-tallets Quebec. Faren er dypt konservativ og takler d\u00e5rlig at Zac viser tegn til \u00e5 v\u00e6re annerledes enn br\u00f8drene. Det vil ikke bli lett for Zac \u00e5 vise \u00e5pent at han er homofil. Regiss\u00f8r [&hellip;]<\/p>\n","protected":false},"author":2,"featured_media":0,"parent":0,"menu_order":0,"comment_status":"open","ping_status":"open","template":"","meta":{"footnotes":""},"class_list":["post-1452","page","type-page","status-publish","hentry"],"_links":{"self":[{"href":"https:\/\/www.bodofilmklubb.no\/index.php\/wp-json\/wp\/v2\/pages\/1452","targetHints":{"allow":["GET"]}}],"collection":[{"href":"https:\/\/www.bodofilmklubb.no\/index.php\/wp-json\/wp\/v2\/pages"}],"about":[{"href":"https:\/\/www.bodofilmklubb.no\/index.php\/wp-json\/wp\/v2\/types\/page"}],"author":[{"embeddable":true,"href":"https:\/\/www.bodofilmklubb.no\/index.php\/wp-json\/wp\/v2\/users\/2"}],"replies":[{"embeddable":true,"href":"https:\/\/www.bodofilmklubb.no\/index.php\/wp-json\/wp\/v2\/comments?post=1452"}],"version-history":[{"count":4,"href":"https:\/\/www.bodofilmklubb.no\/index.php\/wp-json\/wp\/v2\/pages\/1452\/revisions"}],"predecessor-version":[{"id":1468,"href":"https:\/\/www.bodofilmklubb.no\/index.php\/wp-json\/wp\/v2\/pages\/1452\/revisions\/1468"}],"wp:attachment":[{"href":"https:\/\/www.bodofilmklubb.no\/index.php\/wp-json\/wp\/v2\/media?parent=1452"}],"curies":[{"name":"wp","href":"https:\/\/api.w.org\/{rel}","templated":true}]}}