{"id":1463,"date":"2018-08-25T14:20:00","date_gmt":"2018-08-25T12:20:00","guid":{"rendered":"http:\/\/www.bodofilmklubb.no\/?page_id=1463"},"modified":"2018-10-28T13:49:01","modified_gmt":"2018-10-28T11:49:01","slug":"tirsdagsfilm-061118","status":"publish","type":"page","link":"https:\/\/www.bodofilmklubb.no\/index.php\/tirsdagsfilm-061118\/","title":{"rendered":"Tirsdagsfilm 061118"},"content":{"rendered":"<p>Det beste fra 2003 &#8211; Filmklubben fyller 15 \u00e5r i h\u00f8st og vi plukker en av  v\u00e5re absolutte filmfavoritter fra \u00e5ret vi startet v\u00e5r virksomhet!<\/p>\n<p>Den russiske regiss\u00f8ren\u00a0<span>Andrej Zvyagintsev har de siste \u00e5rene etablert seg som den st\u00f8rste n\u00e5levende regiss\u00f8ren i dette landet med<\/span> en s\u00e5 stor og s\u00e6rpreget kinotradisjon. Med filmer som <em>Leviathan<\/em>, <em>Elena<\/em> og sist <em>Savnet<\/em>, har han bergtatt et stort internasjonalt publikum &#8211; og Bod\u00f8 filmklubb. For f\u00f8rste gang oppmerksom p\u00e5\u00a0Zvyagintsev\u00a0ble vi imidlertid i 2003, da dagens film kom p\u00e5 norske festivaler og omsider i filmklubbens program. Det er en film vi ofte har pratet om i ettertid og som vi med glede henter frem igjen for \u00e5 markere 15 \u00e5r med filmklubbdrift i Bod\u00f8.<\/p>\n<p>Om filmen:<\/p>\n<p><span>Br\u00f8drene Andrej og Vanja bor med sin mor et grissgrendt sted nord i Russland. Faren forlot familien for mange \u00e5r siden. Vi vet ikke hvorfor. En dag &#8211; uten forvarsel eller forklaring &#8211; ber mor guttungene om \u00e5 v\u00e6re litt stille. Far er hjemme. Og ganske riktig. I ektesengen ligger en mann guttene kun kjenner fra et gulnet fotografi de har gjemt i en bok p\u00e5 loftet. Mannen st\u00e5r etter hvert opp, setter seg til bords og inntar rollen som autorit\u00e6rt familieoverhode som om intet hadde hendt. <\/span><\/p>\n<p><span>Andrej og Vanja m\u00e5 raskt finne ut av hva de skal tro og f\u00f8le om den fremmede, f\u00e5m\u00e6lte machokraften som br\u00e5tt har invadert deres liv, og forholder seg til faren p\u00e5 hvert sitt vis. Storebror Andrej ser en etterlengtet rollemodell og s\u00f8ker anerkjennelse, mens Vanja ser et svik og en trussel. <\/span><\/p>\n<p><span>Neste morgen tar faren med seg s\u00f8nnene p\u00e5 en fisketur til en \u00f8de innsj\u00f8, tilsynelatende for bli kjent med dem og omsider \u00e5 ut\u00f8ve litt maskulin innflytelse, men ogs\u00e5 med skjulte, tvetydige motiver. Han har v\u00e6rt her f\u00f8r, og i innsj\u00f8en ligger det en \u00f8y&#8230; <\/span><\/p>\n<p><span>Hvor har faren v\u00e6rt alle disse \u00e5rene? Hvorfor dro han og hvorfor kom han tilbake? Har han v\u00e6rt i fengsel? I krig? Begge deler virker sannsynlig. Hva vil han med sine s\u00f8nner, og hva skjuler seg p\u00e5 \u00f8ya? <\/span><\/p>\n","protected":false},"excerpt":{"rendered":"<p>Det beste fra 2003 &#8211; Filmklubben fyller 15 \u00e5r i h\u00f8st og vi plukker en av v\u00e5re absolutte filmfavoritter fra \u00e5ret vi startet v\u00e5r virksomhet! Den russiske regiss\u00f8ren\u00a0Andrej Zvyagintsev har de siste \u00e5rene etablert seg som den st\u00f8rste n\u00e5levende regiss\u00f8ren i dette landet med en s\u00e5 stor og s\u00e6rpreget kinotradisjon. Med filmer som Leviathan, Elena [&hellip;]<\/p>\n","protected":false},"author":2,"featured_media":0,"parent":0,"menu_order":0,"comment_status":"open","ping_status":"open","template":"","meta":{"footnotes":""},"class_list":["post-1463","page","type-page","status-publish","hentry"],"_links":{"self":[{"href":"https:\/\/www.bodofilmklubb.no\/index.php\/wp-json\/wp\/v2\/pages\/1463","targetHints":{"allow":["GET"]}}],"collection":[{"href":"https:\/\/www.bodofilmklubb.no\/index.php\/wp-json\/wp\/v2\/pages"}],"about":[{"href":"https:\/\/www.bodofilmklubb.no\/index.php\/wp-json\/wp\/v2\/types\/page"}],"author":[{"embeddable":true,"href":"https:\/\/www.bodofilmklubb.no\/index.php\/wp-json\/wp\/v2\/users\/2"}],"replies":[{"embeddable":true,"href":"https:\/\/www.bodofilmklubb.no\/index.php\/wp-json\/wp\/v2\/comments?post=1463"}],"version-history":[{"count":3,"href":"https:\/\/www.bodofilmklubb.no\/index.php\/wp-json\/wp\/v2\/pages\/1463\/revisions"}],"predecessor-version":[{"id":1519,"href":"https:\/\/www.bodofilmklubb.no\/index.php\/wp-json\/wp\/v2\/pages\/1463\/revisions\/1519"}],"wp:attachment":[{"href":"https:\/\/www.bodofilmklubb.no\/index.php\/wp-json\/wp\/v2\/media?parent=1463"}],"curies":[{"name":"wp","href":"https:\/\/api.w.org\/{rel}","templated":true}]}}