{"id":1504,"date":"2018-10-07T13:42:57","date_gmt":"2018-10-07T11:42:57","guid":{"rendered":"http:\/\/www.bodofilmklubb.no\/?page_id=1504"},"modified":"2018-10-07T13:42:57","modified_gmt":"2018-10-07T11:42:57","slug":"tirsdagsfilm-271118","status":"publish","type":"page","link":"https:\/\/www.bodofilmklubb.no\/index.php\/tirsdagsfilm-271118\/","title":{"rendered":"Tirsdagsfilm 271118"},"content":{"rendered":"<p class=\"x_MsoNormal\"><strong>JazzFilm<\/strong><\/p>\n<p class=\"x_MsoNormal\"><strong><\/strong>Amerikansk<span> <\/span><span>biografisk film<\/span> om jazz saxoponisten Charlie Parker sitt liv.<\/p>\n<p class=\"x_MsoNormal\"><span>produsert &amp; regissert av <\/span><span class=\"x_MsoHyperlink\"><span><a rel=\"noopener noreferrer\" href=\"https:\/\/en.wikipedia.org\/wiki\/Clint_Eastwood\" target=\"_blank\"><span>Clint Eastwood<\/span><\/a><\/span><\/span><span> . \u00c5r: 1988<\/span><\/p>\n<p class=\"x_MsoNormal\"><span>Plot:  \u00c5ret er 1939. Charlie Parker flytter til New York hvor han spiller p\u00e5  ulike jazzscener. Han m\u00f8ter trompetisten Dizzy Gillespie (<\/span><span class=\"x_MsoHyperlink\"><span><span>Samuel E. Wright<\/span><\/span><\/span><span>). \u00abBepop\u00bb sjangeren kom som et resultat av samarbeidet deres. <\/span><\/p>\n","protected":false},"excerpt":{"rendered":"<p>JazzFilm Amerikansk biografisk film om jazz saxoponisten Charlie Parker sitt liv. produsert &amp; regissert av Clint Eastwood . \u00c5r: 1988 Plot: \u00c5ret er 1939. Charlie Parker flytter til New York hvor han spiller p\u00e5 ulike jazzscener. Han m\u00f8ter trompetisten Dizzy Gillespie (Samuel E. Wright). \u00abBepop\u00bb sjangeren kom som et resultat av samarbeidet deres.<\/p>\n","protected":false},"author":2,"featured_media":0,"parent":0,"menu_order":0,"comment_status":"open","ping_status":"open","template":"","meta":{"footnotes":""},"class_list":["post-1504","page","type-page","status-publish","hentry"],"_links":{"self":[{"href":"https:\/\/www.bodofilmklubb.no\/index.php\/wp-json\/wp\/v2\/pages\/1504","targetHints":{"allow":["GET"]}}],"collection":[{"href":"https:\/\/www.bodofilmklubb.no\/index.php\/wp-json\/wp\/v2\/pages"}],"about":[{"href":"https:\/\/www.bodofilmklubb.no\/index.php\/wp-json\/wp\/v2\/types\/page"}],"author":[{"embeddable":true,"href":"https:\/\/www.bodofilmklubb.no\/index.php\/wp-json\/wp\/v2\/users\/2"}],"replies":[{"embeddable":true,"href":"https:\/\/www.bodofilmklubb.no\/index.php\/wp-json\/wp\/v2\/comments?post=1504"}],"version-history":[{"count":2,"href":"https:\/\/www.bodofilmklubb.no\/index.php\/wp-json\/wp\/v2\/pages\/1504\/revisions"}],"predecessor-version":[{"id":1507,"href":"https:\/\/www.bodofilmklubb.no\/index.php\/wp-json\/wp\/v2\/pages\/1504\/revisions\/1507"}],"wp:attachment":[{"href":"https:\/\/www.bodofilmklubb.no\/index.php\/wp-json\/wp\/v2\/media?parent=1504"}],"curies":[{"name":"wp","href":"https:\/\/api.w.org\/{rel}","templated":true}]}}