{"id":1523,"date":"2018-11-10T21:32:46","date_gmt":"2018-11-10T19:32:46","guid":{"rendered":"http:\/\/www.bodofilmklubb.no\/?page_id=1523"},"modified":"2019-01-19T22:15:50","modified_gmt":"2019-01-19T20:15:50","slug":"mandy","status":"publish","type":"page","link":"https:\/\/www.bodofilmklubb.no\/index.php\/mandy\/","title":{"rendered":"Mandy"},"content":{"rendered":"<p>V\u00e5rsemesteret 2019 f\u00e5r en knall\u00e5pning med <em><strong>Mandy<\/strong><\/em>.<\/p>\n<p>I Norge rett p\u00e5 DVD\/BluRay, uten ordin\u00e6r kinodistribusjon, fikk\u00a0<em>Mandy <\/em>bare noen f\u00e5 visninger p\u00e5 festivaler og Cinematekene. Jungeltelegrafen runget av lovord og WTF-kommentarer.<\/p>\n<p><em>Mandy <\/em>er s\u00e5 til de grader en film som <strong>m\u00e5 <\/strong>ses p\u00e5 kino. <em>Mandy <\/em>er like deler hyllest til skrekk\/thriller-sjangeren som det er en singul\u00e6r kunstnerisk visjon.<\/p>\n<p>Sammen med den norske filmfotografen Benjamin Loeb tegner regiss\u00f8r Panos Cosmatos bilder p\u00e5 lerretet som du ikke har sett f\u00f8r (i hvert fall ikke i n\u00f8kternt tilstand). Filmens brilliante lydspor er ved islandske\u00a0J\u00f3hann J\u00f3hannsson.<\/p>\n<p>Selv om du til vanlig ikke f\u00f8ler sterkt for sjangerfilm, s\u00e5 burde du oppleve dette p\u00e5 kino.<\/p>\n<p>Vises med engelsk tale uten norske tekster.<\/p>\n<p><a href=\"https:\/\/www.youtube.com\/watch?v=rI054ow6KJk\">Trailer<\/a><\/p>\n<p>Omtale fra Bergen internasjonale filmfestival:<\/p>\n<div>\n<div class=\"ingress\">\n<p>Panos Cosmatos\u2019 MANDY er  ikke en film \u2013 den er en feberdr\u00f8m. F\u00f8lelsen av \u00e5 bevege seg gjennom  denne visuelt overveldende hevnhistorien kan nemlig best sammenlignes  med \u00e5 f\u00e5 sine egne utydelige minner om 80-tallets fantasytegneserier,  heavy metal-omslag og skrekkfilmer projisert p\u00e5 lerretet via en linse  som forvrenger det hele til et mareritt fra en annen dimensjon.<\/p><\/div>\n<div class=\"bodytext\">\n<p>Nicolas Cage spiller  t\u00f8mmerhuggeren Red og Andrea Riseborough spiller kj\u00e6resten Mandy. Sammen  har de bygget seg et paradis langt ute i skogen, der de dyrker  kj\u00e6rligheten og utenforskapet. Idyllen knuses n\u00e5r onde kultmedlemmer og  bikerdemoner fra helvete kidnapper Mandy, og dermed har Red intet annet  valg enn \u00e5 begi seg ut p\u00e5 jakt \u2013 bev\u00e6pnet med armbr\u00f8st, motorsag og  filmhistoriens grimmeste \u00f8ks. Med en usedvanlig opplagt Cage i  hovedrollen \u2013 som nok en gang beviser at han er p\u00e5 sitt beste n\u00e5r han  har minst mulig bakkekontakt \u2013 og en serie forbl\u00f8ffende tabl\u00e5er signert  filmens norske fotograf Benjamin Loeb, er MANDY like leken som den er  forstyrrende.<\/p><\/div>\n<\/div>\n","protected":false},"excerpt":{"rendered":"<p>V\u00e5rsemesteret 2019 f\u00e5r en knall\u00e5pning med Mandy. I Norge rett p\u00e5 DVD\/BluRay, uten ordin\u00e6r kinodistribusjon, fikk\u00a0Mandy bare noen f\u00e5 visninger p\u00e5 festivaler og Cinematekene. Jungeltelegrafen runget av lovord og WTF-kommentarer. Mandy er s\u00e5 til de grader en film som m\u00e5 ses p\u00e5 kino. Mandy er like deler hyllest til skrekk\/thriller-sjangeren som det er en singul\u00e6r [&hellip;]<\/p>\n","protected":false},"author":2,"featured_media":0,"parent":0,"menu_order":0,"comment_status":"open","ping_status":"open","template":"","meta":{"footnotes":""},"class_list":["post-1523","page","type-page","status-publish","hentry"],"_links":{"self":[{"href":"https:\/\/www.bodofilmklubb.no\/index.php\/wp-json\/wp\/v2\/pages\/1523","targetHints":{"allow":["GET"]}}],"collection":[{"href":"https:\/\/www.bodofilmklubb.no\/index.php\/wp-json\/wp\/v2\/pages"}],"about":[{"href":"https:\/\/www.bodofilmklubb.no\/index.php\/wp-json\/wp\/v2\/types\/page"}],"author":[{"embeddable":true,"href":"https:\/\/www.bodofilmklubb.no\/index.php\/wp-json\/wp\/v2\/users\/2"}],"replies":[{"embeddable":true,"href":"https:\/\/www.bodofilmklubb.no\/index.php\/wp-json\/wp\/v2\/comments?post=1523"}],"version-history":[{"count":4,"href":"https:\/\/www.bodofilmklubb.no\/index.php\/wp-json\/wp\/v2\/pages\/1523\/revisions"}],"predecessor-version":[{"id":1556,"href":"https:\/\/www.bodofilmklubb.no\/index.php\/wp-json\/wp\/v2\/pages\/1523\/revisions\/1556"}],"wp:attachment":[{"href":"https:\/\/www.bodofilmklubb.no\/index.php\/wp-json\/wp\/v2\/media?parent=1523"}],"curies":[{"name":"wp","href":"https:\/\/api.w.org\/{rel}","templated":true}]}}