{"id":1535,"date":"2018-12-17T20:21:24","date_gmt":"2018-12-17T18:21:24","guid":{"rendered":"http:\/\/www.bodofilmklubb.no\/?page_id=1535"},"modified":"2018-12-17T20:21:24","modified_gmt":"2018-12-17T18:21:24","slug":"tirsdagsfilm-080119","status":"publish","type":"page","link":"https:\/\/www.bodofilmklubb.no\/index.php\/tirsdagsfilm-080119\/","title":{"rendered":"Tirsdagsfilm 080119"},"content":{"rendered":"<p>God film!<\/p>\n<p class=\"MsoNormal\">Fra et storbyliv med sm\u00e5kriminalitet blir ten\u00e5ringsp\u00f8belen Ricky sendt til den newzealandske landsbygda for \u00e5 bo hos sin nye fosterfamilie. Hos kj\u00e6rlige tante Bella, kranglete onkel Hec (Sam Neill) og hunden Tupac, finner Ricky seg fort til rette \u2013 i alle fall for en stund. N\u00e5r en tragisk hendelse truer med \u00e5 sende ham videre til et nytt hjem, legger Ricky p\u00e5 flukt med onkel Hec hakk i h\u00e6l. Flukten utvikler seg etter hvert til en nasjonal menneskejakt, og til slutt m\u00e5 de to lovl\u00f8se mennene legge sine uoverenskomster til side for \u00e5 overleve som en familie.<\/p>\n<p class=\"MsoNormal\">Rett f\u00f8r han laget storfilmen <em>Thor: Ragnarok<\/em> laget newzealandske Taika Waititi denne perlen av en dramakomedie. Sjeldent \u00e5 se en s\u00e5 flott balanse mellom komedie og virkelig flotte karakterer i en fortelling der du virkelig f\u00e5r f\u00f8lelsen av at noe st\u00e5r p\u00e5 spill. Og ikke til \u00e5 glemme: Et karriereh\u00f8ydepunkt i Sam Neills arbeid som skuespiller.<\/p>\n<p class=\"MsoNormal\">En fantastisk god film \u2013 rett og slett!<\/p>\n","protected":false},"excerpt":{"rendered":"<p>God film! Fra et storbyliv med sm\u00e5kriminalitet blir ten\u00e5ringsp\u00f8belen Ricky sendt til den newzealandske landsbygda for \u00e5 bo hos sin nye fosterfamilie. Hos kj\u00e6rlige tante Bella, kranglete onkel Hec (Sam Neill) og hunden Tupac, finner Ricky seg fort til rette \u2013 i alle fall for en stund. N\u00e5r en tragisk hendelse truer med \u00e5 sende [&hellip;]<\/p>\n","protected":false},"author":2,"featured_media":0,"parent":0,"menu_order":0,"comment_status":"open","ping_status":"open","template":"","meta":{"footnotes":""},"class_list":["post-1535","page","type-page","status-publish","hentry"],"_links":{"self":[{"href":"https:\/\/www.bodofilmklubb.no\/index.php\/wp-json\/wp\/v2\/pages\/1535","targetHints":{"allow":["GET"]}}],"collection":[{"href":"https:\/\/www.bodofilmklubb.no\/index.php\/wp-json\/wp\/v2\/pages"}],"about":[{"href":"https:\/\/www.bodofilmklubb.no\/index.php\/wp-json\/wp\/v2\/types\/page"}],"author":[{"embeddable":true,"href":"https:\/\/www.bodofilmklubb.no\/index.php\/wp-json\/wp\/v2\/users\/2"}],"replies":[{"embeddable":true,"href":"https:\/\/www.bodofilmklubb.no\/index.php\/wp-json\/wp\/v2\/comments?post=1535"}],"version-history":[{"count":1,"href":"https:\/\/www.bodofilmklubb.no\/index.php\/wp-json\/wp\/v2\/pages\/1535\/revisions"}],"predecessor-version":[{"id":1536,"href":"https:\/\/www.bodofilmklubb.no\/index.php\/wp-json\/wp\/v2\/pages\/1535\/revisions\/1536"}],"wp:attachment":[{"href":"https:\/\/www.bodofilmklubb.no\/index.php\/wp-json\/wp\/v2\/media?parent=1535"}],"curies":[{"name":"wp","href":"https:\/\/api.w.org\/{rel}","templated":true}]}}