{"id":1562,"date":"2019-01-21T21:07:40","date_gmt":"2019-01-21T19:07:40","guid":{"rendered":"http:\/\/www.bodofilmklubb.no\/?page_id=1562"},"modified":"2019-01-21T21:09:42","modified_gmt":"2019-01-21T19:09:42","slug":"tirsdagsfilm-050219","status":"publish","type":"page","link":"https:\/\/www.bodofilmklubb.no\/index.php\/tirsdagsfilm-050219\/","title":{"rendered":"Tirsdagsfilm 050219"},"content":{"rendered":"<p><strong>Samisk uke<\/strong><\/p>\n<p>Stormen bibliotek preges av samisk uke og filmklubben bidrar med film passende til tema.\u00a0Denne svenske filmen fra 2016 forteller historien til Elle Marja, 14, en reindriftssamisk jente. Hun blir utsatt for rasisme p\u00e5 1930-tallet, og rase-biologiske unders\u00f8kelser p\u00e5 kostskole.\u00a0Filmen utforsker ungdomsoppr\u00f8r, selvrealisering, \u00f8konomisk makt og hvordan et samfunns kollektive grusomheter kan p\u00e5f\u00f8re mennesker en skamf\u00f8lelse som f\u00f8rer til selvforakt og \u00f8delagte familier. Det er likevel ikke en bare dyster fortelling og filmen gir noen universelle betraktninger om det \u00e5 kjempe mot undertrykkelse og egen skamf\u00f8lelse som gj\u00f8r den aktuell p\u00e5 flere vis.<\/p>\n<p>Kl. 18:00 Stormen bibliotek &#8211; Gratis for alle. Aldersgrense 9 \u00e5r<\/p>\n","protected":false},"excerpt":{"rendered":"<p>Samisk uke Stormen bibliotek preges av samisk uke og filmklubben bidrar med film passende til tema.\u00a0Denne svenske filmen fra 2016 forteller historien til Elle Marja, 14, en reindriftssamisk jente. Hun blir utsatt for rasisme p\u00e5 1930-tallet, og rase-biologiske unders\u00f8kelser p\u00e5 kostskole.\u00a0Filmen utforsker ungdomsoppr\u00f8r, selvrealisering, \u00f8konomisk makt og hvordan et samfunns kollektive grusomheter kan p\u00e5f\u00f8re mennesker [&hellip;]<\/p>\n","protected":false},"author":2,"featured_media":0,"parent":0,"menu_order":0,"comment_status":"open","ping_status":"open","template":"","meta":{"footnotes":""},"class_list":["post-1562","page","type-page","status-publish","hentry"],"_links":{"self":[{"href":"https:\/\/www.bodofilmklubb.no\/index.php\/wp-json\/wp\/v2\/pages\/1562","targetHints":{"allow":["GET"]}}],"collection":[{"href":"https:\/\/www.bodofilmklubb.no\/index.php\/wp-json\/wp\/v2\/pages"}],"about":[{"href":"https:\/\/www.bodofilmklubb.no\/index.php\/wp-json\/wp\/v2\/types\/page"}],"author":[{"embeddable":true,"href":"https:\/\/www.bodofilmklubb.no\/index.php\/wp-json\/wp\/v2\/users\/2"}],"replies":[{"embeddable":true,"href":"https:\/\/www.bodofilmklubb.no\/index.php\/wp-json\/wp\/v2\/comments?post=1562"}],"version-history":[{"count":2,"href":"https:\/\/www.bodofilmklubb.no\/index.php\/wp-json\/wp\/v2\/pages\/1562\/revisions"}],"predecessor-version":[{"id":1565,"href":"https:\/\/www.bodofilmklubb.no\/index.php\/wp-json\/wp\/v2\/pages\/1562\/revisions\/1565"}],"wp:attachment":[{"href":"https:\/\/www.bodofilmklubb.no\/index.php\/wp-json\/wp\/v2\/media?parent=1562"}],"curies":[{"name":"wp","href":"https:\/\/api.w.org\/{rel}","templated":true}]}}