{"id":1581,"date":"2019-02-24T18:27:00","date_gmt":"2019-02-24T16:27:00","guid":{"rendered":"http:\/\/www.bodofilmklubb.no\/?page_id=1581"},"modified":"2019-02-24T18:28:52","modified_gmt":"2019-02-24T16:28:52","slug":"tirsdagsfilm-050319","status":"publish","type":"page","link":"https:\/\/www.bodofilmklubb.no\/index.php\/tirsdagsfilm-050319\/","title":{"rendered":"Tirsdagsfilm 050319"},"content":{"rendered":"<p><span>Vi fortsetter \u00e5 vise filmer som dessverre har kj\u00f8rt under radaren her i landet. Tamara Jenkins film fra 2018 er havnet p\u00e5 veldig mange topp-lister over film fra 2018, men uten stor kinolansering og ingen Oscar-nominasjoner er den forblitt ukjent for et st\u00f8rre publikum. Og det er en skam! Den er en av de sjeldne filmene for et voksent publikum som balanserer humor og alvor p\u00e5 en perfekt m\u00e5te. I tillegg til \u00e5 skilte med helt fantastiske skuespillerprestasjoner. Paul Giamatti\u00a0 og Kathryn Hahn er et 40-something-par i New York som har utsatt sine familieplaner s\u00e5 lenge at de n\u00e5 ikke klarer \u00e5 f\u00e5 barn p\u00e5 naturlig vis. Denne filmen handler i stor grad om fornektelse. V\u00e5rt par g\u00e5r gjennom mye for \u00e5 f\u00e5 oppfylt sitt \u00f8nske om et barn, og filmens styrke ligger i at de aldri blir latterliggjort p\u00e5 veien, selv om det er mye humor blandet inn i alt alvoret. Det ligger en \u00e5nd av Woody Allen over filmen, ikke bare fordi vi befinner oss i New York, men som i Allens beste filmer skinner det gjennom at regiss\u00f8ren elsker sine karakterer, samtidig som det er klart hvor latterlig mennesker kan oppf\u00f8re seg n\u00e5r de jakter dr\u00f8mmene sine.<\/span><\/p>\n<p><a href=\"https:\/\/www.bodofilmklubb.no\/index.php\/2018\/08\/tirsdagsfilmer-h%C3%B8sten-2018\/\">Info <\/a>om v\u00e5re tirsdagsfilmer i biblioteket.<\/p>\n","protected":false},"excerpt":{"rendered":"<p>Vi fortsetter \u00e5 vise filmer som dessverre har kj\u00f8rt under radaren her i landet. Tamara Jenkins film fra 2018 er havnet p\u00e5 veldig mange topp-lister over film fra 2018, men uten stor kinolansering og ingen Oscar-nominasjoner er den forblitt ukjent for et st\u00f8rre publikum. Og det er en skam! Den er en av de sjeldne [&hellip;]<\/p>\n","protected":false},"author":2,"featured_media":0,"parent":0,"menu_order":0,"comment_status":"open","ping_status":"open","template":"","meta":{"footnotes":""},"class_list":["post-1581","page","type-page","status-publish","hentry"],"_links":{"self":[{"href":"https:\/\/www.bodofilmklubb.no\/index.php\/wp-json\/wp\/v2\/pages\/1581","targetHints":{"allow":["GET"]}}],"collection":[{"href":"https:\/\/www.bodofilmklubb.no\/index.php\/wp-json\/wp\/v2\/pages"}],"about":[{"href":"https:\/\/www.bodofilmklubb.no\/index.php\/wp-json\/wp\/v2\/types\/page"}],"author":[{"embeddable":true,"href":"https:\/\/www.bodofilmklubb.no\/index.php\/wp-json\/wp\/v2\/users\/2"}],"replies":[{"embeddable":true,"href":"https:\/\/www.bodofilmklubb.no\/index.php\/wp-json\/wp\/v2\/comments?post=1581"}],"version-history":[{"count":2,"href":"https:\/\/www.bodofilmklubb.no\/index.php\/wp-json\/wp\/v2\/pages\/1581\/revisions"}],"predecessor-version":[{"id":1584,"href":"https:\/\/www.bodofilmklubb.no\/index.php\/wp-json\/wp\/v2\/pages\/1581\/revisions\/1584"}],"wp:attachment":[{"href":"https:\/\/www.bodofilmklubb.no\/index.php\/wp-json\/wp\/v2\/media?parent=1581"}],"curies":[{"name":"wp","href":"https:\/\/api.w.org\/{rel}","templated":true}]}}