{"id":1587,"date":"2019-02-24T18:44:09","date_gmt":"2019-02-24T16:44:09","guid":{"rendered":"http:\/\/www.bodofilmklubb.no\/?page_id=1587"},"modified":"2019-02-24T18:44:09","modified_gmt":"2019-02-24T16:44:09","slug":"tirsdagsfilm-020419","status":"publish","type":"page","link":"https:\/\/www.bodofilmklubb.no\/index.php\/tirsdagsfilm-020419\/","title":{"rendered":"Tirsdagsfilm 020419"},"content":{"rendered":"<p><span>Paul Schrader er en levende New-Hollywood-legende. Mest kjent som manusforfatter for blant annet <\/span><em><em>Taxi Driver<\/em><\/em><span> og<\/span><em> <em>Raging Bull<\/em><\/em><span>. Begge filmet av Martin Scorsese. N\u00e5 i en alder av 72 har han skrevet og regissert intet mindre som et mesterverk. Ethan Hawke er glimrende som prest i en bortgjemt menighet i USA. Kirken er mer museum enn levende menighet og det passer ham egentlig bra. Hawkes karakter har opplevd en personlig krise som har etterlatt ham i ensomhet og depresjon. S\u00e5 blir han kontaktet av et ungt par. Kona er bekymret for mannen sin som er milj\u00f8aktivist. Han har dystre tanker om fremtiden og muligens planer for en aksjon som ikke bare vil kunne koste ham livet. Med dette som utgangspunkt klarer Schrader som manusforfatter og regiss\u00f8r og si s\u00e5 mye om tro, h\u00e5p, fortvilelse og milj\u00f8politikk at man etter hvert sitter i sitrende spenning som om man skulle se en thriller og ikke et klokt drama. Vi kan ikke anbefale denne filmen nok og garantere deg at du vil b\u00e6re denne historien med deg i lang til etterp\u00e5. En av fjor\u00e5rets beste filmer og hvis det finnes noe rettferdighet i verden har Schrader n\u00e5 vunnet Oscar for beste manus for dette mesterverket.<\/span><\/p>\n<p><a href=\"https:\/\/www.bodofilmklubb.no\/index.php\/2018\/08\/tirsdagsfilmer-h%c3%b8sten-2018\/\">Info <\/a>om v\u00e5re tirsdagsfilmer i biblioteket.<\/p>\n","protected":false},"excerpt":{"rendered":"<p>Paul Schrader er en levende New-Hollywood-legende. Mest kjent som manusforfatter for blant annet Taxi Driver og Raging Bull. Begge filmet av Martin Scorsese. N\u00e5 i en alder av 72 har han skrevet og regissert intet mindre som et mesterverk. Ethan Hawke er glimrende som prest i en bortgjemt menighet i USA. Kirken er mer museum [&hellip;]<\/p>\n","protected":false},"author":2,"featured_media":0,"parent":0,"menu_order":0,"comment_status":"open","ping_status":"open","template":"","meta":{"footnotes":""},"class_list":["post-1587","page","type-page","status-publish","hentry"],"_links":{"self":[{"href":"https:\/\/www.bodofilmklubb.no\/index.php\/wp-json\/wp\/v2\/pages\/1587","targetHints":{"allow":["GET"]}}],"collection":[{"href":"https:\/\/www.bodofilmklubb.no\/index.php\/wp-json\/wp\/v2\/pages"}],"about":[{"href":"https:\/\/www.bodofilmklubb.no\/index.php\/wp-json\/wp\/v2\/types\/page"}],"author":[{"embeddable":true,"href":"https:\/\/www.bodofilmklubb.no\/index.php\/wp-json\/wp\/v2\/users\/2"}],"replies":[{"embeddable":true,"href":"https:\/\/www.bodofilmklubb.no\/index.php\/wp-json\/wp\/v2\/comments?post=1587"}],"version-history":[{"count":1,"href":"https:\/\/www.bodofilmklubb.no\/index.php\/wp-json\/wp\/v2\/pages\/1587\/revisions"}],"predecessor-version":[{"id":1588,"href":"https:\/\/www.bodofilmklubb.no\/index.php\/wp-json\/wp\/v2\/pages\/1587\/revisions\/1588"}],"wp:attachment":[{"href":"https:\/\/www.bodofilmklubb.no\/index.php\/wp-json\/wp\/v2\/media?parent=1587"}],"curies":[{"name":"wp","href":"https:\/\/api.w.org\/{rel}","templated":true}]}}