{"id":1595,"date":"2019-05-19T20:51:23","date_gmt":"2019-05-19T18:51:23","guid":{"rendered":"http:\/\/www.bodofilmklubb.no\/?page_id=1595"},"modified":"2019-05-19T20:53:30","modified_gmt":"2019-05-19T18:53:30","slug":"tirsdagsfilm-230519","status":"publish","type":"page","link":"https:\/\/www.bodofilmklubb.no\/index.php\/tirsdagsfilm-230519\/","title":{"rendered":"Tirsdagsfilm 230519"},"content":{"rendered":"<p class=\"MsoNormal\">Denne gangen \u00f8nsker vi \u00e5 l\u00f8fte frem en veldig spesiell dokumentarfilm om Den f\u00f8rste verdenskrigen.<\/p>\n<p class=\"MsoNormal\">Den oscarbel\u00f8nnede regiss\u00f8ren Peter Jackson (<em>Ringenes herre<\/em>) skapt en realistisk dokumentarfilm ved \u00e5 bruke nyrestaurerte filmklipp som har blitt fargelagt og f\u00e5tt lydspor. Takket v\u00e6re den digitale teknologien har Peter Jackson fjernet riper og smuss fra filmrullene og justert tempoet p\u00e5 de 100-\u00e5r gamle stumfilmene slik at mennesker r\u00f8rer seg i normalt tempo. Filmene er fargelagt og gjort om til 3D. Jackson har f\u00e5tt eksperter til \u00e5 lese munnen til personene p\u00e5 filmklippene for \u00e5 f\u00e5 lagt inn deres replikker og lagt p\u00e5 lyder.<\/p>\n<p class=\"MsoNormal\">Resultatet er en annerledes dokumentarfilm som velger \u00e5 se bort fra den historiske biten, og ser p\u00e5 menneskene som dro ut i krig, i sv\u00e6rt mange tilfeller for \u00e5 aldri vende hjem igjen.<\/p>\n","protected":false},"excerpt":{"rendered":"<p>Denne gangen \u00f8nsker vi \u00e5 l\u00f8fte frem en veldig spesiell dokumentarfilm om Den f\u00f8rste verdenskrigen. Den oscarbel\u00f8nnede regiss\u00f8ren Peter Jackson (Ringenes herre) skapt en realistisk dokumentarfilm ved \u00e5 bruke nyrestaurerte filmklipp som har blitt fargelagt og f\u00e5tt lydspor. Takket v\u00e6re den digitale teknologien har Peter Jackson fjernet riper og smuss fra filmrullene og justert tempoet [&hellip;]<\/p>\n","protected":false},"author":2,"featured_media":0,"parent":0,"menu_order":0,"comment_status":"open","ping_status":"open","template":"","meta":{"footnotes":""},"class_list":["post-1595","page","type-page","status-publish","hentry"],"_links":{"self":[{"href":"https:\/\/www.bodofilmklubb.no\/index.php\/wp-json\/wp\/v2\/pages\/1595","targetHints":{"allow":["GET"]}}],"collection":[{"href":"https:\/\/www.bodofilmklubb.no\/index.php\/wp-json\/wp\/v2\/pages"}],"about":[{"href":"https:\/\/www.bodofilmklubb.no\/index.php\/wp-json\/wp\/v2\/types\/page"}],"author":[{"embeddable":true,"href":"https:\/\/www.bodofilmklubb.no\/index.php\/wp-json\/wp\/v2\/users\/2"}],"replies":[{"embeddable":true,"href":"https:\/\/www.bodofilmklubb.no\/index.php\/wp-json\/wp\/v2\/comments?post=1595"}],"version-history":[{"count":3,"href":"https:\/\/www.bodofilmklubb.no\/index.php\/wp-json\/wp\/v2\/pages\/1595\/revisions"}],"predecessor-version":[{"id":1598,"href":"https:\/\/www.bodofilmklubb.no\/index.php\/wp-json\/wp\/v2\/pages\/1595\/revisions\/1598"}],"wp:attachment":[{"href":"https:\/\/www.bodofilmklubb.no\/index.php\/wp-json\/wp\/v2\/media?parent=1595"}],"curies":[{"name":"wp","href":"https:\/\/api.w.org\/{rel}","templated":true}]}}