{"id":1603,"date":"2019-08-24T11:31:52","date_gmt":"2019-08-24T09:31:52","guid":{"rendered":"http:\/\/www.bodofilmklubb.no\/?page_id=1603"},"modified":"2019-08-24T11:34:30","modified_gmt":"2019-08-24T09:34:30","slug":"tirsdagsfilmen-030919","status":"publish","type":"page","link":"https:\/\/www.bodofilmklubb.no\/index.php\/tirsdagsfilmen-030919\/","title":{"rendered":"Tirsdagsfilmen 030919"},"content":{"rendered":"<p class=\"MsoNormal\">Paul Thomas Anderson er den store auteuren i amerikansk film. Han slo gjennom med publikums- og kritikersuksesser som <em>Boogie Nights<\/em> og <em>Magnolia<\/em>. Man kan si at hans filmografi med tiden er blitt mer og mer innesluttet og mindre \u00e5penbart publikumsvennlig, men ingen matcher Anderson i ren kontroll over alle aspekter av filmmediet \u2013 fra manus og set-design, til kamera og skuespillerf\u00f8ring.<\/p>\n<p class=\"MsoNormal\">For mange er hans samarbeid med Daniel Day-Lewis i mektige <em>There Will Be Blood<\/em> et h\u00f8ydepunkt.<\/p>\n<p class=\"MsoNormal\">2018 samarbeidet Anderson p\u00e5 nytt med Day-Lewis om filmen vi skal vise i dag. Handlingen er satt til 1950-tallets London, der Day-Lewis spiller en motedesigner med noen tr\u00f8blete karaktertrekk.<\/p>\n<p class=\"MsoNormal\">Daniel Day-Lewis er gjerne omtalt som v\u00e5r tids st\u00f8rste skuespiller og hans evne \u00e5 gli inn i karakterene han spiller er sm\u00e5tt legendarisk. Han har uttalt at denne filmen her skal v\u00e6re hans siste \u2013 og hvis det er sant, s\u00e5 trer han av p\u00e5 h\u00f8yden av sin kunst.<\/p>\n<p class=\"MsoNormal\">Andersons film er en unik blanding av drama og veldig underspilt humor. Den viser ogs\u00e5 en regiss\u00f8r p\u00e5 h\u00f8yden av sin kunst, i full kontroll over alle detaljene. Dette er en film der alle skuespillerne i hovedrollene, ved siden av Day-Lewis er det s\u00e6rlig Vicky Krieps, briljerer og hver detalj fra musikk til kostymedesign sitter perfekt.<\/p>\n<p class=\"MsoNormal\">Mer trenger du egentlig ikke \u00e5 vite, bare det at filmen vi skal vise m\u00e5 ses p\u00e5 et stort lerret. Velkommen til litteratursalen!<\/p>\n<p class=\"MsoNormal\"><a href=\"https:\/\/www.bodofilmklubb.no\/index.php\/2018\/08\/tirsdagsfilmer-h%c3%b8sten-2018\/\">Info om tirsdagsfilmene<\/a>.<\/p>\n","protected":false},"excerpt":{"rendered":"<p>Paul Thomas Anderson er den store auteuren i amerikansk film. Han slo gjennom med publikums- og kritikersuksesser som Boogie Nights og Magnolia. Man kan si at hans filmografi med tiden er blitt mer og mer innesluttet og mindre \u00e5penbart publikumsvennlig, men ingen matcher Anderson i ren kontroll over alle aspekter av filmmediet \u2013 fra manus [&hellip;]<\/p>\n","protected":false},"author":2,"featured_media":0,"parent":0,"menu_order":0,"comment_status":"open","ping_status":"open","template":"","meta":{"footnotes":""},"class_list":["post-1603","page","type-page","status-publish","hentry"],"_links":{"self":[{"href":"https:\/\/www.bodofilmklubb.no\/index.php\/wp-json\/wp\/v2\/pages\/1603","targetHints":{"allow":["GET"]}}],"collection":[{"href":"https:\/\/www.bodofilmklubb.no\/index.php\/wp-json\/wp\/v2\/pages"}],"about":[{"href":"https:\/\/www.bodofilmklubb.no\/index.php\/wp-json\/wp\/v2\/types\/page"}],"author":[{"embeddable":true,"href":"https:\/\/www.bodofilmklubb.no\/index.php\/wp-json\/wp\/v2\/users\/2"}],"replies":[{"embeddable":true,"href":"https:\/\/www.bodofilmklubb.no\/index.php\/wp-json\/wp\/v2\/comments?post=1603"}],"version-history":[{"count":2,"href":"https:\/\/www.bodofilmklubb.no\/index.php\/wp-json\/wp\/v2\/pages\/1603\/revisions"}],"predecessor-version":[{"id":1606,"href":"https:\/\/www.bodofilmklubb.no\/index.php\/wp-json\/wp\/v2\/pages\/1603\/revisions\/1606"}],"wp:attachment":[{"href":"https:\/\/www.bodofilmklubb.no\/index.php\/wp-json\/wp\/v2\/media?parent=1603"}],"curies":[{"name":"wp","href":"https:\/\/api.w.org\/{rel}","templated":true}]}}