{"id":1608,"date":"2019-08-24T12:00:13","date_gmt":"2019-08-24T10:00:13","guid":{"rendered":"http:\/\/www.bodofilmklubb.no\/?page_id=1608"},"modified":"2019-08-24T12:00:13","modified_gmt":"2019-08-24T10:00:13","slug":"tirsdagsfilmen-011019","status":"publish","type":"page","link":"https:\/\/www.bodofilmklubb.no\/index.php\/tirsdagsfilmen-011019\/","title":{"rendered":"Tirsdagsfilmen 011019"},"content":{"rendered":"<p class=\"MsoNormal\">Britiske John Boorman er en aldeles uredd regiss\u00f8r og har med filmen (fra 1972) vi viser i dag laget en av filmhistoriens mest effektive og overbevisende actionfilmer. Men den rommer s\u00e5 mye mer et rent spetakkel.<\/p>\n<p class=\"MsoNormal\">Utgangspunktet er en gjeng av fire ganske forskjellige menn som i lag skal reise ned en elv f\u00f8r den blir temmet\/\u00f8delagt av en demning som er under konstruksjon. Vi befinner oss i Appalachene, i Hillbilly-land, og v\u00e5re storby-menn er merkbart utenfor sin vanlige komfortsone. Men det er en av de fire, spilt av Burt Reynolds, som blomstrer og tar kommandoen. Han lengter etter en mann-mot-naturen-erfaring, mens de andre mer er med for utflukten sin skyld.<\/p>\n<p class=\"MsoNormal\">Det g\u00e5r selvf\u00f8lgelig ikke som planlagt. Det skjer en dramatisk hendelse, str\u00f8mmen i elven er farlig og den lille gruppen blir satt p\u00e5 pr\u00f8ver ingen var forberedt p\u00e5.<\/p>\n<p class=\"MsoNormal\">Med dette som utgangspunkt klarer John Boorman og sin kameramann Vilmos Zsigmond \u00e5 levere en actionfilm som ved siden av ren og skj\u00e6r pusteber\u00f8vede actionsekvenser, filmet s\u00e5 \u00e5 si uten stuntmenn p\u00e5 elven, har mye \u00e5 si om b\u00e5de menn, maskulinitet og menneskes \u00f8deleggelse av naturen. Dette er alts\u00e5 en like topp aktuell film i dag, som den var det i 1972.<\/p>\n<p class=\"MsoNormal\"><a href=\"https:\/\/www.bodofilmklubb.no\/index.php\/2018\/08\/tirsdagsfilmer-h%c3%b8sten-2018\/\">Info om tirsdagsfilmene<\/a>.<\/p>\n","protected":false},"excerpt":{"rendered":"<p>Britiske John Boorman er en aldeles uredd regiss\u00f8r og har med filmen (fra 1972) vi viser i dag laget en av filmhistoriens mest effektive og overbevisende actionfilmer. Men den rommer s\u00e5 mye mer et rent spetakkel. Utgangspunktet er en gjeng av fire ganske forskjellige menn som i lag skal reise ned en elv f\u00f8r den [&hellip;]<\/p>\n","protected":false},"author":2,"featured_media":0,"parent":0,"menu_order":0,"comment_status":"open","ping_status":"open","template":"","meta":{"footnotes":""},"class_list":["post-1608","page","type-page","status-publish","hentry"],"_links":{"self":[{"href":"https:\/\/www.bodofilmklubb.no\/index.php\/wp-json\/wp\/v2\/pages\/1608","targetHints":{"allow":["GET"]}}],"collection":[{"href":"https:\/\/www.bodofilmklubb.no\/index.php\/wp-json\/wp\/v2\/pages"}],"about":[{"href":"https:\/\/www.bodofilmklubb.no\/index.php\/wp-json\/wp\/v2\/types\/page"}],"author":[{"embeddable":true,"href":"https:\/\/www.bodofilmklubb.no\/index.php\/wp-json\/wp\/v2\/users\/2"}],"replies":[{"embeddable":true,"href":"https:\/\/www.bodofilmklubb.no\/index.php\/wp-json\/wp\/v2\/comments?post=1608"}],"version-history":[{"count":1,"href":"https:\/\/www.bodofilmklubb.no\/index.php\/wp-json\/wp\/v2\/pages\/1608\/revisions"}],"predecessor-version":[{"id":1609,"href":"https:\/\/www.bodofilmklubb.no\/index.php\/wp-json\/wp\/v2\/pages\/1608\/revisions\/1609"}],"wp:attachment":[{"href":"https:\/\/www.bodofilmklubb.no\/index.php\/wp-json\/wp\/v2\/media?parent=1608"}],"curies":[{"name":"wp","href":"https:\/\/api.w.org\/{rel}","templated":true}]}}