{"id":1629,"date":"2019-09-21T20:28:17","date_gmt":"2019-09-21T18:28:17","guid":{"rendered":"http:\/\/www.bodofilmklubb.no\/?page_id=1629"},"modified":"2019-09-21T20:28:17","modified_gmt":"2019-09-21T18:28:17","slug":"tirsdagsfilm-191119","status":"publish","type":"page","link":"https:\/\/www.bodofilmklubb.no\/index.php\/tirsdagsfilm-191119\/","title":{"rendered":"Tirsdagsfilm 191119"},"content":{"rendered":"<p class=\"MsoNoSpacing\">Den 19 \u00e5r gamle Andrew Neiman er en jazztrommeslager som studerer ved en musikkh\u00f8yskole i New York. Terence Fletcher, som leder skolens fremste jazzensemble, oppdager Andrew og tar med ham i sitt jazzband. Der f\u00e5r Andrew hard motm\u00e6le av Fletcher, som stadig forn\u00e6rmer og h\u00e5ner ham hver gang han ikke oppn\u00e5r Fletchers forventninger. Andrew gj\u00f8r det slutt med kj\u00e6resten sin, og gj\u00f8r alt for \u00e5 imponere den strenge l\u00e6reren sin.<\/p>\n<p class=\"MsoNoSpacing\">\n<p class=\"MsoNormal\">Denne amerikansk dramafilmen fra 2014, er skrevet og regissert av Damien Chazelle. Skuespilleren Miles Teller spiller en ung jazztrommeslager med navn Andrew Neiman som studerer ved en av USAs beste musikkskoler, under ledelse av skolens fryktinngytende jazzmaestro Terence Fletcher, spilt av J. K. Simmons. Andre skuespillere er Paul Reiser, Melissa Benoist, Austin Stowell, Jayson Blair og Kavita Patil. Filmen hadde premiere p\u00e5 Sundance Film Festival 16. januar 2014.<\/p>\n<p class=\"MsoNormal\">Filmen har blitt nominert til fem priser under den 87. Oscar-utdelingen, deriblant for beste film, beste mannlige birolle (Simmons) og beste filmatisering. Kritikken til filmen var sv\u00e6rt positiv, og filmen er sett p\u00e5 som en av de beste filmene utgitt i 2014.<\/p>\n<p class=\"MsoNormal\">I samarbeid med Stormen Bibliotek og Bod\u00f8 Filmklubb<\/p>\n<p>Info om <a href=\"https:\/\/www.bodofilmklubb.no\/index.php\/2018\/08\/tirsdagsfilmer-h%c3%b8sten-2018\/\">tirsdagsfilmene<\/a><\/p>\n","protected":false},"excerpt":{"rendered":"<p>Den 19 \u00e5r gamle Andrew Neiman er en jazztrommeslager som studerer ved en musikkh\u00f8yskole i New York. Terence Fletcher, som leder skolens fremste jazzensemble, oppdager Andrew og tar med ham i sitt jazzband. Der f\u00e5r Andrew hard motm\u00e6le av Fletcher, som stadig forn\u00e6rmer og h\u00e5ner ham hver gang han ikke oppn\u00e5r Fletchers forventninger. Andrew gj\u00f8r [&hellip;]<\/p>\n","protected":false},"author":2,"featured_media":0,"parent":0,"menu_order":0,"comment_status":"open","ping_status":"open","template":"","meta":{"footnotes":""},"class_list":["post-1629","page","type-page","status-publish","hentry"],"_links":{"self":[{"href":"https:\/\/www.bodofilmklubb.no\/index.php\/wp-json\/wp\/v2\/pages\/1629","targetHints":{"allow":["GET"]}}],"collection":[{"href":"https:\/\/www.bodofilmklubb.no\/index.php\/wp-json\/wp\/v2\/pages"}],"about":[{"href":"https:\/\/www.bodofilmklubb.no\/index.php\/wp-json\/wp\/v2\/types\/page"}],"author":[{"embeddable":true,"href":"https:\/\/www.bodofilmklubb.no\/index.php\/wp-json\/wp\/v2\/users\/2"}],"replies":[{"embeddable":true,"href":"https:\/\/www.bodofilmklubb.no\/index.php\/wp-json\/wp\/v2\/comments?post=1629"}],"version-history":[{"count":1,"href":"https:\/\/www.bodofilmklubb.no\/index.php\/wp-json\/wp\/v2\/pages\/1629\/revisions"}],"predecessor-version":[{"id":1630,"href":"https:\/\/www.bodofilmklubb.no\/index.php\/wp-json\/wp\/v2\/pages\/1629\/revisions\/1630"}],"wp:attachment":[{"href":"https:\/\/www.bodofilmklubb.no\/index.php\/wp-json\/wp\/v2\/media?parent=1629"}],"curies":[{"name":"wp","href":"https:\/\/api.w.org\/{rel}","templated":true}]}}