{"id":1661,"date":"2020-01-01T14:05:59","date_gmt":"2020-01-01T12:05:59","guid":{"rendered":"http:\/\/www.bodofilmklubb.no\/?page_id=1661"},"modified":"2020-01-01T14:06:41","modified_gmt":"2020-01-01T12:06:41","slug":"tirsdagsfilm-070120","status":"publish","type":"page","link":"https:\/\/www.bodofilmklubb.no\/index.php\/tirsdagsfilm-070120\/","title":{"rendered":"Tirsdagsfilm 070120"},"content":{"rendered":"<p class=\"MsoNormal\"><span class=\"comescenicpreform\">Australske Peter Weir (<em>The Truman Show<\/em>) star bak denne filmen fra 1975, filmet ved Hanging Rock i Australia, som er et av de vakreste og mest myteomspunnede verk i filmhistorien. Er historien basert p\u00e5 virkelige hendelser i den australske bushen? Hva skjedde virkelig denne dagen? B\u00e5de regiss\u00f8ren og forfatteren av boken filmen er basert p\u00e5 holder dette bevisst i uvisshet. <\/span><\/p>\n<p class=\"MsoNormal\"><span class=\"comescenicpreform\">Det er valentinsdagen i 1900. En gruppe jenter og l\u00e6rere fra en pikeskole ute i Australia drar p\u00e5 utflukt. M\u00e5let er fjellet Hanging Rock, en aboriginsk helligdom. Det er varmt, og stemningen er d\u00f8sig. Fire av jentene drar av sted og klatrer i fjellet, en l\u00e6rerinne f\u00f8lger etter. To av jentene vil aldri komme tilbake igjen. <\/span><\/p>\n<p class=\"MsoNormal\"><span class=\"comescenicpreform\">Weir skaper en n\u00e6rmest hypnotisk stemning med bilde- og musikkbruk. Mysteriet i filmen kryper under huden din og vil dvele ved deg, lenge etter at filmen er slutt.<\/span><\/p>\n<p class=\"MsoNormal\">Info om <a href=\"https:\/\/www.bodofilmklubb.no\/index.php\/2018\/08\/tirsdagsfilmer-h%c3%b8sten-2018\/\">tirsdagsfilmene<\/a>.<\/p>\n","protected":false},"excerpt":{"rendered":"<p>Australske Peter Weir (The Truman Show) star bak denne filmen fra 1975, filmet ved Hanging Rock i Australia, som er et av de vakreste og mest myteomspunnede verk i filmhistorien. Er historien basert p\u00e5 virkelige hendelser i den australske bushen? Hva skjedde virkelig denne dagen? B\u00e5de regiss\u00f8ren og forfatteren av boken filmen er basert p\u00e5 [&hellip;]<\/p>\n","protected":false},"author":2,"featured_media":0,"parent":0,"menu_order":0,"comment_status":"open","ping_status":"open","template":"","meta":{"footnotes":""},"class_list":["post-1661","page","type-page","status-publish","hentry"],"_links":{"self":[{"href":"https:\/\/www.bodofilmklubb.no\/index.php\/wp-json\/wp\/v2\/pages\/1661","targetHints":{"allow":["GET"]}}],"collection":[{"href":"https:\/\/www.bodofilmklubb.no\/index.php\/wp-json\/wp\/v2\/pages"}],"about":[{"href":"https:\/\/www.bodofilmklubb.no\/index.php\/wp-json\/wp\/v2\/types\/page"}],"author":[{"embeddable":true,"href":"https:\/\/www.bodofilmklubb.no\/index.php\/wp-json\/wp\/v2\/users\/2"}],"replies":[{"embeddable":true,"href":"https:\/\/www.bodofilmklubb.no\/index.php\/wp-json\/wp\/v2\/comments?post=1661"}],"version-history":[{"count":2,"href":"https:\/\/www.bodofilmklubb.no\/index.php\/wp-json\/wp\/v2\/pages\/1661\/revisions"}],"predecessor-version":[{"id":1663,"href":"https:\/\/www.bodofilmklubb.no\/index.php\/wp-json\/wp\/v2\/pages\/1661\/revisions\/1663"}],"wp:attachment":[{"href":"https:\/\/www.bodofilmklubb.no\/index.php\/wp-json\/wp\/v2\/media?parent=1661"}],"curies":[{"name":"wp","href":"https:\/\/api.w.org\/{rel}","templated":true}]}}