{"id":1679,"date":"2020-01-19T15:58:24","date_gmt":"2020-01-19T13:58:24","guid":{"rendered":"http:\/\/www.bodofilmklubb.no\/?page_id=1679"},"modified":"2020-01-19T15:58:24","modified_gmt":"2020-01-19T13:58:24","slug":"high-life","status":"publish","type":"page","link":"https:\/\/www.bodofilmklubb.no\/index.php\/high-life\/","title":{"rendered":"High Life"},"content":{"rendered":"<p class=\"MsoNormal\">USA \/ Frankrike, 2018<\/p>\n<p class=\"MsoNormal\">Regi: Claire Denis<\/p>\n<p class=\"MsoNormal\">Skuespillere: Robert Pattinson, Juliette Binoche, Andr\u00e9 Benjamin, Mia Goth<\/p>\n<p class=\"MsoNormal\">Tale Engelsk \u2013 uten tekster\/med svenske tekster<\/p>\n<p class=\"MsoNormal\">Spilletid 1t 53m<\/p>\n<p class=\"MsoNormal\">\n<p class=\"MsoNormal\"><strong>Claire Denis fikk endelig laget sitt mange\u00e5rige dr\u00f8mmeprosjekt<\/strong><\/p>\n<p class=\"MsoNormal\">\n<p class=\"MsoNormal\">Vi kan v\u00e6re s\u00e5 \u00e6rlige at vi i filmklubben har noen favoritt-filmskapere. Claire Denis er en av dem. Filmer som \u00abBeau Travail\u00bb og \u00abWhite Material\u00bb har brent seg inn i v\u00e5r film-bevissthet.<\/p>\n<p class=\"MsoNormal\">At Denis omsider fikk laget den science fiction filmen hun lenge hadde planlagt \u00e5 filme, er derfor noe vi gleder oss over.<\/p>\n<p class=\"MsoNormal\">\n<p class=\"MsoNormal\">Filmet med engelsk tale og med kjente navn som Robert Pattinson og Juliette Binoche i hovedrollene er dette et nytt kapittel i Denis\u2019 verk.<\/p>\n<p class=\"MsoNormal\">\n<p class=\"MsoNormal\">Til historien holder det \u00e5 si at vi befinner oss om bord av et romskip, fylt med fanger og minst \u00e9n dubi\u00f8s vitenskapskvinne. Fangene skal utf\u00f8re en farlig misjon mot et svart hull for \u00e5 finne en ny energikilde til menneskeheten. Vitenskapskvinnen om bord holder samtidig p\u00e5 med et veldig spesielt prosjekt rundt kunstig befruktning.<\/p>\n<p class=\"MsoNormal\">\n<p class=\"MsoNormal\">Dette er selvf\u00f8lgelig ikke en standard science fiction film. Som vi forventer av en filmskaper av Denis\u2019 kaliber er dette en h\u00f8yst individuell og original vri p\u00e5 sjangeren \u2013 som til syende og sist bare er et middel for \u00e5 utforske menneskets natur.<\/p>\n<p class=\"MsoNormal\">\n<p class=\"MsoNormal\"><a href=\"https:\/\/www.youtube.com\/watch?v=AtOwfo1ypOw\">Trailer<\/a><\/p>\n<p class=\"MsoNormal\">\n","protected":false},"excerpt":{"rendered":"<p>USA \/ Frankrike, 2018 Regi: Claire Denis Skuespillere: Robert Pattinson, Juliette Binoche, Andr\u00e9 Benjamin, Mia Goth Tale Engelsk \u2013 uten tekster\/med svenske tekster Spilletid 1t 53m Claire Denis fikk endelig laget sitt mange\u00e5rige dr\u00f8mmeprosjekt Vi kan v\u00e6re s\u00e5 \u00e6rlige at vi i filmklubben har noen favoritt-filmskapere. Claire Denis er en av dem. Filmer som \u00abBeau [&hellip;]<\/p>\n","protected":false},"author":2,"featured_media":0,"parent":0,"menu_order":0,"comment_status":"open","ping_status":"open","template":"","meta":{"footnotes":""},"class_list":["post-1679","page","type-page","status-publish","hentry"],"_links":{"self":[{"href":"https:\/\/www.bodofilmklubb.no\/index.php\/wp-json\/wp\/v2\/pages\/1679","targetHints":{"allow":["GET"]}}],"collection":[{"href":"https:\/\/www.bodofilmklubb.no\/index.php\/wp-json\/wp\/v2\/pages"}],"about":[{"href":"https:\/\/www.bodofilmklubb.no\/index.php\/wp-json\/wp\/v2\/types\/page"}],"author":[{"embeddable":true,"href":"https:\/\/www.bodofilmklubb.no\/index.php\/wp-json\/wp\/v2\/users\/2"}],"replies":[{"embeddable":true,"href":"https:\/\/www.bodofilmklubb.no\/index.php\/wp-json\/wp\/v2\/comments?post=1679"}],"version-history":[{"count":2,"href":"https:\/\/www.bodofilmklubb.no\/index.php\/wp-json\/wp\/v2\/pages\/1679\/revisions"}],"predecessor-version":[{"id":1681,"href":"https:\/\/www.bodofilmklubb.no\/index.php\/wp-json\/wp\/v2\/pages\/1679\/revisions\/1681"}],"wp:attachment":[{"href":"https:\/\/www.bodofilmklubb.no\/index.php\/wp-json\/wp\/v2\/media?parent=1679"}],"curies":[{"name":"wp","href":"https:\/\/api.w.org\/{rel}","templated":true}]}}