{"id":1689,"date":"2020-01-19T16:25:57","date_gmt":"2020-01-19T14:25:57","guid":{"rendered":"http:\/\/www.bodofilmklubb.no\/?page_id=1689"},"modified":"2020-02-13T18:47:34","modified_gmt":"2020-02-13T16:47:34","slug":"thelma-og-louise","status":"publish","type":"page","link":"https:\/\/www.bodofilmklubb.no\/index.php\/thelma-og-louise\/","title":{"rendered":"Thelma og Louise"},"content":{"rendered":"<p class=\"MsoNormal\">Regi: Ridley Scott, USA 1991<br \/>\nMed: Susan Sarandon, Geena Davis, Brad Pitt, Michael Madsen.<br \/>\n129 min<br \/>\nEngelsk tale \u2013 utekstet<\/p>\n<p class=\"MsoNormal\">\n<p class=\"MsoNormal\"><strong>Samarbeidsvisning med Nord universitet &#8211; NB: Oppstart kl. 15:00<\/strong><\/p>\n<p class=\"MsoNormal\">Louise jobber i en fastfood-restaurant og Thelma er husmor. Begge er misforn\u00f8yd med sine kj\u00e6rlighetsforhold, og en dag er det nok. De stikker av i en 66-modell Thunderbird og nyter det frie livet. Men ting g\u00e5r fryktelig galt. Thelma blir nesten voldtatt, og Louise dreper overgriperen. De m\u00e5 flykte til Mexico, og snart er de p\u00e5 r\u00f8mmen med politiet hakk i h\u00e6l.<\/p>\n<p class=\"MsoNormal\">Denne humoristiske og gripende roadmovien er snart 30 \u00e5r, men den virker stadig like fresh og aktuell. Regiss\u00f8r Ridley Scott (Blade Runner, Alien) lar uforglemmelige Susan Sarandon og Geena Davis innta plassen bak rattet, mens mannemennene Michael Madsen og Brad Pitt blir forvist til baksetet.<\/p>\n<div><strong>Introduction by Dr. Jessica Allen Hanssen, Nord University<\/strong><\/div>\n<div><strong>Jessica Allen Hanssen is an American literature specialist, and will say a few words before the screening to celebrate the film and to contextualize it within American literary and cultural history.<\/strong><\/div>\n<p class=\"MsoNormal\"><a href=\"https:\/\/www.youtube.com\/watch?v=2iBFmKlO4BY\">Trailer<\/a><\/p>\n<p class=\"MsoNormal\">\n","protected":false},"excerpt":{"rendered":"<p>Regi: Ridley Scott, USA 1991 Med: Susan Sarandon, Geena Davis, Brad Pitt, Michael Madsen. 129 min Engelsk tale \u2013 utekstet Samarbeidsvisning med Nord universitet &#8211; NB: Oppstart kl. 15:00 Louise jobber i en fastfood-restaurant og Thelma er husmor. Begge er misforn\u00f8yd med sine kj\u00e6rlighetsforhold, og en dag er det nok. De stikker av i en [&hellip;]<\/p>\n","protected":false},"author":2,"featured_media":0,"parent":0,"menu_order":0,"comment_status":"open","ping_status":"open","template":"","meta":{"footnotes":""},"class_list":["post-1689","page","type-page","status-publish","hentry"],"_links":{"self":[{"href":"https:\/\/www.bodofilmklubb.no\/index.php\/wp-json\/wp\/v2\/pages\/1689","targetHints":{"allow":["GET"]}}],"collection":[{"href":"https:\/\/www.bodofilmklubb.no\/index.php\/wp-json\/wp\/v2\/pages"}],"about":[{"href":"https:\/\/www.bodofilmklubb.no\/index.php\/wp-json\/wp\/v2\/types\/page"}],"author":[{"embeddable":true,"href":"https:\/\/www.bodofilmklubb.no\/index.php\/wp-json\/wp\/v2\/users\/2"}],"replies":[{"embeddable":true,"href":"https:\/\/www.bodofilmklubb.no\/index.php\/wp-json\/wp\/v2\/comments?post=1689"}],"version-history":[{"count":5,"href":"https:\/\/www.bodofilmklubb.no\/index.php\/wp-json\/wp\/v2\/pages\/1689\/revisions"}],"predecessor-version":[{"id":1692,"href":"https:\/\/www.bodofilmklubb.no\/index.php\/wp-json\/wp\/v2\/pages\/1689\/revisions\/1692"}],"wp:attachment":[{"href":"https:\/\/www.bodofilmklubb.no\/index.php\/wp-json\/wp\/v2\/media?parent=1689"}],"curies":[{"name":"wp","href":"https:\/\/api.w.org\/{rel}","templated":true}]}}