{"id":1708,"date":"2020-01-29T16:21:33","date_gmt":"2020-01-29T14:21:33","guid":{"rendered":"http:\/\/www.bodofilmklubb.no\/?page_id=1708"},"modified":"2020-01-29T16:21:33","modified_gmt":"2020-01-29T14:21:33","slug":"tirsdagsfilm-040220","status":"publish","type":"page","link":"https:\/\/www.bodofilmklubb.no\/index.php\/tirsdagsfilm-040220\/","title":{"rendered":"Tirsdagsfilm 040220"},"content":{"rendered":"<p class=\"MsoNormal\"><span class=\"comescenicpreform\">Rolf De Heer er regiss\u00f8ren av denne australske svarte komedien fra 1993. Hovedpersonen Bubby er en moderne Kaspar Hauser-skikkelse. 35 \u00e5r gammel holdes han isolert fra omverden av sin mildt sagt forstyrret mor. I den ene delen av filmen f\u00f8lger vi Bubbys hverdag i kjelleren, som for ham er hele universet. S\u00e5 skjer det noe som gj\u00f8r at Bubby m\u00e5 klare seg ute i virkeligheten. Og her blir v\u00e5r film til en svart komedie du ikke har sett maken til.<\/span><\/p>\n<p class=\"MsoNormal\"><span class=\"comescenicpreform\">Dette er en av v\u00e5re favorittfilmer, rett og slett. Den ble blant annet valgt til tidenes publikumsfavoritt fra Troms\u00f8 internasjonale filmfestival!<\/span><\/p>\n","protected":false},"excerpt":{"rendered":"<p>Rolf De Heer er regiss\u00f8ren av denne australske svarte komedien fra 1993. Hovedpersonen Bubby er en moderne Kaspar Hauser-skikkelse. 35 \u00e5r gammel holdes han isolert fra omverden av sin mildt sagt forstyrret mor. I den ene delen av filmen f\u00f8lger vi Bubbys hverdag i kjelleren, som for ham er hele universet. S\u00e5 skjer det noe [&hellip;]<\/p>\n","protected":false},"author":2,"featured_media":0,"parent":0,"menu_order":0,"comment_status":"open","ping_status":"open","template":"","meta":{"footnotes":""},"class_list":["post-1708","page","type-page","status-publish","hentry"],"_links":{"self":[{"href":"https:\/\/www.bodofilmklubb.no\/index.php\/wp-json\/wp\/v2\/pages\/1708","targetHints":{"allow":["GET"]}}],"collection":[{"href":"https:\/\/www.bodofilmklubb.no\/index.php\/wp-json\/wp\/v2\/pages"}],"about":[{"href":"https:\/\/www.bodofilmklubb.no\/index.php\/wp-json\/wp\/v2\/types\/page"}],"author":[{"embeddable":true,"href":"https:\/\/www.bodofilmklubb.no\/index.php\/wp-json\/wp\/v2\/users\/2"}],"replies":[{"embeddable":true,"href":"https:\/\/www.bodofilmklubb.no\/index.php\/wp-json\/wp\/v2\/comments?post=1708"}],"version-history":[{"count":1,"href":"https:\/\/www.bodofilmklubb.no\/index.php\/wp-json\/wp\/v2\/pages\/1708\/revisions"}],"predecessor-version":[{"id":1709,"href":"https:\/\/www.bodofilmklubb.no\/index.php\/wp-json\/wp\/v2\/pages\/1708\/revisions\/1709"}],"wp:attachment":[{"href":"https:\/\/www.bodofilmklubb.no\/index.php\/wp-json\/wp\/v2\/media?parent=1708"}],"curies":[{"name":"wp","href":"https:\/\/api.w.org\/{rel}","templated":true}]}}