{"id":1720,"date":"2020-02-26T20:56:08","date_gmt":"2020-02-26T18:56:08","guid":{"rendered":"http:\/\/www.bodofilmklubb.no\/?page_id=1720"},"modified":"2020-02-26T20:58:57","modified_gmt":"2020-02-26T18:58:57","slug":"tirsdagsfilm-030320","status":"publish","type":"page","link":"https:\/\/www.bodofilmklubb.no\/index.php\/tirsdagsfilm-030320\/","title":{"rendered":"Tirsdagsfilm 030320"},"content":{"rendered":"<p class=\"MsoNormal\">Britiske Nicolas Roeg har i 1971 regien i en av de viktigste og mest innflytelsesrike australske filmene. En av hovedrollene er ved David Gulpilil, et av de f\u00f8rste tilfellene der en aboriginsk skuespiller har en pregende rolle i en australsk film.<\/p>\n<p class=\"MsoNormal\"><span class=\"comescenicpreform\"> Roegs bakgrunn som filmfotograf og hans store talent som klipper s\u00f8rger for en unik vakker og poetisk film \u2013 som makter \u00e5 samtidig v\u00e6re h\u00f8yst realistisk i skildringen av den australske <em>outbacken<\/em>. Historien kretser rundt en hvit ten\u00e5ringsjente og hennes lillebror som strander i bushen. Redningen kommer i person av en ung aboriginer som er p\u00e5 sin <em>walkabout<\/em>, den tradisjonelle overgangsriten unge ten\u00e5ringsgutter skal g\u00e5 gjennom, som krever at han p\u00e5 egenh\u00e5nd skal klare seg i naturen. <\/span><\/p>\n<p class=\"MsoNormal\"><span class=\"comescenicpreform\">Roegs film har mye \u00e5 si om kulturforskjeller, vestlig sivilisasjon kontra livet i bushen og ikke minst om kommunikasjon. Dette er en viktig film ikke bare i australsk filmhistorie. En film som i mange \u00e5r har v\u00e6rt n\u00e6rmest mulig \u00e5 f\u00e5tt vist p\u00e5 grunn av rettighetsproblemer. Del av <\/span><span>v\u00e5r temarekke om australsk film.<\/span><\/p>\n<p class=\"MsoNormal\"><a href=\"https:\/\/www.bodofilmklubb.no\/index.php\/2018\/08\/tirsdagsfilmer-h%c3%b8sten-2018\/\">Info om tirsdagsfilmene<\/a>.<\/p>\n","protected":false},"excerpt":{"rendered":"<p>Britiske Nicolas Roeg har i 1971 regien i en av de viktigste og mest innflytelsesrike australske filmene. En av hovedrollene er ved David Gulpilil, et av de f\u00f8rste tilfellene der en aboriginsk skuespiller har en pregende rolle i en australsk film. Roegs bakgrunn som filmfotograf og hans store talent som klipper s\u00f8rger for en unik [&hellip;]<\/p>\n","protected":false},"author":2,"featured_media":0,"parent":0,"menu_order":0,"comment_status":"open","ping_status":"open","template":"","meta":{"footnotes":""},"class_list":["post-1720","page","type-page","status-publish","hentry"],"_links":{"self":[{"href":"https:\/\/www.bodofilmklubb.no\/index.php\/wp-json\/wp\/v2\/pages\/1720","targetHints":{"allow":["GET"]}}],"collection":[{"href":"https:\/\/www.bodofilmklubb.no\/index.php\/wp-json\/wp\/v2\/pages"}],"about":[{"href":"https:\/\/www.bodofilmklubb.no\/index.php\/wp-json\/wp\/v2\/types\/page"}],"author":[{"embeddable":true,"href":"https:\/\/www.bodofilmklubb.no\/index.php\/wp-json\/wp\/v2\/users\/2"}],"replies":[{"embeddable":true,"href":"https:\/\/www.bodofilmklubb.no\/index.php\/wp-json\/wp\/v2\/comments?post=1720"}],"version-history":[{"count":2,"href":"https:\/\/www.bodofilmklubb.no\/index.php\/wp-json\/wp\/v2\/pages\/1720\/revisions"}],"predecessor-version":[{"id":1723,"href":"https:\/\/www.bodofilmklubb.no\/index.php\/wp-json\/wp\/v2\/pages\/1720\/revisions\/1723"}],"wp:attachment":[{"href":"https:\/\/www.bodofilmklubb.no\/index.php\/wp-json\/wp\/v2\/media?parent=1720"}],"curies":[{"name":"wp","href":"https:\/\/api.w.org\/{rel}","templated":true}]}}