{"id":1725,"date":"2020-03-11T19:26:20","date_gmt":"2020-03-11T17:26:20","guid":{"rendered":"http:\/\/www.bodofilmklubb.no\/?page_id=1725"},"modified":"2020-03-11T19:26:20","modified_gmt":"2020-03-11T17:26:20","slug":"arsm%c3%b8te-2020","status":"publish","type":"page","link":"https:\/\/www.bodofilmklubb.no\/index.php\/arsm%c3%b8te-2020\/","title":{"rendered":"\u00c5rsm\u00f8te 2020"},"content":{"rendered":"<p>Etter visningen av Jim Jarmuschs <em>The Dead Don&#8217;t Die <\/em>inviterer filmklubbstyret til \u00e5rsm\u00f8te. Etter filmen er slutt, ca. 17:30 p\u00e5 En Kopp.<\/p>\n","protected":false},"excerpt":{"rendered":"<p>Etter visningen av Jim Jarmuschs The Dead Don&#8217;t Die inviterer filmklubbstyret til \u00e5rsm\u00f8te. Etter filmen er slutt, ca. 17:30 p\u00e5 En Kopp.<\/p>\n","protected":false},"author":2,"featured_media":0,"parent":0,"menu_order":0,"comment_status":"open","ping_status":"open","template":"","meta":{"footnotes":""},"class_list":["post-1725","page","type-page","status-publish","hentry"],"_links":{"self":[{"href":"https:\/\/www.bodofilmklubb.no\/index.php\/wp-json\/wp\/v2\/pages\/1725","targetHints":{"allow":["GET"]}}],"collection":[{"href":"https:\/\/www.bodofilmklubb.no\/index.php\/wp-json\/wp\/v2\/pages"}],"about":[{"href":"https:\/\/www.bodofilmklubb.no\/index.php\/wp-json\/wp\/v2\/types\/page"}],"author":[{"embeddable":true,"href":"https:\/\/www.bodofilmklubb.no\/index.php\/wp-json\/wp\/v2\/users\/2"}],"replies":[{"embeddable":true,"href":"https:\/\/www.bodofilmklubb.no\/index.php\/wp-json\/wp\/v2\/comments?post=1725"}],"version-history":[{"count":1,"href":"https:\/\/www.bodofilmklubb.no\/index.php\/wp-json\/wp\/v2\/pages\/1725\/revisions"}],"predecessor-version":[{"id":1726,"href":"https:\/\/www.bodofilmklubb.no\/index.php\/wp-json\/wp\/v2\/pages\/1725\/revisions\/1726"}],"wp:attachment":[{"href":"https:\/\/www.bodofilmklubb.no\/index.php\/wp-json\/wp\/v2\/media?parent=1725"}],"curies":[{"name":"wp","href":"https:\/\/api.w.org\/{rel}","templated":true}]}}