{"id":1742,"date":"2020-08-27T20:39:53","date_gmt":"2020-08-27T18:39:53","guid":{"rendered":"http:\/\/www.bodofilmklubb.no\/?page_id=1742"},"modified":"2020-08-27T20:39:53","modified_gmt":"2020-08-27T18:39:53","slug":"tirsdagfilm-010920","status":"publish","type":"page","link":"https:\/\/www.bodofilmklubb.no\/index.php\/tirsdagfilm-010920\/","title":{"rendered":"Tirsdagfilm 010920"},"content":{"rendered":"<p class=\"MsoNormal\">Jim Jarmusch er stormesteren i amerikansk uavhengig film. Han har levert klassikere som <em>Down By Law<\/em> og <em>Night on Earth<\/em>. At han er glad i sjangerfilm har han bevist med filmer som <em>Only Lovers Left Alive<\/em> og <em>Ghost Dog<\/em>, der han leverte henholdsvis sv\u00e6rt originale vampyr- og mafiafilmer. Det m\u00e5tte nesten bli en skrekkfilm ogs\u00e5. Jarmusch samlet alts\u00e5 et stjernegalleri uten sidestykker \u2013 i hovedrollene har du Bill Murray, Adam Driver, Steve Buscemi, Tilda Swinton, Tom Waits og Selena Gomez \u2013 og hadde det g\u00f8y med zombier. Resultatet er en t\u00f8rrvittig zombiefilm som veksler mellom humor og alvor. Bill Murray leverer t\u00f8rrvittige replikker som vi forventer det av ham. Det f\u00f8les merkelig passende med zombiefilm midt i en pandemi. S\u00e5 vask hendene og m\u00f8tt opp til filmvisning i biblioteket!<\/p>\n<p>NB: Vi vil jo n\u00f8dig banne i kirken eller jinxe visningen, men dette er  alts\u00e5 v\u00e5rt tredje fors\u00f8k til \u00e5 vise dere denne filmen. F\u00f8ste gang ble  det brannalarm p\u00e5 Fram kino rett f\u00f8r siste akt i filmen. Andre gangen  ble spolert fordi kinoen m\u00e5tte stenge pga av pandemien. Vi vet ikke hva  som skjer tirsdag 1. september, men vi lover at vi st\u00e5r klar med filmen.  Med mindre zombieapokalypsen utbryter <em>virkelig<\/em>.<\/p>\n","protected":false},"excerpt":{"rendered":"<p>Jim Jarmusch er stormesteren i amerikansk uavhengig film. Han har levert klassikere som Down By Law og Night on Earth. At han er glad i sjangerfilm har han bevist med filmer som Only Lovers Left Alive og Ghost Dog, der han leverte henholdsvis sv\u00e6rt originale vampyr- og mafiafilmer. Det m\u00e5tte nesten bli en skrekkfilm ogs\u00e5. [&hellip;]<\/p>\n","protected":false},"author":2,"featured_media":0,"parent":0,"menu_order":0,"comment_status":"open","ping_status":"closed","template":"","meta":{"footnotes":""},"class_list":["post-1742","page","type-page","status-publish","hentry"],"_links":{"self":[{"href":"https:\/\/www.bodofilmklubb.no\/index.php\/wp-json\/wp\/v2\/pages\/1742","targetHints":{"allow":["GET"]}}],"collection":[{"href":"https:\/\/www.bodofilmklubb.no\/index.php\/wp-json\/wp\/v2\/pages"}],"about":[{"href":"https:\/\/www.bodofilmklubb.no\/index.php\/wp-json\/wp\/v2\/types\/page"}],"author":[{"embeddable":true,"href":"https:\/\/www.bodofilmklubb.no\/index.php\/wp-json\/wp\/v2\/users\/2"}],"replies":[{"embeddable":true,"href":"https:\/\/www.bodofilmklubb.no\/index.php\/wp-json\/wp\/v2\/comments?post=1742"}],"version-history":[{"count":1,"href":"https:\/\/www.bodofilmklubb.no\/index.php\/wp-json\/wp\/v2\/pages\/1742\/revisions"}],"predecessor-version":[{"id":1743,"href":"https:\/\/www.bodofilmklubb.no\/index.php\/wp-json\/wp\/v2\/pages\/1742\/revisions\/1743"}],"wp:attachment":[{"href":"https:\/\/www.bodofilmklubb.no\/index.php\/wp-json\/wp\/v2\/media?parent=1742"}],"curies":[{"name":"wp","href":"https:\/\/api.w.org\/{rel}","templated":true}]}}