{"id":1759,"date":"2020-09-19T16:42:52","date_gmt":"2020-09-19T14:42:52","guid":{"rendered":"http:\/\/www.bodofilmklubb.no\/?page_id=1759"},"modified":"2020-09-19T16:46:34","modified_gmt":"2020-09-19T14:46:34","slug":"tirsdagsfilm-061020","status":"publish","type":"page","link":"https:\/\/www.bodofilmklubb.no\/index.php\/tirsdagsfilm-061020\/","title":{"rendered":"Tirsdagsfilm 061020"},"content":{"rendered":"<p class=\"MsoNormal\">Hollywood-legende Jon Huston l\u00f8ftet 1979 (72 \u00e5r gammel!) den amerikanske kult-forfatteren Flannery O\u2019Connor\u2019s f\u00f8rste roman p\u00e5 lerretet. P\u00e5 tampen av et ti\u00e5r som mange regner som amerikansk film sitt siste store h\u00f8ydepunkt. Hustons film er i dag en skjult skatt, som fortjener din oppmerksomhet.<\/p>\n<p class=\"MsoNormal\">Brad Dourif spiller Hazel Motes som returnerer til S\u00f8rstatene etter krigstjeneste. Der tar han p\u00e5 seg rollen som predikant og \u00e5pner <em>Kirken uten Jesus<\/em>. Dette er eksentrisk og burlesk filmkunst fullspekket med fantastiske skuespillere.<\/p>\n<p class=\"MsoNormal\">Visningen skjer i samarbeid med Nord universitet.<\/p>\n<p class=\"MsoNormal\"><span lang=\"EN-GB\"><strong>Introduction by Dr. Jessica Allen Hanssen, Nord University<\/strong><\/span><\/p>\n<p class=\"MsoNormal\"><span lang=\"EN-GB\">Jessica Allen Hanssen is an American literature specialist and will say a few words before the screening about the cultural context for both the film and the Flannery O&#8217;Connor novel it is based on.<\/span><\/p>\n","protected":false},"excerpt":{"rendered":"<p>Hollywood-legende Jon Huston l\u00f8ftet 1979 (72 \u00e5r gammel!) den amerikanske kult-forfatteren Flannery O\u2019Connor\u2019s f\u00f8rste roman p\u00e5 lerretet. P\u00e5 tampen av et ti\u00e5r som mange regner som amerikansk film sitt siste store h\u00f8ydepunkt. Hustons film er i dag en skjult skatt, som fortjener din oppmerksomhet. Brad Dourif spiller Hazel Motes som returnerer til S\u00f8rstatene etter krigstjeneste. [&hellip;]<\/p>\n","protected":false},"author":2,"featured_media":0,"parent":0,"menu_order":0,"comment_status":"open","ping_status":"closed","template":"","meta":{"footnotes":""},"class_list":["post-1759","page","type-page","status-publish","hentry"],"_links":{"self":[{"href":"https:\/\/www.bodofilmklubb.no\/index.php\/wp-json\/wp\/v2\/pages\/1759","targetHints":{"allow":["GET"]}}],"collection":[{"href":"https:\/\/www.bodofilmklubb.no\/index.php\/wp-json\/wp\/v2\/pages"}],"about":[{"href":"https:\/\/www.bodofilmklubb.no\/index.php\/wp-json\/wp\/v2\/types\/page"}],"author":[{"embeddable":true,"href":"https:\/\/www.bodofilmklubb.no\/index.php\/wp-json\/wp\/v2\/users\/2"}],"replies":[{"embeddable":true,"href":"https:\/\/www.bodofilmklubb.no\/index.php\/wp-json\/wp\/v2\/comments?post=1759"}],"version-history":[{"count":2,"href":"https:\/\/www.bodofilmklubb.no\/index.php\/wp-json\/wp\/v2\/pages\/1759\/revisions"}],"predecessor-version":[{"id":1762,"href":"https:\/\/www.bodofilmklubb.no\/index.php\/wp-json\/wp\/v2\/pages\/1759\/revisions\/1762"}],"wp:attachment":[{"href":"https:\/\/www.bodofilmklubb.no\/index.php\/wp-json\/wp\/v2\/media?parent=1759"}],"curies":[{"name":"wp","href":"https:\/\/api.w.org\/{rel}","templated":true}]}}