{"id":1771,"date":"2020-11-11T22:01:31","date_gmt":"2020-11-11T20:01:31","guid":{"rendered":"http:\/\/www.bodofilmklubb.no\/?page_id=1771"},"modified":"2020-11-11T22:02:33","modified_gmt":"2020-11-11T20:02:33","slug":"tirsdagsfilm-171120","status":"publish","type":"page","link":"https:\/\/www.bodofilmklubb.no\/index.php\/tirsdagsfilm-171120\/","title":{"rendered":"Tirsdagsfilm 171120"},"content":{"rendered":"<p class=\"MsoNormal\">P\u00e5 tide med litt <em>comfort food<\/em> fra Bod\u00f8 filmklubb! Denne filmen fra 2001 satte regiss\u00f8r Wes Andersons ettertrykkelig p\u00e5 kartet som et av de st\u00f8rste regitalentene for 2000-tallet.<\/p>\n<p class=\"MsoNormal\">Sjeldent har en film om en dysfunksjonell familie v\u00e6rt s\u00e5 hjertevarm og morsom. Samtidig trer Wes Andersons talent for ensemble-film tydelig frem. I rollene m\u00f8ter du Gene Hackman, Anjelica Huston, Ben Stiller, Gwyneth Paltrow, Luke Wilson, Owen Wilson, Danny Glover og Bill Murray.<\/p>\n<p class=\"MsoNormal\">Royal Tenenbaum og hans kone Etheline fikk tre talentfulle barn sammen og s\u00e5 skilte de seg. Barna gjorde braksuksess p\u00e5 hver sin kant, innen eiendom, teater og tennis p\u00e5 h\u00f8yt niv\u00e5. Deretter fulgte nesten to ti\u00e5r med katastrofer, svik og bedrag som visket ut de fleste minner av Tenenbaum-s\u00f8skenenes briljante barndom.<\/p>\n<p class=\"MsoNormal\">Filmen en hysterisk morsom, r\u00f8rende og fabelaktig stilisert studie i melankoli og forl\u00f8sning.<\/p>\n","protected":false},"excerpt":{"rendered":"<p>P\u00e5 tide med litt comfort food fra Bod\u00f8 filmklubb! Denne filmen fra 2001 satte regiss\u00f8r Wes Andersons ettertrykkelig p\u00e5 kartet som et av de st\u00f8rste regitalentene for 2000-tallet. Sjeldent har en film om en dysfunksjonell familie v\u00e6rt s\u00e5 hjertevarm og morsom. Samtidig trer Wes Andersons talent for ensemble-film tydelig frem. I rollene m\u00f8ter du Gene [&hellip;]<\/p>\n","protected":false},"author":2,"featured_media":0,"parent":0,"menu_order":0,"comment_status":"open","ping_status":"closed","template":"","meta":{"footnotes":""},"class_list":["post-1771","page","type-page","status-publish","hentry"],"_links":{"self":[{"href":"https:\/\/www.bodofilmklubb.no\/index.php\/wp-json\/wp\/v2\/pages\/1771","targetHints":{"allow":["GET"]}}],"collection":[{"href":"https:\/\/www.bodofilmklubb.no\/index.php\/wp-json\/wp\/v2\/pages"}],"about":[{"href":"https:\/\/www.bodofilmklubb.no\/index.php\/wp-json\/wp\/v2\/types\/page"}],"author":[{"embeddable":true,"href":"https:\/\/www.bodofilmklubb.no\/index.php\/wp-json\/wp\/v2\/users\/2"}],"replies":[{"embeddable":true,"href":"https:\/\/www.bodofilmklubb.no\/index.php\/wp-json\/wp\/v2\/comments?post=1771"}],"version-history":[{"count":3,"href":"https:\/\/www.bodofilmklubb.no\/index.php\/wp-json\/wp\/v2\/pages\/1771\/revisions"}],"predecessor-version":[{"id":1774,"href":"https:\/\/www.bodofilmklubb.no\/index.php\/wp-json\/wp\/v2\/pages\/1771\/revisions\/1774"}],"wp:attachment":[{"href":"https:\/\/www.bodofilmklubb.no\/index.php\/wp-json\/wp\/v2\/media?parent=1771"}],"curies":[{"name":"wp","href":"https:\/\/api.w.org\/{rel}","templated":true}]}}