{"id":1778,"date":"2020-12-10T12:25:04","date_gmt":"2020-12-10T10:25:04","guid":{"rendered":"http:\/\/www.bodofilmklubb.no\/?page_id=1778"},"modified":"2020-12-10T12:26:14","modified_gmt":"2020-12-10T10:26:14","slug":"cinema-russland","status":"publish","type":"page","link":"https:\/\/www.bodofilmklubb.no\/index.php\/cinema-russland\/","title":{"rendered":"Cinema Russland"},"content":{"rendered":"<p>Samarbeid mellom Barents Press og Bod\u00f8 filmklubb: Russisk filmhelg 11. &#8211; 13. desember &#8211; Gratis i Stormen bibliotek. Mer info om filmene p\u00e5 <a href=\"https:\/\/m.facebook.com\/events\/437321953948726\">Facebook<\/a>.<\/p>\n<p class=\"MsoNormal\"><strong>Fredag 11. desember:<\/strong><\/p>\n<p class=\"MsoNormal\">15.00-16.50: \u00ab<em><strong>Something better to come<\/strong><\/em>\u00bb av Hanna Polak<\/p>\n<p class=\"MsoNormal\">Sterk og vakker dokumentar om \u00e5 vokse opp og leve p\u00e5 en s\u00f8ppelplass utenfor Moskva.<\/p>\n<p class=\"MsoNormal\">Samtale med Polaks medhjelper, Ewa Laxa i etterkant av visningen<\/p>\n<p class=\"MsoNormal\">\n<p class=\"MsoNormal\">\n<p class=\"MsoNormal\"><strong>L\u00f8rdag 12. desember<\/strong>:<\/p>\n<p class=\"MsoNormal\">10.00-11.50: \u00ab<em><strong>Tilbake<\/strong><\/em>\u00bb av Andrei Zvjagintsev<\/p>\n<p class=\"MsoNormal\">Prisbel\u00f8nnet drama og debutfilm fra kanskje Russlands viktigste n\u00e5levende filmkunstner.<\/p>\n<p class=\"MsoNormal\">\n<p class=\"MsoNormal\">12.00-13.00: Kaffe, enkelt bevertning og samtale med russere bosatt i Bod\u00f8 om Russland f\u00f8r og n\u00e5.<\/p>\n<p class=\"MsoNormal\">\n<p class=\"MsoNormal\">13.00-15.10: \u00ab<strong><em>Savnet<\/em><\/strong>\u00bb av Andrei Zvjagintsev<\/p>\n<p class=\"MsoNormal\">Gjennom et glassklart og vondt skrik av et familiedrama, tegnes et goldt bilde av Putins Russland.<\/p>\n<p class=\"MsoNormal\">\n<p class=\"MsoNormal\">\n<p class=\"MsoNormal\"><strong>S\u00f8ndag 13. desember:<\/strong><\/p>\n<p class=\"MsoNormal\">12.00-14.35: \u00ab<em><strong>Brent av solen<\/strong><\/em>\u00bb av Nikita Mikhalkov<\/p>\n<p class=\"MsoNormal\">Russisk-fransk dramafilm om revolusjonshelten Oberst Kotov og hans familie ved inngangen til stalintiden.<\/p>\n","protected":false},"excerpt":{"rendered":"<p>Samarbeid mellom Barents Press og Bod\u00f8 filmklubb: Russisk filmhelg 11. &#8211; 13. desember &#8211; Gratis i Stormen bibliotek. Mer info om filmene p\u00e5 Facebook. Fredag 11. desember: 15.00-16.50: \u00abSomething better to come\u00bb av Hanna Polak Sterk og vakker dokumentar om \u00e5 vokse opp og leve p\u00e5 en s\u00f8ppelplass utenfor Moskva. Samtale med Polaks medhjelper, Ewa [&hellip;]<\/p>\n","protected":false},"author":2,"featured_media":0,"parent":0,"menu_order":0,"comment_status":"open","ping_status":"closed","template":"","meta":{"footnotes":""},"class_list":["post-1778","page","type-page","status-publish","hentry"],"_links":{"self":[{"href":"https:\/\/www.bodofilmklubb.no\/index.php\/wp-json\/wp\/v2\/pages\/1778","targetHints":{"allow":["GET"]}}],"collection":[{"href":"https:\/\/www.bodofilmklubb.no\/index.php\/wp-json\/wp\/v2\/pages"}],"about":[{"href":"https:\/\/www.bodofilmklubb.no\/index.php\/wp-json\/wp\/v2\/types\/page"}],"author":[{"embeddable":true,"href":"https:\/\/www.bodofilmklubb.no\/index.php\/wp-json\/wp\/v2\/users\/2"}],"replies":[{"embeddable":true,"href":"https:\/\/www.bodofilmklubb.no\/index.php\/wp-json\/wp\/v2\/comments?post=1778"}],"version-history":[{"count":3,"href":"https:\/\/www.bodofilmklubb.no\/index.php\/wp-json\/wp\/v2\/pages\/1778\/revisions"}],"predecessor-version":[{"id":1781,"href":"https:\/\/www.bodofilmklubb.no\/index.php\/wp-json\/wp\/v2\/pages\/1778\/revisions\/1781"}],"wp:attachment":[{"href":"https:\/\/www.bodofilmklubb.no\/index.php\/wp-json\/wp\/v2\/media?parent=1778"}],"curies":[{"name":"wp","href":"https:\/\/api.w.org\/{rel}","templated":true}]}}