{"id":1785,"date":"2020-12-30T19:54:34","date_gmt":"2020-12-30T17:54:34","guid":{"rendered":"http:\/\/www.bodofilmklubb.no\/?page_id=1785"},"modified":"2021-04-18T13:00:41","modified_gmt":"2021-04-18T11:00:41","slug":"tirsdagsfilmen-050121","status":"publish","type":"page","link":"https:\/\/www.bodofilmklubb.no\/index.php\/tirsdagsfilmen-050121\/","title":{"rendered":"Tirsdagsfilmen 050121"},"content":{"rendered":"<p class=\"MsoNormal\">S\u00f8r-koreansk film er ikke bare Bong Joon-hos <em>Parasitt<\/em> og h\u00f8yoktan action film. Kim Ki-duk er en filmskaper fra S\u00f8r-Korea som har satt sitt preg p\u00e5 nyere filmhistorie. Han d\u00f8de i desember av Covid, bare 59 \u00e5r gammel. Kim Ki-duk st\u00e5r bak en film som f\u00e5 andre kunstverk egner seg til \u00e5 reflektere over tiden vi lever i.<\/p>\n<p><span>I denne n\u00e6rmest overjordisk vakre filmer f\u00f8lger vi to munker, en ung og en gammel, i arbeid, lek og l\u00e6ring. De bor i et \u00f8rlite flytende kloster, og gjennom \u00e5rstidenes (og \u00e5renes) gang f\u00e5r ogs\u00e5 publikum en opplevelse av livets enorme verdi, tilv\u00e6relsens skj\u00f8nnhet og menneskets dumhet og ikke minst visdom.<\/span><\/p>\n<p><span>Filmen er delt inn i fem kapitler, med navn etter den \u00e5rstiden da handlingen finner sted. Den f\u00f8rste v\u00e5ren er den ene munken bare barnet, og vi f\u00f8lger ham i arbeid og lek. Han er flittig og l\u00e6rvillig, men filmen er ikke s\u00e5 naiv at den later som om mennesket ikke har onde sider. P\u00e5 den andre siden har vi ikke bare onde sider heller. Feil vi kan gj\u00f8re skyldes ofte manglende omtanke eller manglende visdom, men det er mulig for oss \u00e5 l\u00e6re ogs\u00e5.<\/span><\/p>\n<p><span>I filmens sommerseksjon har den unge munken blitt en pliktoppfyllende ung mann, men han m\u00e5 enda l\u00e6re om fristelsens natur. Han blir eldre, og l\u00e6rer om fristelse, forsakelse, og ikke minst ansvar. N\u00e5r filmen n\u00e5r den andre v\u00e5ren, er den unge munken selv en voksen munk som har en ung munk \u00e5 ta seg av og undervise.<\/span><\/p>\n<p><span>Det var handlingen. Men som i s\u00e5 mange andre filmer, er ikke et handlingsreferat p\u00e5 langt n\u00e6r nok til \u00e5 gi et inntrykk av det vi f\u00e5r se n\u00e5r m\u00f8rket senker seg i kinosalen. I denne filmen f\u00e5r vi for eksempel se blendende vakre bilder av et fjellandskap i skiftende \u00e5rstider. Mer enn det, f\u00e5r vi se et forbl\u00f8ffende komplett spekter av menneskelige f\u00f8lelser. Her er alt med, og alt er ekte og riktig. Det er slett ikke verst p\u00e5 sirka hundre minutter, men Kim Ki-Duk f\u00e5r det til ved \u00e5 konsentrere materien. Filmens tempo er ogs\u00e5 godt tilrettelagt for ettertanke, og denne ettertanken sitter igjen lenge etter at filmen er over.<\/span><\/p>\n<p>NB:\u00a0Grunnet nasjonale retningslinjer, er arrangementet forbeholdt publikum bosatt i Bod\u00f8 kommune.<\/p>\n","protected":false},"excerpt":{"rendered":"<p>S\u00f8r-koreansk film er ikke bare Bong Joon-hos Parasitt og h\u00f8yoktan action film. Kim Ki-duk er en filmskaper fra S\u00f8r-Korea som har satt sitt preg p\u00e5 nyere filmhistorie. Han d\u00f8de i desember av Covid, bare 59 \u00e5r gammel. Kim Ki-duk st\u00e5r bak en film som f\u00e5 andre kunstverk egner seg til \u00e5 reflektere over tiden vi [&hellip;]<\/p>\n","protected":false},"author":2,"featured_media":0,"parent":0,"menu_order":0,"comment_status":"open","ping_status":"closed","template":"","meta":{"footnotes":""},"class_list":["post-1785","page","type-page","status-publish","hentry"],"_links":{"self":[{"href":"https:\/\/www.bodofilmklubb.no\/index.php\/wp-json\/wp\/v2\/pages\/1785","targetHints":{"allow":["GET"]}}],"collection":[{"href":"https:\/\/www.bodofilmklubb.no\/index.php\/wp-json\/wp\/v2\/pages"}],"about":[{"href":"https:\/\/www.bodofilmklubb.no\/index.php\/wp-json\/wp\/v2\/types\/page"}],"author":[{"embeddable":true,"href":"https:\/\/www.bodofilmklubb.no\/index.php\/wp-json\/wp\/v2\/users\/2"}],"replies":[{"embeddable":true,"href":"https:\/\/www.bodofilmklubb.no\/index.php\/wp-json\/wp\/v2\/comments?post=1785"}],"version-history":[{"count":2,"href":"https:\/\/www.bodofilmklubb.no\/index.php\/wp-json\/wp\/v2\/pages\/1785\/revisions"}],"predecessor-version":[{"id":1821,"href":"https:\/\/www.bodofilmklubb.no\/index.php\/wp-json\/wp\/v2\/pages\/1785\/revisions\/1821"}],"wp:attachment":[{"href":"https:\/\/www.bodofilmklubb.no\/index.php\/wp-json\/wp\/v2\/media?parent=1785"}],"curies":[{"name":"wp","href":"https:\/\/api.w.org\/{rel}","templated":true}]}}