{"id":1832,"date":"2021-07-12T16:36:46","date_gmt":"2021-07-12T14:36:46","guid":{"rendered":"http:\/\/www.bodofilmklubb.no\/?page_id=1832"},"modified":"2021-09-23T18:57:02","modified_gmt":"2021-09-23T16:57:02","slug":"h%c3%b8sten-2021","status":"publish","type":"page","link":"https:\/\/www.bodofilmklubb.no\/index.php\/h%c3%b8sten-2021\/","title":{"rendered":"H\u00f8sten 2021"},"content":{"rendered":"<p>Bod\u00f8 filmklubb planlegger for oppstart av h\u00f8stprogrammet 25. september. Hvis alt blir som vi h\u00e5per vil vi v\u00e6re tilbake med ukentlige visninger p\u00e5 Fram kino.<\/p>\n<p>Det er mye spennende \u00e5 se frem til! Vi vil samarbeide med en ny dokumentarfilmfestival i Oslo, <em><a href=\"https:\/\/www.mirage.no\/programme\">Mirage<\/a><\/em>. Dere kan ogs\u00e5 se frem til en ny utgave av <a href=\"https:\/\/www.bodofilmfestival.no\/\">Bod\u00f8 filmfestival<\/a> i oktober.<\/p>\n<p>Etter s\u00e5 lang tid uten et ordentlig filmklubbprogram har vi bestemt oss for \u00e5 legge opp til en klassisk <em>filmklubb<\/em>-h\u00f8st. Det vil si at det blir et program best\u00e5ende av mange kjente og mindre kjente klassikere. Mange av dem for f\u00f8rste gang i nyrestaurerte digitale kopier. Her m\u00e5 vi rette en stor takk til <em>det digitale cinemateket<\/em> som tilbyr oss muligheten til \u00e5 vise dette kinogullet.<\/p>\n<p>Finn frem de mest intellektuelle brillene du har og ta p\u00e5 deg en fin m\u00f8rk genser: I h\u00f8st blir det ordentlig filmklubb igjen \ud83d\ude42<\/p>\n","protected":false},"excerpt":{"rendered":"<p>Bod\u00f8 filmklubb planlegger for oppstart av h\u00f8stprogrammet 25. september. Hvis alt blir som vi h\u00e5per vil vi v\u00e6re tilbake med ukentlige visninger p\u00e5 Fram kino. Det er mye spennende \u00e5 se frem til! Vi vil samarbeide med en ny dokumentarfilmfestival i Oslo, Mirage. Dere kan ogs\u00e5 se frem til en ny utgave av Bod\u00f8 filmfestival [&hellip;]<\/p>\n","protected":false},"author":2,"featured_media":0,"parent":0,"menu_order":0,"comment_status":"open","ping_status":"closed","template":"","meta":{"footnotes":""},"class_list":["post-1832","page","type-page","status-publish","hentry"],"_links":{"self":[{"href":"https:\/\/www.bodofilmklubb.no\/index.php\/wp-json\/wp\/v2\/pages\/1832","targetHints":{"allow":["GET"]}}],"collection":[{"href":"https:\/\/www.bodofilmklubb.no\/index.php\/wp-json\/wp\/v2\/pages"}],"about":[{"href":"https:\/\/www.bodofilmklubb.no\/index.php\/wp-json\/wp\/v2\/types\/page"}],"author":[{"embeddable":true,"href":"https:\/\/www.bodofilmklubb.no\/index.php\/wp-json\/wp\/v2\/users\/2"}],"replies":[{"embeddable":true,"href":"https:\/\/www.bodofilmklubb.no\/index.php\/wp-json\/wp\/v2\/comments?post=1832"}],"version-history":[{"count":4,"href":"https:\/\/www.bodofilmklubb.no\/index.php\/wp-json\/wp\/v2\/pages\/1832\/revisions"}],"predecessor-version":[{"id":1860,"href":"https:\/\/www.bodofilmklubb.no\/index.php\/wp-json\/wp\/v2\/pages\/1832\/revisions\/1860"}],"wp:attachment":[{"href":"https:\/\/www.bodofilmklubb.no\/index.php\/wp-json\/wp\/v2\/media?parent=1832"}],"curies":[{"name":"wp","href":"https:\/\/api.w.org\/{rel}","templated":true}]}}