{"id":1850,"date":"2021-09-11T14:24:13","date_gmt":"2021-09-11T12:24:13","guid":{"rendered":"http:\/\/www.bodofilmklubb.no\/?page_id=1850"},"modified":"2021-09-11T14:24:13","modified_gmt":"2021-09-11T12:24:13","slug":"il-mio-corpo","status":"publish","type":"page","link":"https:\/\/www.bodofilmklubb.no\/index.php\/il-mio-corpo\/","title":{"rendered":"Il Mio Corpo"},"content":{"rendered":"<p class=\"MsoNormal\"><span><strong>Il Mio Corpo<\/strong><\/span><\/p>\n<p class=\"MsoNormal\">Italia 2021<\/p>\n<p class=\"MsoNormal\">Regi: Michele Pennetta<\/p>\n<p class=\"MsoNormal\">Lengde: 81 min<\/p>\n<p class=\"MsoNormal\">Langs Sicilias solfylte kyst m\u00f8ter vi utenforskapets skj\u00f8nnhet og r\u00e5skap gjennom menneskelige relasjoner, familie og tilfeldighetenes mystikk. Vi f\u00f8lger to forskjellige personer som begge dr\u00f8mmer om et annet liv.<\/p>\n<p class=\"MsoNormal\">\n<p class=\"MsoNormal\">Vakker og aktuell dokumentar som utforsker grenselandet mellom fiksjon og virkelighet.<\/p>\n<p class=\"MsoNormal\">\n<p>I samarbeid med <a href=\"https:\/\/www.mirage.no\/programme\">Mirage festivalen<\/a> i Oslo.<\/p>\n<p><a href=\"https:\/\/www.youtube.com\/watch?v=R9XGEhrUNXM\">Trailer<\/a>.<\/p>\n","protected":false},"excerpt":{"rendered":"<p>Il Mio Corpo Italia 2021 Regi: Michele Pennetta Lengde: 81 min Langs Sicilias solfylte kyst m\u00f8ter vi utenforskapets skj\u00f8nnhet og r\u00e5skap gjennom menneskelige relasjoner, familie og tilfeldighetenes mystikk. Vi f\u00f8lger to forskjellige personer som begge dr\u00f8mmer om et annet liv. Vakker og aktuell dokumentar som utforsker grenselandet mellom fiksjon og virkelighet. I samarbeid med Mirage [&hellip;]<\/p>\n","protected":false},"author":2,"featured_media":0,"parent":0,"menu_order":0,"comment_status":"open","ping_status":"closed","template":"","meta":{"footnotes":""},"class_list":["post-1850","page","type-page","status-publish","hentry"],"_links":{"self":[{"href":"https:\/\/www.bodofilmklubb.no\/index.php\/wp-json\/wp\/v2\/pages\/1850","targetHints":{"allow":["GET"]}}],"collection":[{"href":"https:\/\/www.bodofilmklubb.no\/index.php\/wp-json\/wp\/v2\/pages"}],"about":[{"href":"https:\/\/www.bodofilmklubb.no\/index.php\/wp-json\/wp\/v2\/types\/page"}],"author":[{"embeddable":true,"href":"https:\/\/www.bodofilmklubb.no\/index.php\/wp-json\/wp\/v2\/users\/2"}],"replies":[{"embeddable":true,"href":"https:\/\/www.bodofilmklubb.no\/index.php\/wp-json\/wp\/v2\/comments?post=1850"}],"version-history":[{"count":1,"href":"https:\/\/www.bodofilmklubb.no\/index.php\/wp-json\/wp\/v2\/pages\/1850\/revisions"}],"predecessor-version":[{"id":1851,"href":"https:\/\/www.bodofilmklubb.no\/index.php\/wp-json\/wp\/v2\/pages\/1850\/revisions\/1851"}],"wp:attachment":[{"href":"https:\/\/www.bodofilmklubb.no\/index.php\/wp-json\/wp\/v2\/media?parent=1850"}],"curies":[{"name":"wp","href":"https:\/\/api.w.org\/{rel}","templated":true}]}}