{"id":1862,"date":"2021-09-11T15:09:10","date_gmt":"2021-09-11T13:09:10","guid":{"rendered":"http:\/\/www.bodofilmklubb.no\/?page_id=1862"},"modified":"2021-09-11T15:13:13","modified_gmt":"2021-09-11T13:13:13","slug":"tirsdagsfilmen-051021","status":"publish","type":"page","link":"https:\/\/www.bodofilmklubb.no\/index.php\/tirsdagsfilmen-051021\/","title":{"rendered":"Tirsdagsfilmen 051021"},"content":{"rendered":"<p>Chlo\u00e9 Zhao og hovedrolleinnehaver Francis McDormand ble \u00e5rets store Oscar-vinnere med denne filmen basert p\u00e5 boken Nomadland: Surviving America.<\/p>\n<p>En lavm\u00e6lt og dypt r\u00f8rende film om mennesker som faller mellom sprekkene i det amerikanske samfunnet, om menneskelige arbeidshester som det ikke er bruk for lenger. Frances McDormand gj\u00f8r sitt livs rolle som den godt voksne kvinnen Fern, som har mistet b\u00e5de jobben og ektemannen, og som derfor er tvunget til \u00e5 bryte opp fra det livet hun levde. Hun plasserer eiendelene sine i et minilager, og legger ut p\u00e5 veien i en gammel van som er innredet som bobil. P\u00e5 veien m\u00f8ter hun andre mennesker som er i samme situasjon, bobilnomader som reiser fra sted til sted og lever h\u00e5nd-til-munn i et samfunn som ikke har plass til dem lenger.<\/p>\n<p>Dagens film er f\u00f8rst og fremst et nydelig fortalt og finstemt drama om mennesker i en eksistensiell randsone. Filmen f\u00f8les autentisk som en dokumentarfilm, og mange av de medvirkende er amat\u00f8rer som i stor grad spiller seg selv. Men det er ogs\u00e5 en ramsalt og bitter kritikk av et samfunn i oppl\u00f8sning, hvor mennesker er drevet p\u00e5 flukt i kj\u00f8lvannet av finanskrise og kapitalistiske strukturer som har endret arbeidsmarkedet og lagt sm\u00e5byer som Empire, Nevada \u00f8de. I Empire var det ikke noe igjen da hj\u00f8rnesteinsbedriften ble lagt ned, s\u00e5 de fleste reiste, og byen ble til og med fratatt postnummeret sitt. Fern er en av de siste som drar fra det d\u00f8dsd\u00f8mte stedet. Hun f\u00e5r jobb som sesongarbeider i varehuset til Amazon, men n\u00e5r jula er over, er det ikke mer arbeid til henne der, s\u00e5 hun m\u00e5 dra videre.<\/p>\n<p>Regissert og klippet er filmen med en usedvanlig fintf\u00f8lende h\u00e5nd av den kinesiskf\u00f8dte regiss\u00f8ren Chlo\u00e9 Zhao, som ogs\u00e5 tidligere har vist oss vid\u00e5pne amerikanske landskap i de prisbel\u00f8nte filmene Songs My Brother Taught Me og <a href=\"https:\/\/www.cinemateket.no\/filmer\/the-rider\">The Rider<\/a> (l\u00f8rdagsfilmen 2. oktober).<\/p>\n<p><a href=\"https:\/\/www.bodofilmklubb.no\/index.php\/2018\/08\/tirsdagsfilmer-h%c3%b8sten-2018\/\">Info om tirsdagsfilmene<\/a><\/p>\n","protected":false},"excerpt":{"rendered":"<p>Chlo\u00e9 Zhao og hovedrolleinnehaver Francis McDormand ble \u00e5rets store Oscar-vinnere med denne filmen basert p\u00e5 boken Nomadland: Surviving America. En lavm\u00e6lt og dypt r\u00f8rende film om mennesker som faller mellom sprekkene i det amerikanske samfunnet, om menneskelige arbeidshester som det ikke er bruk for lenger. Frances McDormand gj\u00f8r sitt livs rolle som den godt voksne [&hellip;]<\/p>\n","protected":false},"author":2,"featured_media":0,"parent":0,"menu_order":0,"comment_status":"open","ping_status":"closed","template":"","meta":{"footnotes":""},"class_list":["post-1862","page","type-page","status-publish","hentry"],"_links":{"self":[{"href":"https:\/\/www.bodofilmklubb.no\/index.php\/wp-json\/wp\/v2\/pages\/1862","targetHints":{"allow":["GET"]}}],"collection":[{"href":"https:\/\/www.bodofilmklubb.no\/index.php\/wp-json\/wp\/v2\/pages"}],"about":[{"href":"https:\/\/www.bodofilmklubb.no\/index.php\/wp-json\/wp\/v2\/types\/page"}],"author":[{"embeddable":true,"href":"https:\/\/www.bodofilmklubb.no\/index.php\/wp-json\/wp\/v2\/users\/2"}],"replies":[{"embeddable":true,"href":"https:\/\/www.bodofilmklubb.no\/index.php\/wp-json\/wp\/v2\/comments?post=1862"}],"version-history":[{"count":4,"href":"https:\/\/www.bodofilmklubb.no\/index.php\/wp-json\/wp\/v2\/pages\/1862\/revisions"}],"predecessor-version":[{"id":1867,"href":"https:\/\/www.bodofilmklubb.no\/index.php\/wp-json\/wp\/v2\/pages\/1862\/revisions\/1867"}],"wp:attachment":[{"href":"https:\/\/www.bodofilmklubb.no\/index.php\/wp-json\/wp\/v2\/media?parent=1862"}],"curies":[{"name":"wp","href":"https:\/\/api.w.org\/{rel}","templated":true}]}}