{"id":1879,"date":"2021-10-08T16:05:05","date_gmt":"2021-10-08T14:05:05","guid":{"rendered":"http:\/\/www.bodofilmklubb.no\/?page_id=1879"},"modified":"2021-10-08T16:05:05","modified_gmt":"2021-10-08T14:05:05","slug":"strangers-on-a-train","status":"publish","type":"page","link":"https:\/\/www.bodofilmklubb.no\/index.php\/strangers-on-a-train\/","title":{"rendered":"Strangers on a Train"},"content":{"rendered":"<p class=\"MsoNormal\">Spilletid<span> <\/span>1t 41m (101 minutter)<br \/>\nProdusert\u00a0\u00a0\u00a0\u00a0\u00a0\u00a0 USA 1951<br \/>\nRegi\u00a0\u00a0\u00a0\u00a0 \u00a0\u00a0\u00a0\u00a0\u00a0\u00a0\u00a0\u00a0\u00a0\u00a0Alfred Hitchcock<\/p>\n<p class=\"MsoNormal\">\n<p class=\"MsoNormal\">Medvirkende:<br \/>\nFarley Granger, Ruth Roman, Robert Walker, Leo G. Carroll, Patricia Hitchcock<\/p>\n<p class=\"MsoNormal\">Tale\u00a0\u00a0\u00a0\u00a0 Engelsk<\/p>\n<p class=\"MsoNormal\">\n<p class=\"MsoNormal\">\n<p class=\"MsoNormal\"><strong>En underholdende og ondskapsfull film fra \u00abthe master of suspense\u00bb.<\/strong><\/p>\n<p class=\"MsoNormal\">\n<p class=\"MsoNormal\">Hva foreg\u00e5r i hodet p\u00e5 en tennisspiller under en kamp? For Guy Haines er det \u00e5 vite at han forventes \u00e5 drepe faren til en mann som p\u00e5 sin side har bevist at han er kapabel til drap. Hvordan havnet han i denne situasjonen? \u00c5penbart ved hjelp av Hitchcocks sans for diabolske plot, men ogs\u00e5 Patricia Highsmiths roman og det fortreffelige manuset av Raymond Chandler. Som i Alfred Hitchcocks beste filmer er premisset absurd, men akkurat innenfor troverdighetens grenser. Hitchcock vever sammen et nett av terror som sakte kveler stakkars Guy Haines.<\/p>\n<p class=\"MsoNormal\">Strangers on a Train er en uhyre effektivt fortalt film. Til tross for at et grotesk moralsk dilemma legger premisset for historien, er det en letthet og en formidlerglede her som gj\u00f8r det hele b\u00e5de bisart og spennende, komisk og uhyggelig. Det er ingen andre enn Hitchcock som lager filmer slik, og i bunn ligger hans grundighet og sans for alle aspekter ved filmh\u00e5ndverket.<\/p>\n<p class=\"MsoNormal\">\n<p class=\"MsoNormal\"><strong>Visningen er i samarbeid med Nord Universitet.<\/strong><\/p>\n<p class=\"MsoNormal\"><span><strong>Introduksjon ved Dr. Jessica Allen Hanssen.<\/strong><\/span><\/p>\n<p class=\"MsoNormal\"><a href=\"https:\/\/www.youtube.com\/watch?v=YojNaEJf_1k\">original trailer<\/a><\/p>\n","protected":false},"excerpt":{"rendered":"<p>Spilletid 1t 41m (101 minutter) Produsert\u00a0\u00a0\u00a0\u00a0\u00a0\u00a0 USA 1951 Regi\u00a0\u00a0\u00a0\u00a0 \u00a0\u00a0\u00a0\u00a0\u00a0\u00a0\u00a0\u00a0\u00a0\u00a0Alfred Hitchcock Medvirkende: Farley Granger, Ruth Roman, Robert Walker, Leo G. Carroll, Patricia Hitchcock Tale\u00a0\u00a0\u00a0\u00a0 Engelsk En underholdende og ondskapsfull film fra \u00abthe master of suspense\u00bb. Hva foreg\u00e5r i hodet p\u00e5 en tennisspiller under en kamp? For Guy Haines er det \u00e5 vite at han forventes [&hellip;]<\/p>\n","protected":false},"author":2,"featured_media":0,"parent":0,"menu_order":0,"comment_status":"open","ping_status":"closed","template":"","meta":{"footnotes":""},"class_list":["post-1879","page","type-page","status-publish","hentry"],"_links":{"self":[{"href":"https:\/\/www.bodofilmklubb.no\/index.php\/wp-json\/wp\/v2\/pages\/1879","targetHints":{"allow":["GET"]}}],"collection":[{"href":"https:\/\/www.bodofilmklubb.no\/index.php\/wp-json\/wp\/v2\/pages"}],"about":[{"href":"https:\/\/www.bodofilmklubb.no\/index.php\/wp-json\/wp\/v2\/types\/page"}],"author":[{"embeddable":true,"href":"https:\/\/www.bodofilmklubb.no\/index.php\/wp-json\/wp\/v2\/users\/2"}],"replies":[{"embeddable":true,"href":"https:\/\/www.bodofilmklubb.no\/index.php\/wp-json\/wp\/v2\/comments?post=1879"}],"version-history":[{"count":2,"href":"https:\/\/www.bodofilmklubb.no\/index.php\/wp-json\/wp\/v2\/pages\/1879\/revisions"}],"predecessor-version":[{"id":1881,"href":"https:\/\/www.bodofilmklubb.no\/index.php\/wp-json\/wp\/v2\/pages\/1879\/revisions\/1881"}],"wp:attachment":[{"href":"https:\/\/www.bodofilmklubb.no\/index.php\/wp-json\/wp\/v2\/media?parent=1879"}],"curies":[{"name":"wp","href":"https:\/\/api.w.org\/{rel}","templated":true}]}}